{"id":2480,"date":"2025-04-18T03:28:34","date_gmt":"2025-04-18T01:28:34","guid":{"rendered":"https:\/\/www.regionalis.shop\/ricardart\/product\/lebensblume-traumfaenger-indian-dreams\/"},"modified":"2025-04-18T03:28:34","modified_gmt":"2025-04-18T01:28:34","slug":"lebensblume-traumfaenger-indian-dreams","status":"publish","type":"product","link":"https:\/\/www.regionalis.shop\/ricardart\/shop\/lebensblume-traumfaenger-indian-dreams\/","title":{"rendered":"Lebensblume Traumf\u00e4nger &#8218;Indian dreams&#8216;"},"content":{"rendered":"<p>Ein einzigartiges &#038; harmonisierendes Wohnaccessoire, von Hand gefertigt aus reinen Naturmaterialien (Holz  Baumwolle, Federn)<br \/>\nOb im Schlafzimmer, um b\u00f6se Tr\u00e4ume zu fangen, oder als harmonisierende Wand\/H\u00e4ngedeko im Wohnbereich- ein energetischer Highlight f\u00fcr jeden Ort deiner Wahl \u2661<br \/>\nDer Reifen (22cm), die Lebensblume (15cm) und die Perlen sind aus Holz, umkn\u00fcpft mit 100%iger Biobaumwolle und best\u00fcckt mit 3 wundersch\u00f6nen Federn.<br \/>\nMit viel Liebe zum Detail \u2661\u2661\u2661<br \/>\nGesamtl\u00e4nge ca. 65cm<\/p>\n","protected":false},"excerpt":{"rendered":"<p>Ein einzigartiges &#038; harmonisierendes Wohnaccessoire, von Hand gefertigt aus reinen Naturmaterialien (Holz Baumwolle, Federn) Ob im Schlafzimmer, um b\u00f6se Tr\u00e4ume zu fangen, oder als harmonisierende Wand\/H\u00e4ngedeko im Wohnbereich- ein energetischer Highlight f\u00fcr jeden Ort deiner Wahl \u2661 Der Reifen (22cm), die Lebensblume (15cm) und die Perlen sind aus Holz, umkn\u00fcpft mit 100%iger Biobaumwolle und best\u00fcckt &hellip; <a href=\"https:\/\/www.regionalis.shop\/ricardart\/shop\/lebensblume-traumfaenger-indian-dreams\/\">Continued<\/a><\/p>\n","protected":false},"featured_media":2481,"template":"","meta":{"_acf_changed":false},"product_brand":[],"product_cat":[174,103],"product_tag":[],"class_list":{"0":"post-2480","1":"product","2":"type-product","3":"status-publish","4":"has-post-thumbnail","6":"product_cat-wohndekoration","7":"product_cat-wohnen-deko","9":"first","10":"instock","11":"purchasable","12":"product-type-simple"},"acf":[],"_links":{"self":[{"href":"https:\/\/www.regionalis.shop\/ricardart\/wp-json\/wp\/v2\/product\/2480","targetHints":{"allow":["GET"]}}],"collection":[{"href":"https:\/\/www.regionalis.shop\/ricardart\/wp-json\/wp\/v2\/product"}],"about":[{"href":"https:\/\/www.regionalis.shop\/ricardart\/wp-json\/wp\/v2\/types\/product"}],"wp:featuredmedia":[{"embeddable":true,"href":"https:\/\/www.regionalis.shop\/ricardart\/wp-json\/wp\/v2\/media\/2481"}],"wp:attachment":[{"href":"https:\/\/www.regionalis.shop\/ricardart\/wp-json\/wp\/v2\/media?parent=2480"}],"wp:term":[{"taxonomy":"product_brand","embeddable":true,"href":"https:\/\/www.regionalis.shop\/ricardart\/wp-json\/wp\/v2\/product_brand?post=2480"},{"taxonomy":"product_cat","embeddable":true,"href":"https:\/\/www.regionalis.shop\/ricardart\/wp-json\/wp\/v2\/product_cat?post=2480"},{"taxonomy":"product_tag","embeddable":true,"href":"https:\/\/www.regionalis.shop\/ricardart\/wp-json\/wp\/v2\/product_tag?post=2480"}],"curies":[{"name":"wp","href":"https:\/\/api.w.org\/{rel}","templated":true}]}}