{"id":2498,"date":"2025-04-18T03:27:53","date_gmt":"2025-04-18T01:27:53","guid":{"rendered":"https:\/\/www.regionalis.shop\/ricardart\/product\/moosachat-creolen-edelstahl-vergoldet\/"},"modified":"2025-04-18T03:27:53","modified_gmt":"2025-04-18T01:27:53","slug":"moosachat-creolen-edelstahl-vergoldet","status":"publish","type":"product","link":"https:\/\/www.regionalis.shop\/ricardart\/shop\/moosachat-creolen-edelstahl-vergoldet\/","title":{"rendered":"Moosachat Creolen *Edelstahl (vergoldet)"},"content":{"rendered":"<p>Energetische Edelsteincreolen mit nat\u00fcrlichem Moosachat in seiner wundersch\u00f6nen &#038; einzigartigen Rohform \u2661<br \/>\nDie Creolen sind hergestellt aus Edelstahl und haben einen Durchmesser von 35mm.<br \/>\n~ Aufgrund der Einzigartigkeit der einzelnen Edelsteine wird auch jedes Schmuckst\u00fcck zu einem Unikat &#038; somit einzigartig- so einzigartig wie du \u2661<br \/>\n~ Du bekommst deine Sch\u00e4tze h\u00fcbsch verpackt, mit beigelegtem Steckbrief auf dem du die wichtigsten Infos zu deinem neuen Begleiter nachlesen kannst <\/p>\n<p>\u300bMOOSACHAT \u00a0(Herzchakra\/ An\u00e3hata)<br \/>\nZuversicht- Wandel &#8211; Naturverbundenheit &#8211; Inspiration\u00a0<br \/>\nDer Moosachat ist ein wunderbarer Unterst\u00fctzer um Altes loszulassen, denn er unterst\u00fctzt uns dabei, geistige Ketten zu sprengen &#038; Anhaftungen zu l\u00f6sen. Er befreit von tiefen \u00c4ngsten, Druck und Belastungen und ist an unserer Seite, wenn wir einen Neuanfang wagen.<br \/>\nEr schenkt Inspiration und Zuversicht<\/p>\n","protected":false},"excerpt":{"rendered":"<p>Energetische Edelsteincreolen mit nat\u00fcrlichem Moosachat in seiner wundersch\u00f6nen &#038; einzigartigen Rohform \u2661 Die Creolen sind hergestellt aus Edelstahl und haben einen Durchmesser von 35mm. ~ Aufgrund der Einzigartigkeit der einzelnen Edelsteine wird auch jedes Schmuckst\u00fcck zu einem Unikat &#038; somit einzigartig- so einzigartig wie du \u2661 ~ Du bekommst deine Sch\u00e4tze h\u00fcbsch verpackt, mit beigelegtem &hellip; <a href=\"https:\/\/www.regionalis.shop\/ricardart\/shop\/moosachat-creolen-edelstahl-vergoldet\/\">Continued<\/a><\/p>\n","protected":false},"featured_media":2499,"template":"","meta":{"_acf_changed":false},"product_brand":[],"product_cat":[163,70],"product_tag":[],"class_list":{"0":"post-2498","1":"product","2":"type-product","3":"status-publish","4":"has-post-thumbnail","6":"product_cat-ohrringe","7":"product_cat-schmuck","9":"first","10":"instock","11":"purchasable","12":"product-type-simple"},"acf":[],"_links":{"self":[{"href":"https:\/\/www.regionalis.shop\/ricardart\/wp-json\/wp\/v2\/product\/2498","targetHints":{"allow":["GET"]}}],"collection":[{"href":"https:\/\/www.regionalis.shop\/ricardart\/wp-json\/wp\/v2\/product"}],"about":[{"href":"https:\/\/www.regionalis.shop\/ricardart\/wp-json\/wp\/v2\/types\/product"}],"wp:featuredmedia":[{"embeddable":true,"href":"https:\/\/www.regionalis.shop\/ricardart\/wp-json\/wp\/v2\/media\/2499"}],"wp:attachment":[{"href":"https:\/\/www.regionalis.shop\/ricardart\/wp-json\/wp\/v2\/media?parent=2498"}],"wp:term":[{"taxonomy":"product_brand","embeddable":true,"href":"https:\/\/www.regionalis.shop\/ricardart\/wp-json\/wp\/v2\/product_brand?post=2498"},{"taxonomy":"product_cat","embeddable":true,"href":"https:\/\/www.regionalis.shop\/ricardart\/wp-json\/wp\/v2\/product_cat?post=2498"},{"taxonomy":"product_tag","embeddable":true,"href":"https:\/\/www.regionalis.shop\/ricardart\/wp-json\/wp\/v2\/product_tag?post=2498"}],"curies":[{"name":"wp","href":"https:\/\/api.w.org\/{rel}","templated":true}]}}