{"id":2502,"date":"2025-04-18T03:27:12","date_gmt":"2025-04-18T01:27:12","guid":{"rendered":"https:\/\/www.regionalis.shop\/ricardart\/product\/rosenquarz-creolen-lotus-edelstahl-925-silber\/"},"modified":"2025-04-18T03:27:12","modified_gmt":"2025-04-18T01:27:12","slug":"rosenquarz-creolen-lotus-edelstahl-925-silber","status":"publish","type":"product","link":"https:\/\/www.regionalis.shop\/ricardart\/shop\/rosenquarz-creolen-lotus-edelstahl-925-silber\/","title":{"rendered":"Rosenquarz Creolen &#8218;Lotus&#8216; (Edelstahl\/925 Silber)"},"content":{"rendered":"<p>Hochwertige Edelstahl- Hoops (25mm) &#038; Ohrhaken aus 925 Sterlingsilber<br \/>\nMit nat\u00fcrlichem Rosenquarz in seiner wundersch\u00f6nen &#038; einzigartigen Rohform \u2661 <\/p>\n<p>> Aufgrund der Einzigartigkeit der einzelnen Edelsteine ist auch jedes meiner Schmuckst\u00fccke ein Unikat &#038; somit einzigartig- so einzigartig wie du \u2661 <\/p>\n<p>\u300b Du bekommst deine Ohrsch\u00e4tze liebevoll verpackt mit beigelegtem Steckbrief, auf dem du die wichtigsten Infos zu deinem neuen Begleiter nachlesen kannst \u300a<\/p>\n<p>ROSENQUARZ \u00a0(Herzchakra\/An\u00e3hata)<br \/>\nSinnlichkeit ~ Liebe ~ Empathie ~ Beziehung ~ Vertrauen<br \/>\nDer Rosenquarz ist ein wunderbarer &#038; f\u00fcr mich sehr wertvoller Begleiter, der mir schon durch so manche Herzenskrise geholfen hat. Mit direktem Hautkontakt (am Besten in Herzn\u00e4he) ein idealer Stein um zu Meditieren &#038; das Herz ganz bewusst zu \u00f6ffnen &#8211; sowohl f\u00fcr dich,\u00a0 als auch f\u00fcr deine Mitmenschen \u2661 Mit verschlossenem Herzen verschlie\u00dfen sich auch die wunderbarsten Dinge des Lebens.\u00a0<br \/>\nSternzeichen: Stier<\/p>\n","protected":false},"excerpt":{"rendered":"<p>Hochwertige Edelstahl- Hoops (25mm) &#038; Ohrhaken aus 925 Sterlingsilber Mit nat\u00fcrlichem Rosenquarz in seiner wundersch\u00f6nen &#038; einzigartigen Rohform \u2661 > Aufgrund der Einzigartigkeit der einzelnen Edelsteine ist auch jedes meiner Schmuckst\u00fccke ein Unikat &#038; somit einzigartig- so einzigartig wie du \u2661 \u300b Du bekommst deine Ohrsch\u00e4tze liebevoll verpackt mit beigelegtem Steckbrief, auf dem du die &hellip; <a href=\"https:\/\/www.regionalis.shop\/ricardart\/shop\/rosenquarz-creolen-lotus-edelstahl-925-silber\/\">Continued<\/a><\/p>\n","protected":false},"featured_media":2503,"template":"","meta":{"_acf_changed":false},"product_brand":[],"product_cat":[163,70],"product_tag":[],"class_list":{"0":"post-2502","1":"product","2":"type-product","3":"status-publish","4":"has-post-thumbnail","6":"product_cat-ohrringe","7":"product_cat-schmuck","9":"first","10":"instock","11":"purchasable","12":"product-type-simple"},"acf":[],"_links":{"self":[{"href":"https:\/\/www.regionalis.shop\/ricardart\/wp-json\/wp\/v2\/product\/2502","targetHints":{"allow":["GET"]}}],"collection":[{"href":"https:\/\/www.regionalis.shop\/ricardart\/wp-json\/wp\/v2\/product"}],"about":[{"href":"https:\/\/www.regionalis.shop\/ricardart\/wp-json\/wp\/v2\/types\/product"}],"wp:featuredmedia":[{"embeddable":true,"href":"https:\/\/www.regionalis.shop\/ricardart\/wp-json\/wp\/v2\/media\/2503"}],"wp:attachment":[{"href":"https:\/\/www.regionalis.shop\/ricardart\/wp-json\/wp\/v2\/media?parent=2502"}],"wp:term":[{"taxonomy":"product_brand","embeddable":true,"href":"https:\/\/www.regionalis.shop\/ricardart\/wp-json\/wp\/v2\/product_brand?post=2502"},{"taxonomy":"product_cat","embeddable":true,"href":"https:\/\/www.regionalis.shop\/ricardart\/wp-json\/wp\/v2\/product_cat?post=2502"},{"taxonomy":"product_tag","embeddable":true,"href":"https:\/\/www.regionalis.shop\/ricardart\/wp-json\/wp\/v2\/product_tag?post=2502"}],"curies":[{"name":"wp","href":"https:\/\/api.w.org\/{rel}","templated":true}]}}