{"id":2507,"date":"2025-04-18T03:27:12","date_gmt":"2025-04-18T01:27:12","guid":{"rendered":"https:\/\/www.regionalis.shop\/ricardart\/product\/tigerauge-roter-jaspis-creolen-leaf-edelstahl-925-silber\/"},"modified":"2025-04-18T03:27:12","modified_gmt":"2025-04-18T01:27:12","slug":"tigerauge-roter-jaspis-creolen-leaf-edelstahl-925-silber","status":"publish","type":"product","link":"https:\/\/www.regionalis.shop\/ricardart\/shop\/tigerauge-roter-jaspis-creolen-leaf-edelstahl-925-silber\/","title":{"rendered":"Tigerauge &#8211; roter Jaspis Creolen &#8218;Leaf&#8216; (Edelstahl\/925 Silber)"},"content":{"rendered":"<p>Hochwertige Edelstahl- Hoops (25mm) &#038; Ohrhaken aus 925 Sterlingsilber<br \/>\nMit nat\u00fcrlichen Edelsteinen in ihrer wundersch\u00f6nen &#038; einzigartigen Rohform \u2661 <\/p>\n<p>> Aufgrund der Einzigartigkeit der einzelnen Edelsteine ist auch jedes meiner Schmuckst\u00fccke ein Unikat &#038; somit einzigartig- so einzigartig wie du \u2661 <\/p>\n<p>\u300b Du bekommst deine Ohrsch\u00e4tze liebevoll verpackt mit beigelegtem Steckbrief, auf dem du die wichtigsten Infos zu deinem neuen Begleiter nachlesen kannst \u300a<\/p>\n<p>TIGERAUGE\u00a0(Solarplexuschakra\/ Manip\u016bra)<br \/>\nMut ~ Durchblick &#8211; Optimismus\u00a0<br \/>\nDer &#8218;Entscheidungs-Stein&#8216; .<br \/>\nMit ihm f\u00e4llt es dir leichter klare Entscheidungen zu treffen.<br \/>\nDas Tigerauge schafft &#8218;Ordnung im Chaos&#8216;. In un\u00fcberschaubaren Situationen und wenn du dir einmal unsicher bist, unterst\u00fctzt es dabei den Durchblick zu bewahren &#038; den Fokus zu sch\u00e4rfen. Als Talisman ein wunderbarer Wegbegleiter auf Reisen und unterwegs \u2661<br \/>\nSternzeichen: Jungfrau<\/p>\n","protected":false},"excerpt":{"rendered":"<p>Hochwertige Edelstahl- Hoops (25mm) &#038; Ohrhaken aus 925 Sterlingsilber Mit nat\u00fcrlichen Edelsteinen in ihrer wundersch\u00f6nen &#038; einzigartigen Rohform \u2661 > Aufgrund der Einzigartigkeit der einzelnen Edelsteine ist auch jedes meiner Schmuckst\u00fccke ein Unikat &#038; somit einzigartig- so einzigartig wie du \u2661 \u300b Du bekommst deine Ohrsch\u00e4tze liebevoll verpackt mit beigelegtem Steckbrief, auf dem du die &hellip; <a href=\"https:\/\/www.regionalis.shop\/ricardart\/shop\/tigerauge-roter-jaspis-creolen-leaf-edelstahl-925-silber\/\">Continued<\/a><\/p>\n","protected":false},"featured_media":2508,"template":"","meta":{"_acf_changed":false},"product_brand":[],"product_cat":[163,70],"product_tag":[],"class_list":{"0":"post-2507","1":"product","2":"type-product","3":"status-publish","4":"has-post-thumbnail","6":"product_cat-ohrringe","7":"product_cat-schmuck","9":"first","10":"instock","11":"purchasable","12":"product-type-simple"},"acf":[],"_links":{"self":[{"href":"https:\/\/www.regionalis.shop\/ricardart\/wp-json\/wp\/v2\/product\/2507","targetHints":{"allow":["GET"]}}],"collection":[{"href":"https:\/\/www.regionalis.shop\/ricardart\/wp-json\/wp\/v2\/product"}],"about":[{"href":"https:\/\/www.regionalis.shop\/ricardart\/wp-json\/wp\/v2\/types\/product"}],"wp:featuredmedia":[{"embeddable":true,"href":"https:\/\/www.regionalis.shop\/ricardart\/wp-json\/wp\/v2\/media\/2508"}],"wp:attachment":[{"href":"https:\/\/www.regionalis.shop\/ricardart\/wp-json\/wp\/v2\/media?parent=2507"}],"wp:term":[{"taxonomy":"product_brand","embeddable":true,"href":"https:\/\/www.regionalis.shop\/ricardart\/wp-json\/wp\/v2\/product_brand?post=2507"},{"taxonomy":"product_cat","embeddable":true,"href":"https:\/\/www.regionalis.shop\/ricardart\/wp-json\/wp\/v2\/product_cat?post=2507"},{"taxonomy":"product_tag","embeddable":true,"href":"https:\/\/www.regionalis.shop\/ricardart\/wp-json\/wp\/v2\/product_tag?post=2507"}],"curies":[{"name":"wp","href":"https:\/\/api.w.org\/{rel}","templated":true}]}}