{"id":2512,"date":"2025-04-18T03:26:35","date_gmt":"2025-04-18T01:26:35","guid":{"rendered":"https:\/\/www.regionalis.shop\/ricardart\/product\/roter-jaspis-armband-muladhara-gold-bronze\/"},"modified":"2025-04-18T03:26:35","modified_gmt":"2025-04-18T01:26:35","slug":"roter-jaspis-armband-muladhara-gold-bronze","status":"publish","type":"product","link":"https:\/\/www.regionalis.shop\/ricardart\/shop\/roter-jaspis-armband-muladhara-gold-bronze\/","title":{"rendered":"Roter Jaspis Armband &#8218;Muladhara&#8216; *gold\/bronze"},"content":{"rendered":"<p>Von Hand gefertigtes Armband mit rotem Jaspis (6mm) &#038; l\u00e4ngenverstellbarem Schiebeknoten zum individuellen anpassen.<br \/>\nDas verwendete Makrameegarn ist strapazierf\u00e4hig, gewachst &#038; wassertauglich<br \/>\nEin wunderbarer Wegblegleiter f\u00fcr jeden Tag<br \/>\nRoter Jaspis:\u00a0(Wurzelchakra\/ M\u016bl\u00e3dh\u00e3ra)<br \/>\nZufriedenheit- Ausgeglichenheit- Harmonie &#8211; Balance\u00a0<\/p>\n","protected":false},"excerpt":{"rendered":"<p>Von Hand gefertigtes Armband mit rotem Jaspis (6mm) &#038; l\u00e4ngenverstellbarem Schiebeknoten zum individuellen anpassen. Das verwendete Makrameegarn ist strapazierf\u00e4hig, gewachst &#038; wassertauglich Ein wunderbarer Wegblegleiter f\u00fcr jeden Tag Roter Jaspis:\u00a0(Wurzelchakra\/ M\u016bl\u00e3dh\u00e3ra) Zufriedenheit- Ausgeglichenheit- Harmonie &#8211; Balance\u00a0<\/p>\n","protected":false},"featured_media":2513,"template":"","meta":{"_acf_changed":false},"product_brand":[],"product_cat":[110,70],"product_tag":[],"class_list":{"0":"post-2512","1":"product","2":"type-product","3":"status-publish","4":"has-post-thumbnail","6":"product_cat-armbaender","7":"product_cat-schmuck","9":"first","10":"instock","11":"purchasable","12":"product-type-simple"},"acf":[],"_links":{"self":[{"href":"https:\/\/www.regionalis.shop\/ricardart\/wp-json\/wp\/v2\/product\/2512","targetHints":{"allow":["GET"]}}],"collection":[{"href":"https:\/\/www.regionalis.shop\/ricardart\/wp-json\/wp\/v2\/product"}],"about":[{"href":"https:\/\/www.regionalis.shop\/ricardart\/wp-json\/wp\/v2\/types\/product"}],"wp:featuredmedia":[{"embeddable":true,"href":"https:\/\/www.regionalis.shop\/ricardart\/wp-json\/wp\/v2\/media\/2513"}],"wp:attachment":[{"href":"https:\/\/www.regionalis.shop\/ricardart\/wp-json\/wp\/v2\/media?parent=2512"}],"wp:term":[{"taxonomy":"product_brand","embeddable":true,"href":"https:\/\/www.regionalis.shop\/ricardart\/wp-json\/wp\/v2\/product_brand?post=2512"},{"taxonomy":"product_cat","embeddable":true,"href":"https:\/\/www.regionalis.shop\/ricardart\/wp-json\/wp\/v2\/product_cat?post=2512"},{"taxonomy":"product_tag","embeddable":true,"href":"https:\/\/www.regionalis.shop\/ricardart\/wp-json\/wp\/v2\/product_tag?post=2512"}],"curies":[{"name":"wp","href":"https:\/\/api.w.org\/{rel}","templated":true}]}}