{"id":2522,"date":"2025-04-18T03:26:35","date_gmt":"2025-04-18T01:26:35","guid":{"rendered":"https:\/\/www.regionalis.shop\/ricardart\/product\/barfusssandalen-handschmeichler-mandala\/"},"modified":"2025-04-18T03:26:35","modified_gmt":"2025-04-18T01:26:35","slug":"barfusssandalen-handschmeichler-mandala","status":"publish","type":"product","link":"https:\/\/www.regionalis.shop\/ricardart\/shop\/barfusssandalen-handschmeichler-mandala\/","title":{"rendered":"Barfu\u00dfsandalen \/ Handschmeichler &#8218;Mandala&#8216;"},"content":{"rendered":"<p>Einzigartiges Makramee- Accessoire f\u00fcr Hand &#038; Fu\u00df<br \/>\nVon Hand gefertigt aus gewachstem Makrameegarn (strapazierf\u00e4hig &#038; wasserfest), mit nat\u00fcrlichem Amazonit &#038; l\u00e4ngenverstellbarem Schiebeknoten zum individuellen Anpassen<br \/>\nIdeal f\u00fcr Sommermenschen, Hippie-Seelen,  Barfu\u00dfgeher, &#038; Individualisten \ud83d\ude42<\/p>\n","protected":false},"excerpt":{"rendered":"<p>Einzigartiges Makramee- Accessoire f\u00fcr Hand &#038; Fu\u00df Von Hand gefertigt aus gewachstem Makrameegarn (strapazierf\u00e4hig &#038; wasserfest), mit nat\u00fcrlichem Amazonit &#038; l\u00e4ngenverstellbarem Schiebeknoten zum individuellen Anpassen Ideal f\u00fcr Sommermenschen, Hippie-Seelen, Barfu\u00dfgeher, &#038; Individualisten \ud83d\ude42<\/p>\n","protected":false},"featured_media":2523,"template":"","meta":{"_acf_changed":false},"product_brand":[],"product_cat":[154,70],"product_tag":[],"class_list":{"0":"post-2522","1":"product","2":"type-product","3":"status-publish","4":"has-post-thumbnail","6":"product_cat-koerperschmuck","7":"product_cat-schmuck","9":"first","10":"instock","11":"purchasable","12":"product-type-simple"},"acf":[],"_links":{"self":[{"href":"https:\/\/www.regionalis.shop\/ricardart\/wp-json\/wp\/v2\/product\/2522","targetHints":{"allow":["GET"]}}],"collection":[{"href":"https:\/\/www.regionalis.shop\/ricardart\/wp-json\/wp\/v2\/product"}],"about":[{"href":"https:\/\/www.regionalis.shop\/ricardart\/wp-json\/wp\/v2\/types\/product"}],"wp:featuredmedia":[{"embeddable":true,"href":"https:\/\/www.regionalis.shop\/ricardart\/wp-json\/wp\/v2\/media\/2523"}],"wp:attachment":[{"href":"https:\/\/www.regionalis.shop\/ricardart\/wp-json\/wp\/v2\/media?parent=2522"}],"wp:term":[{"taxonomy":"product_brand","embeddable":true,"href":"https:\/\/www.regionalis.shop\/ricardart\/wp-json\/wp\/v2\/product_brand?post=2522"},{"taxonomy":"product_cat","embeddable":true,"href":"https:\/\/www.regionalis.shop\/ricardart\/wp-json\/wp\/v2\/product_cat?post=2522"},{"taxonomy":"product_tag","embeddable":true,"href":"https:\/\/www.regionalis.shop\/ricardart\/wp-json\/wp\/v2\/product_tag?post=2522"}],"curies":[{"name":"wp","href":"https:\/\/api.w.org\/{rel}","templated":true}]}}