{"id":2530,"date":"2025-04-18T03:26:35","date_gmt":"2025-04-18T01:26:35","guid":{"rendered":"https:\/\/www.regionalis.shop\/ricardart\/product\/rhodonit-rhodochrosit-wegbegleiter-selbstvertrauen-neubeginn\/"},"modified":"2025-04-18T03:26:35","modified_gmt":"2025-04-18T01:26:35","slug":"rhodonit-rhodochrosit-wegbegleiter-selbstvertrauen-neubeginn","status":"publish","type":"product","link":"https:\/\/www.regionalis.shop\/ricardart\/shop\/rhodonit-rhodochrosit-wegbegleiter-selbstvertrauen-neubeginn\/","title":{"rendered":"RHODONIT-RHODOCHROSIT Wegbegleiter *Selbstvertrauen &#038; Neubeginn*&#8216;"},"content":{"rendered":"<p>Ein wertvoller &#038; treuer Begleiter wenn es darum geht loszulassen, neue H\u00fcrden positiv zu meistern  &#038; den Blick wohlgesinnt nach vorne zu richten \u2661<\/p>\n<p>Von Hand gefertigtes Edelsteinarmband mit Karabinerverschluss inkl. Verl\u00e4ngerungskettchen aus 925 Sterlingsilber.<br \/>\nMit Rhodochrosit &#038; Rhodonit<br \/>\n\u300bDu bekommst deinen Schatz in einer h\u00fcbschen Aufbewahrungsbox aus recyceltem Altpapier, mit beigelegtem Steckbrief auf dem du die wichtigsten Infos zu Deinem neuen Begleiter nachlesen kannst<\/p>\n<p>\u300bRHODOCHROSIT \u00a0(Herzchakra\/An\u00e3hata)<br \/>\nKreativit\u00e4t ~ Lebensfreude ~ Wandel ~ Vitalit\u00e4t<br \/>\nSchenkt dir neue Perspektiven &#038; ist in Zeiten des Wandels ein treuer und unterst\u00fctzender Begleiter \u2661 Vitalit\u00e4t &#038; Lebensfreude werden gest\u00e4rkt und die positiven Dinge des Lebens r\u00fccken mit diesem rosaroten Schatz immer mehr in den Vordergrund \u2661\u00a0<br \/>\nDer Rhodochrosit wird au\u00dferdem auch bei Hauptproblem angewendet (direkter Hautkontakt oder mit Edelsteinwasser)<\/p>\n","protected":false},"excerpt":{"rendered":"<p>Ein wertvoller &#038; treuer Begleiter wenn es darum geht loszulassen, neue H\u00fcrden positiv zu meistern &#038; den Blick wohlgesinnt nach vorne zu richten \u2661 Von Hand gefertigtes Edelsteinarmband mit Karabinerverschluss inkl. Verl\u00e4ngerungskettchen aus 925 Sterlingsilber. Mit Rhodochrosit &#038; Rhodonit \u300bDu bekommst deinen Schatz in einer h\u00fcbschen Aufbewahrungsbox aus recyceltem Altpapier, mit beigelegtem Steckbrief auf dem &hellip; <a href=\"https:\/\/www.regionalis.shop\/ricardart\/shop\/rhodonit-rhodochrosit-wegbegleiter-selbstvertrauen-neubeginn\/\">Continued<\/a><\/p>\n","protected":false},"featured_media":2531,"template":"","meta":{"_acf_changed":false},"product_brand":[],"product_cat":[110,70],"product_tag":[],"class_list":{"0":"post-2530","1":"product","2":"type-product","3":"status-publish","4":"has-post-thumbnail","6":"product_cat-armbaender","7":"product_cat-schmuck","9":"first","10":"instock","11":"purchasable","12":"product-type-simple"},"acf":[],"_links":{"self":[{"href":"https:\/\/www.regionalis.shop\/ricardart\/wp-json\/wp\/v2\/product\/2530","targetHints":{"allow":["GET"]}}],"collection":[{"href":"https:\/\/www.regionalis.shop\/ricardart\/wp-json\/wp\/v2\/product"}],"about":[{"href":"https:\/\/www.regionalis.shop\/ricardart\/wp-json\/wp\/v2\/types\/product"}],"wp:featuredmedia":[{"embeddable":true,"href":"https:\/\/www.regionalis.shop\/ricardart\/wp-json\/wp\/v2\/media\/2531"}],"wp:attachment":[{"href":"https:\/\/www.regionalis.shop\/ricardart\/wp-json\/wp\/v2\/media?parent=2530"}],"wp:term":[{"taxonomy":"product_brand","embeddable":true,"href":"https:\/\/www.regionalis.shop\/ricardart\/wp-json\/wp\/v2\/product_brand?post=2530"},{"taxonomy":"product_cat","embeddable":true,"href":"https:\/\/www.regionalis.shop\/ricardart\/wp-json\/wp\/v2\/product_cat?post=2530"},{"taxonomy":"product_tag","embeddable":true,"href":"https:\/\/www.regionalis.shop\/ricardart\/wp-json\/wp\/v2\/product_tag?post=2530"}],"curies":[{"name":"wp","href":"https:\/\/api.w.org\/{rel}","templated":true}]}}