{"id":2535,"date":"2025-04-18T03:26:02","date_gmt":"2025-04-18T01:26:02","guid":{"rendered":"https:\/\/www.regionalis.shop\/ricardart\/product\/sonnenstein-doppelarmband-circle-18k-vergoldet\/"},"modified":"2025-04-18T03:26:02","modified_gmt":"2025-04-18T01:26:02","slug":"sonnenstein-doppelarmband-circle-18k-vergoldet","status":"publish","type":"product","link":"https:\/\/www.regionalis.shop\/ricardart\/shop\/sonnenstein-doppelarmband-circle-18k-vergoldet\/","title":{"rendered":"SONNENSTEIN Doppelarmband *CIRCLE 18k vergoldet"},"content":{"rendered":"<p>Kraftvolles Sonnenstein Armband mit 18k vergoldetem Edelstahlverbinder (10mm Durchmesser), 2mm Perlen aus 18k vergoldetem Kupfer &#038; nat\u00fcrlichen Sonnensteinperlen mit 4 &#038; 6mm Durchmesser. Von Hand gefertigt mit gewachstem Makrameegarn (wasserfest &#038; strapazierf\u00e4hig) &#038; l\u00e4ngenverstellbarem Schiebeverschluss zum individuellen anpassen.<br \/>\nEin wunderbarer Begleiter, der jeden Tag die Sonne f\u00fcr dich scheinen l\u00e4sst <\/p>\n<p>*Du bekommst dein Armband h\u00fcbsch verpackt &#038; mit pers\u00f6nlichem Steckbrief beigelegt, auf dem du die wichtigsten Infos zu deinem neuen Begleiter nachlesen kannst <\/p>\n<p>SONNENSTEIN\u00a0(Sakralchakra\/Sv\u00e3dhisth\u00e3na)<br \/>\nLebensfreude ~ Ausgeglichenheit &#8211; Zuversicht &#8211; Optimismus<br \/>\nWie es auch der Name vermuten l\u00e4sst ist der Sonnenstein ein richtiger Sonnenspender. Er unterstreicht die wunderbaren Seiten des Lebens und wirkt in jederlei Hinsicht positiv auf Mensch &#038; Umgebung \u00a0<\/p>\n","protected":false},"excerpt":{"rendered":"<p>Kraftvolles Sonnenstein Armband mit 18k vergoldetem Edelstahlverbinder (10mm Durchmesser), 2mm Perlen aus 18k vergoldetem Kupfer &#038; nat\u00fcrlichen Sonnensteinperlen mit 4 &#038; 6mm Durchmesser. Von Hand gefertigt mit gewachstem Makrameegarn (wasserfest &#038; strapazierf\u00e4hig) &#038; l\u00e4ngenverstellbarem Schiebeverschluss zum individuellen anpassen. Ein wunderbarer Begleiter, der jeden Tag die Sonne f\u00fcr dich scheinen l\u00e4sst *Du bekommst dein Armband h\u00fcbsch &hellip; <a href=\"https:\/\/www.regionalis.shop\/ricardart\/shop\/sonnenstein-doppelarmband-circle-18k-vergoldet\/\">Continued<\/a><\/p>\n","protected":false},"featured_media":2536,"template":"","meta":{"_acf_changed":false},"product_brand":[],"product_cat":[110,70],"product_tag":[],"class_list":{"0":"post-2535","1":"product","2":"type-product","3":"status-publish","4":"has-post-thumbnail","6":"product_cat-armbaender","7":"product_cat-schmuck","9":"first","10":"instock","11":"purchasable","12":"product-type-simple"},"acf":[],"_links":{"self":[{"href":"https:\/\/www.regionalis.shop\/ricardart\/wp-json\/wp\/v2\/product\/2535","targetHints":{"allow":["GET"]}}],"collection":[{"href":"https:\/\/www.regionalis.shop\/ricardart\/wp-json\/wp\/v2\/product"}],"about":[{"href":"https:\/\/www.regionalis.shop\/ricardart\/wp-json\/wp\/v2\/types\/product"}],"wp:featuredmedia":[{"embeddable":true,"href":"https:\/\/www.regionalis.shop\/ricardart\/wp-json\/wp\/v2\/media\/2536"}],"wp:attachment":[{"href":"https:\/\/www.regionalis.shop\/ricardart\/wp-json\/wp\/v2\/media?parent=2535"}],"wp:term":[{"taxonomy":"product_brand","embeddable":true,"href":"https:\/\/www.regionalis.shop\/ricardart\/wp-json\/wp\/v2\/product_brand?post=2535"},{"taxonomy":"product_cat","embeddable":true,"href":"https:\/\/www.regionalis.shop\/ricardart\/wp-json\/wp\/v2\/product_cat?post=2535"},{"taxonomy":"product_tag","embeddable":true,"href":"https:\/\/www.regionalis.shop\/ricardart\/wp-json\/wp\/v2\/product_tag?post=2535"}],"curies":[{"name":"wp","href":"https:\/\/api.w.org\/{rel}","templated":true}]}}