{"id":2549,"date":"2025-04-18T03:24:57","date_gmt":"2025-04-18T01:24:57","guid":{"rendered":"https:\/\/www.regionalis.shop\/ricardart\/product\/amethyst-doppelarmband-mandala-gold\/"},"modified":"2025-04-18T03:24:57","modified_gmt":"2025-04-18T01:24:57","slug":"amethyst-doppelarmband-mandala-gold","status":"publish","type":"product","link":"https:\/\/www.regionalis.shop\/ricardart\/shop\/amethyst-doppelarmband-mandala-gold\/","title":{"rendered":"AMETHYST Doppelarmband *MANDALA gold"},"content":{"rendered":"<p>Von Hand gefertigtes Armband mit 15mm Mandala, nat\u00fcrlichem Amethyst &#038; 18k vergoldeten Kupferperlen.<br \/>\nDas Band aus gewachstem Makrameegarn ist sehr strapazierf\u00e4hig &#038; wasserfest. Mit l\u00e4ngenverstellbarem Schiebeverschluss ausgestattet l\u00e4sst sich das Armband individuell an jedes Handgelenk anpassen.<\/p>\n<p>*Du bekommst dein Armband h\u00fcbsch verpackt, mit pers\u00f6nlichem Steckbrief beigelegt, auf dem du die wichtigsten Infos zu deinem neuen Begleiter nachlesen kannst<\/p>\n<p>Der AMETHYST wird unserem Kronenchakra zugeordnet, wo er seine beste Wirkung erzielt. Er wird er bei Schlafproblemen, Konzentrationsschwierigkeiten, bei Kopfschmerzen &#038; als Lernunterst\u00fctzung angewendet\u300a<\/p>\n<p>~ Ein kraftvoller Wegbegleiter, ob f\u00fcr dich oder eine\/n deiner Lieben \u2661<\/p>\n","protected":false},"excerpt":{"rendered":"<p>Von Hand gefertigtes Armband mit 15mm Mandala, nat\u00fcrlichem Amethyst &#038; 18k vergoldeten Kupferperlen. Das Band aus gewachstem Makrameegarn ist sehr strapazierf\u00e4hig &#038; wasserfest. Mit l\u00e4ngenverstellbarem Schiebeverschluss ausgestattet l\u00e4sst sich das Armband individuell an jedes Handgelenk anpassen. *Du bekommst dein Armband h\u00fcbsch verpackt, mit pers\u00f6nlichem Steckbrief beigelegt, auf dem du die wichtigsten Infos zu deinem neuen &hellip; <a href=\"https:\/\/www.regionalis.shop\/ricardart\/shop\/amethyst-doppelarmband-mandala-gold\/\">Continued<\/a><\/p>\n","protected":false},"featured_media":2550,"template":"","meta":{"_acf_changed":false},"product_brand":[],"product_cat":[110,70],"product_tag":[],"class_list":{"0":"post-2549","1":"product","2":"type-product","3":"status-publish","4":"has-post-thumbnail","6":"product_cat-armbaender","7":"product_cat-schmuck","9":"first","10":"instock","11":"purchasable","12":"product-type-simple"},"acf":[],"_links":{"self":[{"href":"https:\/\/www.regionalis.shop\/ricardart\/wp-json\/wp\/v2\/product\/2549","targetHints":{"allow":["GET"]}}],"collection":[{"href":"https:\/\/www.regionalis.shop\/ricardart\/wp-json\/wp\/v2\/product"}],"about":[{"href":"https:\/\/www.regionalis.shop\/ricardart\/wp-json\/wp\/v2\/types\/product"}],"wp:featuredmedia":[{"embeddable":true,"href":"https:\/\/www.regionalis.shop\/ricardart\/wp-json\/wp\/v2\/media\/2550"}],"wp:attachment":[{"href":"https:\/\/www.regionalis.shop\/ricardart\/wp-json\/wp\/v2\/media?parent=2549"}],"wp:term":[{"taxonomy":"product_brand","embeddable":true,"href":"https:\/\/www.regionalis.shop\/ricardart\/wp-json\/wp\/v2\/product_brand?post=2549"},{"taxonomy":"product_cat","embeddable":true,"href":"https:\/\/www.regionalis.shop\/ricardart\/wp-json\/wp\/v2\/product_cat?post=2549"},{"taxonomy":"product_tag","embeddable":true,"href":"https:\/\/www.regionalis.shop\/ricardart\/wp-json\/wp\/v2\/product_tag?post=2549"}],"curies":[{"name":"wp","href":"https:\/\/api.w.org\/{rel}","templated":true}]}}