{"id":2554,"date":"2025-04-18T03:24:57","date_gmt":"2025-04-18T01:24:57","guid":{"rendered":"https:\/\/www.regionalis.shop\/ricardart\/product\/makramee-fussband-boheme-natur-braun\/"},"modified":"2025-04-18T03:24:57","modified_gmt":"2025-04-18T01:24:57","slug":"makramee-fussband-boheme-natur-braun","status":"publish","type":"product","link":"https:\/\/www.regionalis.shop\/ricardart\/shop\/makramee-fussband-boheme-natur-braun\/","title":{"rendered":"Makramee Fu\u00dfband *BOH\u00c8ME* natur\/braun"},"content":{"rendered":"<p>Von Hand gefertigte Fu\u00dfkettchen aus gewachstem Makrameegarn (strapazierf\u00e4hig &#038; wasserfest) mit l\u00e4ngenverstellbaren Schiebeknoten zum individuellen anpassen  &#038; Mini- Messing- Tropfen (7mm)<br \/>\nEin h\u00fcbscher Begleiter durch den Sommer<\/p>\n","protected":false},"excerpt":{"rendered":"<p>Von Hand gefertigte Fu\u00dfkettchen aus gewachstem Makrameegarn (strapazierf\u00e4hig &#038; wasserfest) mit l\u00e4ngenverstellbaren Schiebeknoten zum individuellen anpassen &#038; Mini- Messing- Tropfen (7mm) Ein h\u00fcbscher Begleiter durch den Sommer<\/p>\n","protected":false},"featured_media":2555,"template":"","meta":{"_acf_changed":false},"product_brand":[],"product_cat":[154,70],"product_tag":[],"class_list":{"0":"post-2554","1":"product","2":"type-product","3":"status-publish","4":"has-post-thumbnail","6":"product_cat-koerperschmuck","7":"product_cat-schmuck","9":"first","10":"instock","11":"purchasable","12":"product-type-simple"},"acf":[],"_links":{"self":[{"href":"https:\/\/www.regionalis.shop\/ricardart\/wp-json\/wp\/v2\/product\/2554","targetHints":{"allow":["GET"]}}],"collection":[{"href":"https:\/\/www.regionalis.shop\/ricardart\/wp-json\/wp\/v2\/product"}],"about":[{"href":"https:\/\/www.regionalis.shop\/ricardart\/wp-json\/wp\/v2\/types\/product"}],"wp:featuredmedia":[{"embeddable":true,"href":"https:\/\/www.regionalis.shop\/ricardart\/wp-json\/wp\/v2\/media\/2555"}],"wp:attachment":[{"href":"https:\/\/www.regionalis.shop\/ricardart\/wp-json\/wp\/v2\/media?parent=2554"}],"wp:term":[{"taxonomy":"product_brand","embeddable":true,"href":"https:\/\/www.regionalis.shop\/ricardart\/wp-json\/wp\/v2\/product_brand?post=2554"},{"taxonomy":"product_cat","embeddable":true,"href":"https:\/\/www.regionalis.shop\/ricardart\/wp-json\/wp\/v2\/product_cat?post=2554"},{"taxonomy":"product_tag","embeddable":true,"href":"https:\/\/www.regionalis.shop\/ricardart\/wp-json\/wp\/v2\/product_tag?post=2554"}],"curies":[{"name":"wp","href":"https:\/\/api.w.org\/{rel}","templated":true}]}}