{"id":2558,"date":"2025-04-18T03:24:57","date_gmt":"2025-04-18T01:24:57","guid":{"rendered":"https:\/\/www.regionalis.shop\/ricardart\/product\/makramee-fussband-rose\/"},"modified":"2025-04-18T03:24:57","modified_gmt":"2025-04-18T01:24:57","slug":"makramee-fussband-rose","status":"publish","type":"product","link":"https:\/\/www.regionalis.shop\/ricardart\/shop\/makramee-fussband-rose\/","title":{"rendered":"Makramee Fu\u00dfband *ROS\u00c9*"},"content":{"rendered":"<p>Von Hand gefertigte Fu\u00dfkettchen aus gewachstem Makrameegarn (strapazierf\u00e4hig &#038; wasserfest)<br \/>\nMit Perlen aus ros\u00e9goldenem Messing  &#038; l\u00e4ngenverstellbarem Schiebeknoten zum individuellen anpassen .<\/p>\n","protected":false},"excerpt":{"rendered":"<p>Von Hand gefertigte Fu\u00dfkettchen aus gewachstem Makrameegarn (strapazierf\u00e4hig &#038; wasserfest) Mit Perlen aus ros\u00e9goldenem Messing &#038; l\u00e4ngenverstellbarem Schiebeknoten zum individuellen anpassen .<\/p>\n","protected":false},"featured_media":2559,"template":"","meta":{"_acf_changed":false},"product_brand":[],"product_cat":[154,70],"product_tag":[],"class_list":{"0":"post-2558","1":"product","2":"type-product","3":"status-publish","4":"has-post-thumbnail","6":"product_cat-koerperschmuck","7":"product_cat-schmuck","9":"first","10":"instock","11":"purchasable","12":"product-type-simple"},"acf":[],"_links":{"self":[{"href":"https:\/\/www.regionalis.shop\/ricardart\/wp-json\/wp\/v2\/product\/2558","targetHints":{"allow":["GET"]}}],"collection":[{"href":"https:\/\/www.regionalis.shop\/ricardart\/wp-json\/wp\/v2\/product"}],"about":[{"href":"https:\/\/www.regionalis.shop\/ricardart\/wp-json\/wp\/v2\/types\/product"}],"wp:featuredmedia":[{"embeddable":true,"href":"https:\/\/www.regionalis.shop\/ricardart\/wp-json\/wp\/v2\/media\/2559"}],"wp:attachment":[{"href":"https:\/\/www.regionalis.shop\/ricardart\/wp-json\/wp\/v2\/media?parent=2558"}],"wp:term":[{"taxonomy":"product_brand","embeddable":true,"href":"https:\/\/www.regionalis.shop\/ricardart\/wp-json\/wp\/v2\/product_brand?post=2558"},{"taxonomy":"product_cat","embeddable":true,"href":"https:\/\/www.regionalis.shop\/ricardart\/wp-json\/wp\/v2\/product_cat?post=2558"},{"taxonomy":"product_tag","embeddable":true,"href":"https:\/\/www.regionalis.shop\/ricardart\/wp-json\/wp\/v2\/product_tag?post=2558"}],"curies":[{"name":"wp","href":"https:\/\/api.w.org\/{rel}","templated":true}]}}