{"id":2581,"date":"2025-04-18T03:24:19","date_gmt":"2025-04-18T01:24:19","guid":{"rendered":"https:\/\/www.regionalis.shop\/ricardart\/product\/magnesit-creolen-leaf-edelstahl\/"},"modified":"2025-04-18T03:24:19","modified_gmt":"2025-04-18T01:24:19","slug":"magnesit-creolen-leaf-edelstahl","status":"publish","type":"product","link":"https:\/\/www.regionalis.shop\/ricardart\/shop\/magnesit-creolen-leaf-edelstahl\/","title":{"rendered":"Magnesit Creolen *LEAF* Edelstahl"},"content":{"rendered":"<p>Federleichte Creolen aus hochwertigem Edelstahl (nickelfrei\/wasserfest) mit 35mm Durchmesser.<br \/>\nBest\u00fcckt mit nat\u00fcrlichem Magnesit in unregelm\u00e4\u00dfiger &#038; somit einzigartiger Rohform, sowie kleinen Blatt Anh\u00e4ngern in antiksilber (12mm)<\/p>\n<p>*du bekommst deine Ohrsch\u00e4tze h\u00fcbsch verpackt in einer handbedruckten Box aus recyceltem Altpapier, mit beigelegtem Steckbrief auf dem du die wichtigsten Infos zu deinem neuen Begleiter nachlesen kannst<\/p>\n<p>*aufgrund der Einzigartigkeit der einzelnen Edelsteine wird auch jedes Schmuckst\u00fcck zu einem Unikat &#038; somit einzigartig- so einzigartig wie du<\/p>\n","protected":false},"excerpt":{"rendered":"<p>Federleichte Creolen aus hochwertigem Edelstahl (nickelfrei\/wasserfest) mit 35mm Durchmesser. Best\u00fcckt mit nat\u00fcrlichem Magnesit in unregelm\u00e4\u00dfiger &#038; somit einzigartiger Rohform, sowie kleinen Blatt Anh\u00e4ngern in antiksilber (12mm) *du bekommst deine Ohrsch\u00e4tze h\u00fcbsch verpackt in einer handbedruckten Box aus recyceltem Altpapier, mit beigelegtem Steckbrief auf dem du die wichtigsten Infos zu deinem neuen Begleiter nachlesen kannst *aufgrund &hellip; <a href=\"https:\/\/www.regionalis.shop\/ricardart\/shop\/magnesit-creolen-leaf-edelstahl\/\">Continued<\/a><\/p>\n","protected":false},"featured_media":2582,"template":"","meta":{"_acf_changed":false},"product_brand":[],"product_cat":[163,70],"product_tag":[],"class_list":{"0":"post-2581","1":"product","2":"type-product","3":"status-publish","4":"has-post-thumbnail","6":"product_cat-ohrringe","7":"product_cat-schmuck","9":"first","10":"instock","11":"purchasable","12":"product-type-simple"},"acf":[],"_links":{"self":[{"href":"https:\/\/www.regionalis.shop\/ricardart\/wp-json\/wp\/v2\/product\/2581","targetHints":{"allow":["GET"]}}],"collection":[{"href":"https:\/\/www.regionalis.shop\/ricardart\/wp-json\/wp\/v2\/product"}],"about":[{"href":"https:\/\/www.regionalis.shop\/ricardart\/wp-json\/wp\/v2\/types\/product"}],"wp:featuredmedia":[{"embeddable":true,"href":"https:\/\/www.regionalis.shop\/ricardart\/wp-json\/wp\/v2\/media\/2582"}],"wp:attachment":[{"href":"https:\/\/www.regionalis.shop\/ricardart\/wp-json\/wp\/v2\/media?parent=2581"}],"wp:term":[{"taxonomy":"product_brand","embeddable":true,"href":"https:\/\/www.regionalis.shop\/ricardart\/wp-json\/wp\/v2\/product_brand?post=2581"},{"taxonomy":"product_cat","embeddable":true,"href":"https:\/\/www.regionalis.shop\/ricardart\/wp-json\/wp\/v2\/product_cat?post=2581"},{"taxonomy":"product_tag","embeddable":true,"href":"https:\/\/www.regionalis.shop\/ricardart\/wp-json\/wp\/v2\/product_tag?post=2581"}],"curies":[{"name":"wp","href":"https:\/\/api.w.org\/{rel}","templated":true}]}}