{"id":2596,"date":"2025-04-18T03:23:49","date_gmt":"2025-04-18T01:23:49","guid":{"rendered":"https:\/\/www.regionalis.shop\/ricardart\/product\/kauri-ohrringe-aventurin-chrysokoll\/"},"modified":"2025-04-18T03:23:49","modified_gmt":"2025-04-18T01:23:49","slug":"kauri-ohrringe-aventurin-chrysokoll","status":"publish","type":"product","link":"https:\/\/www.regionalis.shop\/ricardart\/shop\/kauri-ohrringe-aventurin-chrysokoll\/","title":{"rendered":"KAURI Ohrringe &#8218;Aventurin &#8211; Chrysokoll&#8216;"},"content":{"rendered":"<p>Sommerliche Ohrringe mit nat\u00fcrlichen Kauris, Ohrhaken aus Edelstahl  &#038; nat\u00fcrlichen Edelsteinperlen<br \/>\nGesamtl\u00e4nge: 6cm (ohne Haken)<\/p>\n","protected":false},"excerpt":{"rendered":"<p>Sommerliche Ohrringe mit nat\u00fcrlichen Kauris, Ohrhaken aus Edelstahl &#038; nat\u00fcrlichen Edelsteinperlen Gesamtl\u00e4nge: 6cm (ohne Haken)<\/p>\n","protected":false},"featured_media":2597,"template":"","meta":{"_acf_changed":false},"product_brand":[],"product_cat":[163,70],"product_tag":[],"class_list":{"0":"post-2596","1":"product","2":"type-product","3":"status-publish","4":"has-post-thumbnail","6":"product_cat-ohrringe","7":"product_cat-schmuck","9":"first","10":"instock","11":"purchasable","12":"product-type-simple"},"acf":[],"_links":{"self":[{"href":"https:\/\/www.regionalis.shop\/ricardart\/wp-json\/wp\/v2\/product\/2596","targetHints":{"allow":["GET"]}}],"collection":[{"href":"https:\/\/www.regionalis.shop\/ricardart\/wp-json\/wp\/v2\/product"}],"about":[{"href":"https:\/\/www.regionalis.shop\/ricardart\/wp-json\/wp\/v2\/types\/product"}],"wp:featuredmedia":[{"embeddable":true,"href":"https:\/\/www.regionalis.shop\/ricardart\/wp-json\/wp\/v2\/media\/2597"}],"wp:attachment":[{"href":"https:\/\/www.regionalis.shop\/ricardart\/wp-json\/wp\/v2\/media?parent=2596"}],"wp:term":[{"taxonomy":"product_brand","embeddable":true,"href":"https:\/\/www.regionalis.shop\/ricardart\/wp-json\/wp\/v2\/product_brand?post=2596"},{"taxonomy":"product_cat","embeddable":true,"href":"https:\/\/www.regionalis.shop\/ricardart\/wp-json\/wp\/v2\/product_cat?post=2596"},{"taxonomy":"product_tag","embeddable":true,"href":"https:\/\/www.regionalis.shop\/ricardart\/wp-json\/wp\/v2\/product_tag?post=2596"}],"curies":[{"name":"wp","href":"https:\/\/api.w.org\/{rel}","templated":true}]}}