{"id":2599,"date":"2025-04-18T03:20:16","date_gmt":"2025-04-18T01:20:16","guid":{"rendered":"https:\/\/www.regionalis.shop\/ricardart\/product\/fusskettchen-rhodonit-beige-rose\/"},"modified":"2025-04-18T03:20:16","modified_gmt":"2025-04-18T01:20:16","slug":"fusskettchen-rhodonit-beige-rose","status":"publish","type":"product","link":"https:\/\/www.regionalis.shop\/ricardart\/shop\/fusskettchen-rhodonit-beige-rose\/","title":{"rendered":"Fu\u00dfkettchen &#8218;Rhodonit-beige\/ros\u00e9&#8216;"},"content":{"rendered":"<p>Ein Must-Have f\u00fcr den Sommer \u2661<br \/>\nDer l\u00e4ngenverstellbare Schiebeknoten des Fu\u00dfkettchens l\u00e4sst sich an jedes Bein individuell anpassen. Das verwendete Makrameegarn ist gewachst, sehr strapazierf\u00e4hig und darf gerne auch nass werden. Perfekt also f\u00fcr die Badesaison und f\u00fcr dauerhaftes Tragen <\/p>\n<p>\u300bRhodochrosit\u00a0(Herzchakra\/An\u00e3hata)<br \/>\nKreativit\u00e4t-Lebensfreude-Wandel-Vitalit\u00e4t<br \/>\nSchenkt dir neue Perspektiven &#038; ist in Zeiten des Wandels ein treuer und unterst\u00fctzender Begleiter \u2661 Vitalit\u00e4t &#038; Lebensfreude werden gest\u00e4rkt und die positiven Dinge des Lebens r\u00fccken mit diesem rosaroten Schatz immer mehr in den Vordergrund \u2661\u00a0<br \/>\nDer Rhodochrosit wird au\u00dferdem auch bei Hauptproblem angewendet (direkter Hautkontakt oder mit Edelsteinwasser)\u300a<\/p>\n","protected":false},"excerpt":{"rendered":"<p>Ein Must-Have f\u00fcr den Sommer \u2661 Der l\u00e4ngenverstellbare Schiebeknoten des Fu\u00dfkettchens l\u00e4sst sich an jedes Bein individuell anpassen. Das verwendete Makrameegarn ist gewachst, sehr strapazierf\u00e4hig und darf gerne auch nass werden. Perfekt also f\u00fcr die Badesaison und f\u00fcr dauerhaftes Tragen \u300bRhodochrosit\u00a0(Herzchakra\/An\u00e3hata) Kreativit\u00e4t-Lebensfreude-Wandel-Vitalit\u00e4t Schenkt dir neue Perspektiven &#038; ist in Zeiten des Wandels ein treuer und &hellip; <a href=\"https:\/\/www.regionalis.shop\/ricardart\/shop\/fusskettchen-rhodonit-beige-rose\/\">Continued<\/a><\/p>\n","protected":false},"featured_media":2600,"template":"","meta":{"_acf_changed":false},"product_brand":[],"product_cat":[154,70],"product_tag":[],"class_list":{"0":"post-2599","1":"product","2":"type-product","3":"status-publish","4":"has-post-thumbnail","6":"product_cat-koerperschmuck","7":"product_cat-schmuck","9":"first","10":"instock","11":"purchasable","12":"product-type-simple"},"acf":[],"_links":{"self":[{"href":"https:\/\/www.regionalis.shop\/ricardart\/wp-json\/wp\/v2\/product\/2599","targetHints":{"allow":["GET"]}}],"collection":[{"href":"https:\/\/www.regionalis.shop\/ricardart\/wp-json\/wp\/v2\/product"}],"about":[{"href":"https:\/\/www.regionalis.shop\/ricardart\/wp-json\/wp\/v2\/types\/product"}],"wp:featuredmedia":[{"embeddable":true,"href":"https:\/\/www.regionalis.shop\/ricardart\/wp-json\/wp\/v2\/media\/2600"}],"wp:attachment":[{"href":"https:\/\/www.regionalis.shop\/ricardart\/wp-json\/wp\/v2\/media?parent=2599"}],"wp:term":[{"taxonomy":"product_brand","embeddable":true,"href":"https:\/\/www.regionalis.shop\/ricardart\/wp-json\/wp\/v2\/product_brand?post=2599"},{"taxonomy":"product_cat","embeddable":true,"href":"https:\/\/www.regionalis.shop\/ricardart\/wp-json\/wp\/v2\/product_cat?post=2599"},{"taxonomy":"product_tag","embeddable":true,"href":"https:\/\/www.regionalis.shop\/ricardart\/wp-json\/wp\/v2\/product_tag?post=2599"}],"curies":[{"name":"wp","href":"https:\/\/api.w.org\/{rel}","templated":true}]}}