{"id":2603,"date":"2025-04-18T03:20:16","date_gmt":"2025-04-18T01:20:16","guid":{"rendered":"https:\/\/www.regionalis.shop\/ricardart\/product\/tuerkis-creolen-crystal-healing-edelstahl-vergoldet\/"},"modified":"2025-04-18T03:20:16","modified_gmt":"2025-04-18T01:20:16","slug":"tuerkis-creolen-crystal-healing-edelstahl-vergoldet","status":"publish","type":"product","link":"https:\/\/www.regionalis.shop\/ricardart\/shop\/tuerkis-creolen-crystal-healing-edelstahl-vergoldet\/","title":{"rendered":"T\u00fcrkis Creolen &#8218;crystal healing&#8216; *Edelstahl (vergoldet)"},"content":{"rendered":"<p>Kraftvolle Edelsteincreolen mit nat\u00fcrlichem T\u00fcrkis in seiner wundersch\u00f6nen &#038; einzigartigen Rohform \u2661<br \/>\nDie Creolen sind hergestellt aus hochwertigem, (vergoldetem) Edelstahl und haben einen Durchmesser von 30mm.<br \/>\nAufgrund der Einzigartigkeit der einzelnen Edelsteine wird auch jedes Schmuckst\u00fcck zu einem Unikat &#038; somit einzigartig &#8211; so einzigartig wie du \u2661<\/p>\n","protected":false},"excerpt":{"rendered":"<p>Kraftvolle Edelsteincreolen mit nat\u00fcrlichem T\u00fcrkis in seiner wundersch\u00f6nen &#038; einzigartigen Rohform \u2661 Die Creolen sind hergestellt aus hochwertigem, (vergoldetem) Edelstahl und haben einen Durchmesser von 30mm. Aufgrund der Einzigartigkeit der einzelnen Edelsteine wird auch jedes Schmuckst\u00fcck zu einem Unikat &#038; somit einzigartig &#8211; so einzigartig wie du \u2661<\/p>\n","protected":false},"featured_media":2604,"template":"","meta":{"_acf_changed":false},"product_brand":[],"product_cat":[163,70],"product_tag":[],"class_list":{"0":"post-2603","1":"product","2":"type-product","3":"status-publish","4":"has-post-thumbnail","6":"product_cat-ohrringe","7":"product_cat-schmuck","9":"first","10":"instock","11":"purchasable","12":"product-type-simple"},"acf":[],"_links":{"self":[{"href":"https:\/\/www.regionalis.shop\/ricardart\/wp-json\/wp\/v2\/product\/2603","targetHints":{"allow":["GET"]}}],"collection":[{"href":"https:\/\/www.regionalis.shop\/ricardart\/wp-json\/wp\/v2\/product"}],"about":[{"href":"https:\/\/www.regionalis.shop\/ricardart\/wp-json\/wp\/v2\/types\/product"}],"wp:featuredmedia":[{"embeddable":true,"href":"https:\/\/www.regionalis.shop\/ricardart\/wp-json\/wp\/v2\/media\/2604"}],"wp:attachment":[{"href":"https:\/\/www.regionalis.shop\/ricardart\/wp-json\/wp\/v2\/media?parent=2603"}],"wp:term":[{"taxonomy":"product_brand","embeddable":true,"href":"https:\/\/www.regionalis.shop\/ricardart\/wp-json\/wp\/v2\/product_brand?post=2603"},{"taxonomy":"product_cat","embeddable":true,"href":"https:\/\/www.regionalis.shop\/ricardart\/wp-json\/wp\/v2\/product_cat?post=2603"},{"taxonomy":"product_tag","embeddable":true,"href":"https:\/\/www.regionalis.shop\/ricardart\/wp-json\/wp\/v2\/product_tag?post=2603"}],"curies":[{"name":"wp","href":"https:\/\/api.w.org\/{rel}","templated":true}]}}