{"id":2621,"date":"2025-04-18T03:19:42","date_gmt":"2025-04-18T01:19:42","guid":{"rendered":"https:\/\/www.regionalis.shop\/ricardart\/product\/chakra-haematit-armband-baum-des-lebens\/"},"modified":"2025-04-18T03:19:42","modified_gmt":"2025-04-18T01:19:42","slug":"chakra-haematit-armband-baum-des-lebens","status":"publish","type":"product","link":"https:\/\/www.regionalis.shop\/ricardart\/shop\/chakra-haematit-armband-baum-des-lebens\/","title":{"rendered":"CHAKRA H\u00c4MATIT Armband *BAUM DES LEBENS*"},"content":{"rendered":"<p>Kraftvolles Armband mit Lebensbaum aus H\u00e4matit (14mm Durchmesser) &#038; l\u00e4ngenverstellbarem Schiebeknoten zum individuellen anpassen.<br \/>\nVon Hand gefertigt mit 7 sorgf\u00e4ltig ausgew\u00e4hlten Heilsteinen\/ Edelsteinen (6mm Perlen) zur Harmonisierung unserer Chakren, f\u00fcr mehr innere Balance &#038; Harmonie<br \/>\n\u300bDu bekommst dein Armband liebevoll verpackt in einer handbedruckten Box aus recyceltem Altpapier- individuell und umweltbewusst\u300a<\/p>\n<p>* durch die Einzigartigkeit der einzelnen Edelsteine wird auch  jedes Schmuckst\u00fcck zu einem Unikat und somit einzigartig- so einzigartig wie du<\/p>\n","protected":false},"excerpt":{"rendered":"<p>Kraftvolles Armband mit Lebensbaum aus H\u00e4matit (14mm Durchmesser) &#038; l\u00e4ngenverstellbarem Schiebeknoten zum individuellen anpassen. Von Hand gefertigt mit 7 sorgf\u00e4ltig ausgew\u00e4hlten Heilsteinen\/ Edelsteinen (6mm Perlen) zur Harmonisierung unserer Chakren, f\u00fcr mehr innere Balance &#038; Harmonie \u300bDu bekommst dein Armband liebevoll verpackt in einer handbedruckten Box aus recyceltem Altpapier- individuell und umweltbewusst\u300a * durch die Einzigartigkeit &hellip; <a href=\"https:\/\/www.regionalis.shop\/ricardart\/shop\/chakra-haematit-armband-baum-des-lebens\/\">Continued<\/a><\/p>\n","protected":false},"featured_media":2622,"template":"","meta":{"_acf_changed":false},"product_brand":[],"product_cat":[110,70],"product_tag":[],"class_list":{"0":"post-2621","1":"product","2":"type-product","3":"status-publish","4":"has-post-thumbnail","6":"product_cat-armbaender","7":"product_cat-schmuck","9":"first","10":"instock","11":"purchasable","12":"product-type-simple"},"acf":[],"_links":{"self":[{"href":"https:\/\/www.regionalis.shop\/ricardart\/wp-json\/wp\/v2\/product\/2621","targetHints":{"allow":["GET"]}}],"collection":[{"href":"https:\/\/www.regionalis.shop\/ricardart\/wp-json\/wp\/v2\/product"}],"about":[{"href":"https:\/\/www.regionalis.shop\/ricardart\/wp-json\/wp\/v2\/types\/product"}],"wp:featuredmedia":[{"embeddable":true,"href":"https:\/\/www.regionalis.shop\/ricardart\/wp-json\/wp\/v2\/media\/2622"}],"wp:attachment":[{"href":"https:\/\/www.regionalis.shop\/ricardart\/wp-json\/wp\/v2\/media?parent=2621"}],"wp:term":[{"taxonomy":"product_brand","embeddable":true,"href":"https:\/\/www.regionalis.shop\/ricardart\/wp-json\/wp\/v2\/product_brand?post=2621"},{"taxonomy":"product_cat","embeddable":true,"href":"https:\/\/www.regionalis.shop\/ricardart\/wp-json\/wp\/v2\/product_cat?post=2621"},{"taxonomy":"product_tag","embeddable":true,"href":"https:\/\/www.regionalis.shop\/ricardart\/wp-json\/wp\/v2\/product_tag?post=2621"}],"curies":[{"name":"wp","href":"https:\/\/api.w.org\/{rel}","templated":true}]}}