{"id":2630,"date":"2025-04-18T03:17:18","date_gmt":"2025-04-18T01:17:18","guid":{"rendered":"https:\/\/www.regionalis.shop\/ricardart\/product\/chakra-armband-lotus-4mm\/"},"modified":"2025-04-18T03:17:18","modified_gmt":"2025-04-18T01:17:18","slug":"chakra-armband-lotus-4mm","status":"publish","type":"product","link":"https:\/\/www.regionalis.shop\/ricardart\/shop\/chakra-armband-lotus-4mm\/","title":{"rendered":"CHAKRA Armband *LOTUS* 4mm"},"content":{"rendered":"<p>Kraftvolles Chakraarmband aus gewachstem, sehr strapazierf\u00e4higem Makrameegarn (wasserfest), mit 7 sorgf\u00e4ltig ausgew\u00e4hlten Edelsteinen (4mm Perlen) zur Harmonisierung &#038; Stabilisierung unserer Chakren &#038; f\u00fcr innere Balance  Die Zwischenperlen sind wahlweise aus Edelstahl (silber) oder aus 18k vergoldetem Kupfer<br \/>\nDank l\u00e4ngenverstellbarem Schiebeknoten an fast jedes Handgelenk anpassbar.<br \/>\n*du bekommst dein Armband h\u00fcbsch verpackt &#038; mit pers\u00f6nlichem Steckbrief beigelegt auf dem du die wichtigsten Infos zu deinem neuen Begleiter nachlesen kannst<\/p>\n","protected":false},"excerpt":{"rendered":"<p>Kraftvolles Chakraarmband aus gewachstem, sehr strapazierf\u00e4higem Makrameegarn (wasserfest), mit 7 sorgf\u00e4ltig ausgew\u00e4hlten Edelsteinen (4mm Perlen) zur Harmonisierung &#038; Stabilisierung unserer Chakren &#038; f\u00fcr innere Balance Die Zwischenperlen sind wahlweise aus Edelstahl (silber) oder aus 18k vergoldetem Kupfer Dank l\u00e4ngenverstellbarem Schiebeknoten an fast jedes Handgelenk anpassbar. *du bekommst dein Armband h\u00fcbsch verpackt &#038; mit pers\u00f6nlichem Steckbrief &hellip; <a href=\"https:\/\/www.regionalis.shop\/ricardart\/shop\/chakra-armband-lotus-4mm\/\">Continued<\/a><\/p>\n","protected":false},"featured_media":2631,"template":"","meta":{"_acf_changed":false},"product_brand":[],"product_cat":[110,70],"product_tag":[],"class_list":{"0":"post-2630","1":"product","2":"type-product","3":"status-publish","4":"has-post-thumbnail","6":"product_cat-armbaender","7":"product_cat-schmuck","9":"first","10":"instock","11":"purchasable","12":"product-type-simple"},"acf":[],"_links":{"self":[{"href":"https:\/\/www.regionalis.shop\/ricardart\/wp-json\/wp\/v2\/product\/2630","targetHints":{"allow":["GET"]}}],"collection":[{"href":"https:\/\/www.regionalis.shop\/ricardart\/wp-json\/wp\/v2\/product"}],"about":[{"href":"https:\/\/www.regionalis.shop\/ricardart\/wp-json\/wp\/v2\/types\/product"}],"wp:featuredmedia":[{"embeddable":true,"href":"https:\/\/www.regionalis.shop\/ricardart\/wp-json\/wp\/v2\/media\/2631"}],"wp:attachment":[{"href":"https:\/\/www.regionalis.shop\/ricardart\/wp-json\/wp\/v2\/media?parent=2630"}],"wp:term":[{"taxonomy":"product_brand","embeddable":true,"href":"https:\/\/www.regionalis.shop\/ricardart\/wp-json\/wp\/v2\/product_brand?post=2630"},{"taxonomy":"product_cat","embeddable":true,"href":"https:\/\/www.regionalis.shop\/ricardart\/wp-json\/wp\/v2\/product_cat?post=2630"},{"taxonomy":"product_tag","embeddable":true,"href":"https:\/\/www.regionalis.shop\/ricardart\/wp-json\/wp\/v2\/product_tag?post=2630"}],"curies":[{"name":"wp","href":"https:\/\/api.w.org\/{rel}","templated":true}]}}