{"id":2634,"date":"2025-04-18T03:17:01","date_gmt":"2025-04-18T01:17:01","guid":{"rendered":"https:\/\/www.regionalis.shop\/ricardart\/product\/makramee-ohrringe-mandala-circle-gold-kamelbraun\/"},"modified":"2025-04-18T03:17:01","modified_gmt":"2025-04-18T01:17:01","slug":"makramee-ohrringe-mandala-circle-gold-kamelbraun","status":"publish","type":"product","link":"https:\/\/www.regionalis.shop\/ricardart\/shop\/makramee-ohrringe-mandala-circle-gold-kamelbraun\/","title":{"rendered":"Makramee Ohrringe *MANDALA Circle* gold\/kamelbraun"},"content":{"rendered":"<p>Handgefertigte Ohrringe im Bohemian &#8211; Stil \u2661 Mit 14mm Mandala &#038; 30mm Hoops aus vergoldetem Messing. Die Ohrhaken sind aus vergoldetem, nickelfreiem Edelstahl und sollten auch f\u00fcr Allergiker und sehr sensible Ohren keine Probleme bereiten. Umkn\u00fcpft mit kamelbraunem Baumwollgarn ergeben sie eine Gesamtl\u00e4nge von ca. 50mm (ohne Ohrhaken)<\/p>\n","protected":false},"excerpt":{"rendered":"<p>Handgefertigte Ohrringe im Bohemian &#8211; Stil \u2661 Mit 14mm Mandala &#038; 30mm Hoops aus vergoldetem Messing. Die Ohrhaken sind aus vergoldetem, nickelfreiem Edelstahl und sollten auch f\u00fcr Allergiker und sehr sensible Ohren keine Probleme bereiten. Umkn\u00fcpft mit kamelbraunem Baumwollgarn ergeben sie eine Gesamtl\u00e4nge von ca. 50mm (ohne Ohrhaken)<\/p>\n","protected":false},"featured_media":2635,"template":"","meta":{"_acf_changed":false},"product_brand":[],"product_cat":[163,70],"product_tag":[],"class_list":{"0":"post-2634","1":"product","2":"type-product","3":"status-publish","4":"has-post-thumbnail","6":"product_cat-ohrringe","7":"product_cat-schmuck","9":"first","10":"instock","11":"purchasable","12":"product-type-simple"},"acf":[],"_links":{"self":[{"href":"https:\/\/www.regionalis.shop\/ricardart\/wp-json\/wp\/v2\/product\/2634","targetHints":{"allow":["GET"]}}],"collection":[{"href":"https:\/\/www.regionalis.shop\/ricardart\/wp-json\/wp\/v2\/product"}],"about":[{"href":"https:\/\/www.regionalis.shop\/ricardart\/wp-json\/wp\/v2\/types\/product"}],"wp:featuredmedia":[{"embeddable":true,"href":"https:\/\/www.regionalis.shop\/ricardart\/wp-json\/wp\/v2\/media\/2635"}],"wp:attachment":[{"href":"https:\/\/www.regionalis.shop\/ricardart\/wp-json\/wp\/v2\/media?parent=2634"}],"wp:term":[{"taxonomy":"product_brand","embeddable":true,"href":"https:\/\/www.regionalis.shop\/ricardart\/wp-json\/wp\/v2\/product_brand?post=2634"},{"taxonomy":"product_cat","embeddable":true,"href":"https:\/\/www.regionalis.shop\/ricardart\/wp-json\/wp\/v2\/product_cat?post=2634"},{"taxonomy":"product_tag","embeddable":true,"href":"https:\/\/www.regionalis.shop\/ricardart\/wp-json\/wp\/v2\/product_tag?post=2634"}],"curies":[{"name":"wp","href":"https:\/\/api.w.org\/{rel}","templated":true}]}}