{"id":2648,"date":"2025-04-18T03:13:21","date_gmt":"2025-04-18T01:13:21","guid":{"rendered":"https:\/\/www.regionalis.shop\/ricardart\/product\/chakra-armband-nature\/"},"modified":"2025-04-18T03:13:21","modified_gmt":"2025-04-18T01:13:21","slug":"chakra-armband-nature","status":"publish","type":"product","link":"https:\/\/www.regionalis.shop\/ricardart\/shop\/chakra-armband-nature\/","title":{"rendered":"CHAKRA Armband *nature*"},"content":{"rendered":"<p>Kraftvolles Armband mit l\u00e4ngenverstellbarem Schiebeknoten zum individuellen anpassen<br \/>\nAngefertigt mit 7 sorgf\u00e4ltig ausgew\u00e4hlten Heilsteinen\/ Edelsteinen in ihrer wundersch\u00f6nen &#038; einzigartigen Rohform (jedes St\u00fcck ein Unikat )<\/p>\n<p>\u300bf\u00fcr mehr innere Balance &#038; Harmonie\u300a <\/p>\n<p>Du bekommst dein Armband liebevoll verpackt im Naturleinenbeutel inkl. Chakrabeschreibung<\/p>\n","protected":false},"excerpt":{"rendered":"<p>Kraftvolles Armband mit l\u00e4ngenverstellbarem Schiebeknoten zum individuellen anpassen Angefertigt mit 7 sorgf\u00e4ltig ausgew\u00e4hlten Heilsteinen\/ Edelsteinen in ihrer wundersch\u00f6nen &#038; einzigartigen Rohform (jedes St\u00fcck ein Unikat ) \u300bf\u00fcr mehr innere Balance &#038; Harmonie\u300a Du bekommst dein Armband liebevoll verpackt im Naturleinenbeutel inkl. Chakrabeschreibung<\/p>\n","protected":false},"featured_media":2649,"template":"","meta":{"_acf_changed":false},"product_brand":[],"product_cat":[110,70],"product_tag":[],"class_list":{"0":"post-2648","1":"product","2":"type-product","3":"status-publish","4":"has-post-thumbnail","6":"product_cat-armbaender","7":"product_cat-schmuck","9":"first","10":"instock","11":"purchasable","12":"product-type-simple"},"acf":[],"_links":{"self":[{"href":"https:\/\/www.regionalis.shop\/ricardart\/wp-json\/wp\/v2\/product\/2648","targetHints":{"allow":["GET"]}}],"collection":[{"href":"https:\/\/www.regionalis.shop\/ricardart\/wp-json\/wp\/v2\/product"}],"about":[{"href":"https:\/\/www.regionalis.shop\/ricardart\/wp-json\/wp\/v2\/types\/product"}],"wp:featuredmedia":[{"embeddable":true,"href":"https:\/\/www.regionalis.shop\/ricardart\/wp-json\/wp\/v2\/media\/2649"}],"wp:attachment":[{"href":"https:\/\/www.regionalis.shop\/ricardart\/wp-json\/wp\/v2\/media?parent=2648"}],"wp:term":[{"taxonomy":"product_brand","embeddable":true,"href":"https:\/\/www.regionalis.shop\/ricardart\/wp-json\/wp\/v2\/product_brand?post=2648"},{"taxonomy":"product_cat","embeddable":true,"href":"https:\/\/www.regionalis.shop\/ricardart\/wp-json\/wp\/v2\/product_cat?post=2648"},{"taxonomy":"product_tag","embeddable":true,"href":"https:\/\/www.regionalis.shop\/ricardart\/wp-json\/wp\/v2\/product_tag?post=2648"}],"curies":[{"name":"wp","href":"https:\/\/api.w.org\/{rel}","templated":true}]}}