{"id":2660,"date":"2025-04-18T03:09:30","date_gmt":"2025-04-18T01:09:30","guid":{"rendered":"https:\/\/www.regionalis.shop\/ricardart\/product\/bergkristall-schwarze-lava-wegbegleiter-erkenntnis-entschlossenheit\/"},"modified":"2025-04-18T03:09:30","modified_gmt":"2025-04-18T01:09:30","slug":"bergkristall-schwarze-lava-wegbegleiter-erkenntnis-entschlossenheit","status":"publish","type":"product","link":"https:\/\/www.regionalis.shop\/ricardart\/shop\/bergkristall-schwarze-lava-wegbegleiter-erkenntnis-entschlossenheit\/","title":{"rendered":"Bergkristall &#038; schwarze Lava WEGBEGLEITER *ERKENNTNIS &#038; ENTSCHLOSSENHEIT*"},"content":{"rendered":"<p>Ein kraftvoller Begleiter mit nat\u00fcrlichem Bergkristall &#038; schwarzem Lavaperlen mit 6mm Durchmesser, sowie mit hochwertigem Edelstahlverschluss inkl. Gliederkettchen zum variieren der L\u00e4nge.<br \/>\n\u300bDu bekommst dein Schmuckst\u00fcck h\u00fcbsch verpackt in einer handbedruckten Box aus recyceltem Altpapier, mit pers\u00f6nlichem Steckbrief beigelegt, auf dem du die wichtigsten Infos zu Deinem neuen Begleiter nachlesen kannst<\/p>\n","protected":false},"excerpt":{"rendered":"<p>Ein kraftvoller Begleiter mit nat\u00fcrlichem Bergkristall &#038; schwarzem Lavaperlen mit 6mm Durchmesser, sowie mit hochwertigem Edelstahlverschluss inkl. Gliederkettchen zum variieren der L\u00e4nge. \u300bDu bekommst dein Schmuckst\u00fcck h\u00fcbsch verpackt in einer handbedruckten Box aus recyceltem Altpapier, mit pers\u00f6nlichem Steckbrief beigelegt, auf dem du die wichtigsten Infos zu Deinem neuen Begleiter nachlesen kannst<\/p>\n","protected":false},"featured_media":2661,"template":"","meta":{"_acf_changed":false},"product_brand":[],"product_cat":[110,70],"product_tag":[],"class_list":{"0":"post-2660","1":"product","2":"type-product","3":"status-publish","4":"has-post-thumbnail","6":"product_cat-armbaender","7":"product_cat-schmuck","9":"first","10":"instock","11":"purchasable","12":"product-type-simple"},"acf":[],"_links":{"self":[{"href":"https:\/\/www.regionalis.shop\/ricardart\/wp-json\/wp\/v2\/product\/2660","targetHints":{"allow":["GET"]}}],"collection":[{"href":"https:\/\/www.regionalis.shop\/ricardart\/wp-json\/wp\/v2\/product"}],"about":[{"href":"https:\/\/www.regionalis.shop\/ricardart\/wp-json\/wp\/v2\/types\/product"}],"wp:featuredmedia":[{"embeddable":true,"href":"https:\/\/www.regionalis.shop\/ricardart\/wp-json\/wp\/v2\/media\/2661"}],"wp:attachment":[{"href":"https:\/\/www.regionalis.shop\/ricardart\/wp-json\/wp\/v2\/media?parent=2660"}],"wp:term":[{"taxonomy":"product_brand","embeddable":true,"href":"https:\/\/www.regionalis.shop\/ricardart\/wp-json\/wp\/v2\/product_brand?post=2660"},{"taxonomy":"product_cat","embeddable":true,"href":"https:\/\/www.regionalis.shop\/ricardart\/wp-json\/wp\/v2\/product_cat?post=2660"},{"taxonomy":"product_tag","embeddable":true,"href":"https:\/\/www.regionalis.shop\/ricardart\/wp-json\/wp\/v2\/product_tag?post=2660"}],"curies":[{"name":"wp","href":"https:\/\/api.w.org\/{rel}","templated":true}]}}