{"id":2666,"date":"2025-04-18T03:08:20","date_gmt":"2025-04-18T01:08:20","guid":{"rendered":"https:\/\/www.regionalis.shop\/ricardart\/product\/fusskettchen-lavastein-natur\/"},"modified":"2025-04-18T03:08:20","modified_gmt":"2025-04-18T01:08:20","slug":"fusskettchen-lavastein-natur","status":"publish","type":"product","link":"https:\/\/www.regionalis.shop\/ricardart\/shop\/fusskettchen-lavastein-natur\/","title":{"rendered":"Fu\u00dfkettchen &#8218;Lavastein natur&#8220;"},"content":{"rendered":"<p>Zartes zweireihiges Fu\u00dfband mit nat\u00fcrlichen schwarzen Lavaperlen (4mm) &#038; 18k vergoldeten Kupferperlen<br \/>\nDas verwendete Makrameegarn ist gewachst, sehr strapazierf\u00e4hig und darf gerne auch nass werden. Perfekt also f\u00fcr die Badesaison und f\u00fcr dauerhaftes Tragen \ud83d\ude42<br \/>\nDer l\u00e4ngenverstellbare Schiebeverschluss l\u00e4sst sich au\u00dferdem an jedes Bein individuell anpassen<br \/>\n*du bekommst dein Fu\u00dfband h\u00fcbsch verpackt mit pers\u00f6nlichem Steckbrief beigelegt, auf dem du die wichtigsten Infos zu deinem neuen Begleiter nachlesen kannst<\/p>\n","protected":false},"excerpt":{"rendered":"<p>Zartes zweireihiges Fu\u00dfband mit nat\u00fcrlichen schwarzen Lavaperlen (4mm) &#038; 18k vergoldeten Kupferperlen Das verwendete Makrameegarn ist gewachst, sehr strapazierf\u00e4hig und darf gerne auch nass werden. Perfekt also f\u00fcr die Badesaison und f\u00fcr dauerhaftes Tragen \ud83d\ude42 Der l\u00e4ngenverstellbare Schiebeverschluss l\u00e4sst sich au\u00dferdem an jedes Bein individuell anpassen *du bekommst dein Fu\u00dfband h\u00fcbsch verpackt mit pers\u00f6nlichem Steckbrief &hellip; <a href=\"https:\/\/www.regionalis.shop\/ricardart\/shop\/fusskettchen-lavastein-natur\/\">Continued<\/a><\/p>\n","protected":false},"featured_media":2667,"template":"","meta":{"_acf_changed":false},"product_brand":[],"product_cat":[154,70],"product_tag":[],"class_list":{"0":"post-2666","1":"product","2":"type-product","3":"status-publish","4":"has-post-thumbnail","6":"product_cat-koerperschmuck","7":"product_cat-schmuck","9":"first","10":"instock","11":"purchasable","12":"product-type-simple"},"acf":[],"_links":{"self":[{"href":"https:\/\/www.regionalis.shop\/ricardart\/wp-json\/wp\/v2\/product\/2666","targetHints":{"allow":["GET"]}}],"collection":[{"href":"https:\/\/www.regionalis.shop\/ricardart\/wp-json\/wp\/v2\/product"}],"about":[{"href":"https:\/\/www.regionalis.shop\/ricardart\/wp-json\/wp\/v2\/types\/product"}],"wp:featuredmedia":[{"embeddable":true,"href":"https:\/\/www.regionalis.shop\/ricardart\/wp-json\/wp\/v2\/media\/2667"}],"wp:attachment":[{"href":"https:\/\/www.regionalis.shop\/ricardart\/wp-json\/wp\/v2\/media?parent=2666"}],"wp:term":[{"taxonomy":"product_brand","embeddable":true,"href":"https:\/\/www.regionalis.shop\/ricardart\/wp-json\/wp\/v2\/product_brand?post=2666"},{"taxonomy":"product_cat","embeddable":true,"href":"https:\/\/www.regionalis.shop\/ricardart\/wp-json\/wp\/v2\/product_cat?post=2666"},{"taxonomy":"product_tag","embeddable":true,"href":"https:\/\/www.regionalis.shop\/ricardart\/wp-json\/wp\/v2\/product_tag?post=2666"}],"curies":[{"name":"wp","href":"https:\/\/api.w.org\/{rel}","templated":true}]}}