{"id":2670,"date":"2025-04-18T03:07:24","date_gmt":"2025-04-18T01:07:24","guid":{"rendered":"https:\/\/www.regionalis.shop\/ricardart\/product\/kauri-fusskettchen-turquoise\/"},"modified":"2025-04-18T03:07:24","modified_gmt":"2025-04-18T01:07:24","slug":"kauri-fusskettchen-turquoise","status":"publish","type":"product","link":"https:\/\/www.regionalis.shop\/ricardart\/shop\/kauri-fusskettchen-turquoise\/","title":{"rendered":"Kauri Fu\u00dfkettchen &#8218;Turquoise&#8216;"},"content":{"rendered":"<p>Sommerliches, doppelreihiges Fu\u00dfkettchen aus sehr strapazierf\u00e4higem Makrameegarn (gewachst &#038; wasserfest) mit l\u00e4ngenverstellbarem Schiebeknoten, 4mm T\u00fcrkisperlen &#038; Kaurimuschel<br \/>\nIdealer Begleiter f\u00fcr sommerliche Tage &#038; Kauri-Liebhaber \u2661<\/p>\n","protected":false},"excerpt":{"rendered":"<p>Sommerliches, doppelreihiges Fu\u00dfkettchen aus sehr strapazierf\u00e4higem Makrameegarn (gewachst &#038; wasserfest) mit l\u00e4ngenverstellbarem Schiebeknoten, 4mm T\u00fcrkisperlen &#038; Kaurimuschel Idealer Begleiter f\u00fcr sommerliche Tage &#038; Kauri-Liebhaber \u2661<\/p>\n","protected":false},"featured_media":2671,"template":"","meta":{"_acf_changed":false},"product_brand":[],"product_cat":[154,70],"product_tag":[],"class_list":{"0":"post-2670","1":"product","2":"type-product","3":"status-publish","4":"has-post-thumbnail","6":"product_cat-koerperschmuck","7":"product_cat-schmuck","9":"first","10":"instock","11":"purchasable","12":"product-type-simple"},"acf":[],"_links":{"self":[{"href":"https:\/\/www.regionalis.shop\/ricardart\/wp-json\/wp\/v2\/product\/2670","targetHints":{"allow":["GET"]}}],"collection":[{"href":"https:\/\/www.regionalis.shop\/ricardart\/wp-json\/wp\/v2\/product"}],"about":[{"href":"https:\/\/www.regionalis.shop\/ricardart\/wp-json\/wp\/v2\/types\/product"}],"wp:featuredmedia":[{"embeddable":true,"href":"https:\/\/www.regionalis.shop\/ricardart\/wp-json\/wp\/v2\/media\/2671"}],"wp:attachment":[{"href":"https:\/\/www.regionalis.shop\/ricardart\/wp-json\/wp\/v2\/media?parent=2670"}],"wp:term":[{"taxonomy":"product_brand","embeddable":true,"href":"https:\/\/www.regionalis.shop\/ricardart\/wp-json\/wp\/v2\/product_brand?post=2670"},{"taxonomy":"product_cat","embeddable":true,"href":"https:\/\/www.regionalis.shop\/ricardart\/wp-json\/wp\/v2\/product_cat?post=2670"},{"taxonomy":"product_tag","embeddable":true,"href":"https:\/\/www.regionalis.shop\/ricardart\/wp-json\/wp\/v2\/product_tag?post=2670"}],"curies":[{"name":"wp","href":"https:\/\/api.w.org\/{rel}","templated":true}]}}