{"id":2681,"date":"2025-04-18T03:06:06","date_gmt":"2025-04-18T01:06:06","guid":{"rendered":"https:\/\/www.regionalis.shop\/ricardart\/product\/fusskettchen-dalmatinerjaspis\/"},"modified":"2025-04-18T03:06:06","modified_gmt":"2025-04-18T01:06:06","slug":"fusskettchen-dalmatinerjaspis","status":"publish","type":"product","link":"https:\/\/www.regionalis.shop\/ricardart\/shop\/fusskettchen-dalmatinerjaspis\/","title":{"rendered":"Fu\u00dfkettchen &#8218;Dalmatinerjaspis&#8220;"},"content":{"rendered":"<p>Ein Must-Have f\u00fcr den Sommer \u2661<br \/>\nDer l\u00e4ngenverstellbare Schiebeknoten des Fu\u00dfkettchens l\u00e4sst sich an jedes Bein individuell anpassen. Das verwendete Makrameegarn ist gewachst, sehr strapazierf\u00e4hig und darf gerne auch nass werden. Perfekt also f\u00fcr die Badesaison und f\u00fcr dauerhaftes Tragen \ud83d\ude42<\/p>\n","protected":false},"excerpt":{"rendered":"<p>Ein Must-Have f\u00fcr den Sommer \u2661 Der l\u00e4ngenverstellbare Schiebeknoten des Fu\u00dfkettchens l\u00e4sst sich an jedes Bein individuell anpassen. Das verwendete Makrameegarn ist gewachst, sehr strapazierf\u00e4hig und darf gerne auch nass werden. Perfekt also f\u00fcr die Badesaison und f\u00fcr dauerhaftes Tragen \ud83d\ude42<\/p>\n","protected":false},"featured_media":2682,"template":"","meta":{"_acf_changed":false},"product_brand":[],"product_cat":[154,70],"product_tag":[],"class_list":{"0":"post-2681","1":"product","2":"type-product","3":"status-publish","4":"has-post-thumbnail","6":"product_cat-koerperschmuck","7":"product_cat-schmuck","9":"first","10":"instock","11":"purchasable","12":"product-type-simple"},"acf":[],"_links":{"self":[{"href":"https:\/\/www.regionalis.shop\/ricardart\/wp-json\/wp\/v2\/product\/2681","targetHints":{"allow":["GET"]}}],"collection":[{"href":"https:\/\/www.regionalis.shop\/ricardart\/wp-json\/wp\/v2\/product"}],"about":[{"href":"https:\/\/www.regionalis.shop\/ricardart\/wp-json\/wp\/v2\/types\/product"}],"wp:featuredmedia":[{"embeddable":true,"href":"https:\/\/www.regionalis.shop\/ricardart\/wp-json\/wp\/v2\/media\/2682"}],"wp:attachment":[{"href":"https:\/\/www.regionalis.shop\/ricardart\/wp-json\/wp\/v2\/media?parent=2681"}],"wp:term":[{"taxonomy":"product_brand","embeddable":true,"href":"https:\/\/www.regionalis.shop\/ricardart\/wp-json\/wp\/v2\/product_brand?post=2681"},{"taxonomy":"product_cat","embeddable":true,"href":"https:\/\/www.regionalis.shop\/ricardart\/wp-json\/wp\/v2\/product_cat?post=2681"},{"taxonomy":"product_tag","embeddable":true,"href":"https:\/\/www.regionalis.shop\/ricardart\/wp-json\/wp\/v2\/product_tag?post=2681"}],"curies":[{"name":"wp","href":"https:\/\/api.w.org\/{rel}","templated":true}]}}