{"id":2685,"date":"2025-04-18T03:06:06","date_gmt":"2025-04-18T01:06:06","guid":{"rendered":"https:\/\/www.regionalis.shop\/ricardart\/product\/fusskettchen-aventurin-gold\/"},"modified":"2025-04-18T03:06:06","modified_gmt":"2025-04-18T01:06:06","slug":"fusskettchen-aventurin-gold","status":"publish","type":"product","link":"https:\/\/www.regionalis.shop\/ricardart\/shop\/fusskettchen-aventurin-gold\/","title":{"rendered":"Fu\u00dfkettchen &#8218;Aventurin\/gold&#8220;"},"content":{"rendered":"<p>Zarte, zweireihige Edelsteinb\u00e4ndchen mit nat\u00fcrlichen Aventurinperlen (4mm)<br \/>\nDer l\u00e4ngenverstellbare Schiebeknoten des Fu\u00dfkettchens l\u00e4sst sich an jedes Bein individuell anpassen. Das verwendete Makrameegarn ist gewachst, sehr strapazierf\u00e4hig und darf gerne auch nass werden. Perfekt also f\u00fcr die Badesaison und f\u00fcr dauerhaftes Tragen \ud83d\ude42<\/p>\n","protected":false},"excerpt":{"rendered":"<p>Zarte, zweireihige Edelsteinb\u00e4ndchen mit nat\u00fcrlichen Aventurinperlen (4mm) Der l\u00e4ngenverstellbare Schiebeknoten des Fu\u00dfkettchens l\u00e4sst sich an jedes Bein individuell anpassen. Das verwendete Makrameegarn ist gewachst, sehr strapazierf\u00e4hig und darf gerne auch nass werden. Perfekt also f\u00fcr die Badesaison und f\u00fcr dauerhaftes Tragen \ud83d\ude42<\/p>\n","protected":false},"featured_media":2686,"template":"","meta":{"_acf_changed":false},"product_brand":[],"product_cat":[154,70],"product_tag":[],"class_list":{"0":"post-2685","1":"product","2":"type-product","3":"status-publish","4":"has-post-thumbnail","6":"product_cat-koerperschmuck","7":"product_cat-schmuck","9":"first","10":"instock","11":"purchasable","12":"product-type-simple"},"acf":[],"_links":{"self":[{"href":"https:\/\/www.regionalis.shop\/ricardart\/wp-json\/wp\/v2\/product\/2685","targetHints":{"allow":["GET"]}}],"collection":[{"href":"https:\/\/www.regionalis.shop\/ricardart\/wp-json\/wp\/v2\/product"}],"about":[{"href":"https:\/\/www.regionalis.shop\/ricardart\/wp-json\/wp\/v2\/types\/product"}],"wp:featuredmedia":[{"embeddable":true,"href":"https:\/\/www.regionalis.shop\/ricardart\/wp-json\/wp\/v2\/media\/2686"}],"wp:attachment":[{"href":"https:\/\/www.regionalis.shop\/ricardart\/wp-json\/wp\/v2\/media?parent=2685"}],"wp:term":[{"taxonomy":"product_brand","embeddable":true,"href":"https:\/\/www.regionalis.shop\/ricardart\/wp-json\/wp\/v2\/product_brand?post=2685"},{"taxonomy":"product_cat","embeddable":true,"href":"https:\/\/www.regionalis.shop\/ricardart\/wp-json\/wp\/v2\/product_cat?post=2685"},{"taxonomy":"product_tag","embeddable":true,"href":"https:\/\/www.regionalis.shop\/ricardart\/wp-json\/wp\/v2\/product_tag?post=2685"}],"curies":[{"name":"wp","href":"https:\/\/api.w.org\/{rel}","templated":true}]}}