{"id":2688,"date":"2025-04-18T03:06:06","date_gmt":"2025-04-18T01:06:06","guid":{"rendered":"https:\/\/www.regionalis.shop\/ricardart\/product\/aventurinkettchen-mandala-edelstahl-vergoldet\/"},"modified":"2025-04-18T03:06:06","modified_gmt":"2025-04-18T01:06:06","slug":"aventurinkettchen-mandala-edelstahl-vergoldet","status":"publish","type":"product","link":"https:\/\/www.regionalis.shop\/ricardart\/shop\/aventurinkettchen-mandala-edelstahl-vergoldet\/","title":{"rendered":"Aventurinkettchen &#8218;Mandala *Edelstahl vergoldet&#8216;"},"content":{"rendered":"<p>Zartes zweireihiges Edelsteinb\u00e4ndchen mit nat\u00fcrlichen Aventurinperlen (4mm)<br \/>\nDezent &#038; angenehm zu tragen &#8211; als feine Halskette,  Fu\u00dfkettchen oder auch ums Handgelenk.<br \/>\nDas Mandala &#038; der Karabinerverschluss sind aus vergoldetem Edelstahl (inkl. Verl\u00e4ngerungskettchen)<br \/>\nDas verwendete Makrameegarn ist gewachst, sehr strapazierf\u00e4hig und darf gerne auch nass werden.<\/p>\n","protected":false},"excerpt":{"rendered":"<p>Zartes zweireihiges Edelsteinb\u00e4ndchen mit nat\u00fcrlichen Aventurinperlen (4mm) Dezent &#038; angenehm zu tragen &#8211; als feine Halskette, Fu\u00dfkettchen oder auch ums Handgelenk. Das Mandala &#038; der Karabinerverschluss sind aus vergoldetem Edelstahl (inkl. Verl\u00e4ngerungskettchen) Das verwendete Makrameegarn ist gewachst, sehr strapazierf\u00e4hig und darf gerne auch nass werden.<\/p>\n","protected":false},"featured_media":2689,"template":"","meta":{"_acf_changed":false},"product_brand":[],"product_cat":[141,70],"product_tag":[],"class_list":{"0":"post-2688","1":"product","2":"type-product","3":"status-publish","4":"has-post-thumbnail","6":"product_cat-halsketten","7":"product_cat-schmuck","9":"first","10":"instock","11":"purchasable","12":"product-type-simple"},"acf":[],"_links":{"self":[{"href":"https:\/\/www.regionalis.shop\/ricardart\/wp-json\/wp\/v2\/product\/2688","targetHints":{"allow":["GET"]}}],"collection":[{"href":"https:\/\/www.regionalis.shop\/ricardart\/wp-json\/wp\/v2\/product"}],"about":[{"href":"https:\/\/www.regionalis.shop\/ricardart\/wp-json\/wp\/v2\/types\/product"}],"wp:featuredmedia":[{"embeddable":true,"href":"https:\/\/www.regionalis.shop\/ricardart\/wp-json\/wp\/v2\/media\/2689"}],"wp:attachment":[{"href":"https:\/\/www.regionalis.shop\/ricardart\/wp-json\/wp\/v2\/media?parent=2688"}],"wp:term":[{"taxonomy":"product_brand","embeddable":true,"href":"https:\/\/www.regionalis.shop\/ricardart\/wp-json\/wp\/v2\/product_brand?post=2688"},{"taxonomy":"product_cat","embeddable":true,"href":"https:\/\/www.regionalis.shop\/ricardart\/wp-json\/wp\/v2\/product_cat?post=2688"},{"taxonomy":"product_tag","embeddable":true,"href":"https:\/\/www.regionalis.shop\/ricardart\/wp-json\/wp\/v2\/product_tag?post=2688"}],"curies":[{"name":"wp","href":"https:\/\/api.w.org\/{rel}","templated":true}]}}