{"id":2692,"date":"2025-04-18T03:04:53","date_gmt":"2025-04-18T01:04:53","guid":{"rendered":"https:\/\/www.regionalis.shop\/ricardart\/product\/dalmatinerjaspis-halskette-saat-des-lebens\/"},"modified":"2025-04-18T03:04:53","modified_gmt":"2025-04-18T01:04:53","slug":"dalmatinerjaspis-halskette-saat-des-lebens","status":"publish","type":"product","link":"https:\/\/www.regionalis.shop\/ricardart\/shop\/dalmatinerjaspis-halskette-saat-des-lebens\/","title":{"rendered":"Dalmatinerjaspis Halskette *SAAT DES LEBENS*"},"content":{"rendered":"<p>Zarte, doppelreihige Halskette, von Hand gefertigt aus gewachstem Makrameegarn (wasserfest &#038; strapazierf\u00e4hig) mit l\u00e4ngenverstellbarem Schiebeverschluss zum individuellen Anpassen.<br \/>\nBest\u00fcckt mit nat\u00fcrlichen Dalmatinersteinperlen (~4mm) &#038; Lebenssaat Anh\u00e4nger aus hochwertigem Edelstahl (~25mm)<\/p>\n<p>*du bekommst dein Schmuckst\u00fcck h\u00fcbsch verpackt in einer handbedruckten Box aus recyceltem Altpapier<\/p>\n","protected":false},"excerpt":{"rendered":"<p>Zarte, doppelreihige Halskette, von Hand gefertigt aus gewachstem Makrameegarn (wasserfest &#038; strapazierf\u00e4hig) mit l\u00e4ngenverstellbarem Schiebeverschluss zum individuellen Anpassen. Best\u00fcckt mit nat\u00fcrlichen Dalmatinersteinperlen (~4mm) &#038; Lebenssaat Anh\u00e4nger aus hochwertigem Edelstahl (~25mm) *du bekommst dein Schmuckst\u00fcck h\u00fcbsch verpackt in einer handbedruckten Box aus recyceltem Altpapier<\/p>\n","protected":false},"featured_media":2693,"template":"","meta":{"_acf_changed":false},"product_brand":[],"product_cat":[141,70],"product_tag":[],"class_list":{"0":"post-2692","1":"product","2":"type-product","3":"status-publish","4":"has-post-thumbnail","6":"product_cat-halsketten","7":"product_cat-schmuck","9":"first","10":"instock","11":"purchasable","12":"product-type-simple"},"acf":[],"_links":{"self":[{"href":"https:\/\/www.regionalis.shop\/ricardart\/wp-json\/wp\/v2\/product\/2692","targetHints":{"allow":["GET"]}}],"collection":[{"href":"https:\/\/www.regionalis.shop\/ricardart\/wp-json\/wp\/v2\/product"}],"about":[{"href":"https:\/\/www.regionalis.shop\/ricardart\/wp-json\/wp\/v2\/types\/product"}],"wp:featuredmedia":[{"embeddable":true,"href":"https:\/\/www.regionalis.shop\/ricardart\/wp-json\/wp\/v2\/media\/2693"}],"wp:attachment":[{"href":"https:\/\/www.regionalis.shop\/ricardart\/wp-json\/wp\/v2\/media?parent=2692"}],"wp:term":[{"taxonomy":"product_brand","embeddable":true,"href":"https:\/\/www.regionalis.shop\/ricardart\/wp-json\/wp\/v2\/product_brand?post=2692"},{"taxonomy":"product_cat","embeddable":true,"href":"https:\/\/www.regionalis.shop\/ricardart\/wp-json\/wp\/v2\/product_cat?post=2692"},{"taxonomy":"product_tag","embeddable":true,"href":"https:\/\/www.regionalis.shop\/ricardart\/wp-json\/wp\/v2\/product_tag?post=2692"}],"curies":[{"name":"wp","href":"https:\/\/api.w.org\/{rel}","templated":true}]}}