{"id":2700,"date":"2025-04-18T03:04:16","date_gmt":"2025-04-18T01:04:16","guid":{"rendered":"https:\/\/www.regionalis.shop\/ricardart\/product\/crystal-circle-aventurin-herzchakra\/"},"modified":"2025-04-18T03:04:16","modified_gmt":"2025-04-18T01:04:16","slug":"crystal-circle-aventurin-herzchakra","status":"publish","type":"product","link":"https:\/\/www.regionalis.shop\/ricardart\/shop\/crystal-circle-aventurin-herzchakra\/","title":{"rendered":"Crystal Circle *AVENTURIN* Herzchakra"},"content":{"rendered":"<p>Hol dir Licht &#038; positive Energie ins Haus!!!<br \/>\nDie &#8218;Crystal Circles&#8216; sind ganz besondere Sch\u00e4tze in meinem Sortiment &#038; jeder Circle ist aufgrund der individuellen Beschaffenheit der einzelnen Rohsteine absolut einzigartig &#8211; so einzigartig wie DU <\/p>\n<p>Die Crystal Circles lieben es besonders im Licht, vorallem in der Sonne oder vor Fenstern zu h\u00e4ngen. Die Prismaglaskristalle sorgen mit ihrem &#8222;Sonnenf\u00e4nger-Effekt&#8220; f\u00fcr ein angenehmes &#038; harmonisches Wohn-,&#038; Wohlgef\u00fchl<br \/>\n*Sonnenf\u00e4nger-Effekt: F\u00e4llt Licht auf ein Prisma\/ einen Prismakristall, so wird\u00a0 es gespalten &#038; in den wundersch\u00f6nen\u00a0 Farben des Regenbogens (Spektralfarben) auf deinen W\u00e4nden &#038; auf umgebenden Fl\u00e4chen reflektiert<br \/>\n***Laut Fengh Shui soll das Anbringen vorm Fenster verhindern, dass positive Energien zu schnell wieder hinaus str\u00f6men***<br \/>\nMATERIALIEN:<br \/>\n&#8211; mit nat\u00fcrlichen Edelsteinen in ihrer wundersch\u00f6nen &#038; einzigartigen Form (Aventurin)<br \/>\n&#8211; Metallreifen mit 16cm \u00e4u\u00dferem Durchmesser,<br \/>\n&#8211; vergoldete Zwischenelemente &#038;<br \/>\n&#8211; facettiert geschliffene Prismaglaskristalle zur Reflexion des Sonnenlichts <\/p>\n<p>*du bekommst deinen Circle h\u00fcbsch verpackt in handbedrucktem, recyceltem Altpapier, mit pers\u00f6nlichem Steckbrief beigelegt auf dem du die wichtigsten Infos zu deinem neuen Herzst\u00fcck nachlesen kannst <\/p>\n<p>AVENTURIN \u00a0(Herzchakra\/ An\u00e3hata)<br \/>\nOptimismus~ Mut~ Selbstbestimmung ~ Lebensfreude ~ innere Ruhe<br \/>\nWie der Amethyst ist auch der Aventurin ein wunderbarer Helfer beim Ein-&#038;, Durchschlafen, denn er schenkt dir innere Ruhe &#038; Balance. Abgeleitet wird der Name aus dem Italienischen &#8222;a ventura&#8216;, was &#8218;auf gut Gl\u00fcck&#8216; bedeutet &#8211; denn auch Mut &#038; Optimismus geh\u00f6ren zu seinen positiven Eigenschaften. Ein wohlwollender Begleiter in jeder Lebenslage<br \/>\nGeburtsstein: Mai<\/p>\n","protected":false},"excerpt":{"rendered":"<p>Hol dir Licht &#038; positive Energie ins Haus!!! Die &#8218;Crystal Circles&#8216; sind ganz besondere Sch\u00e4tze in meinem Sortiment &#038; jeder Circle ist aufgrund der individuellen Beschaffenheit der einzelnen Rohsteine absolut einzigartig &#8211; so einzigartig wie DU Die Crystal Circles lieben es besonders im Licht, vorallem in der Sonne oder vor Fenstern zu h\u00e4ngen. Die Prismaglaskristalle &hellip; <a href=\"https:\/\/www.regionalis.shop\/ricardart\/shop\/crystal-circle-aventurin-herzchakra\/\">Continued<\/a><\/p>\n","protected":false},"featured_media":2701,"template":"","meta":{"_acf_changed":false},"product_brand":[],"product_cat":[174,103],"product_tag":[],"class_list":{"0":"post-2700","1":"product","2":"type-product","3":"status-publish","4":"has-post-thumbnail","6":"product_cat-wohndekoration","7":"product_cat-wohnen-deko","9":"first","10":"instock","11":"purchasable","12":"product-type-simple"},"acf":[],"_links":{"self":[{"href":"https:\/\/www.regionalis.shop\/ricardart\/wp-json\/wp\/v2\/product\/2700","targetHints":{"allow":["GET"]}}],"collection":[{"href":"https:\/\/www.regionalis.shop\/ricardart\/wp-json\/wp\/v2\/product"}],"about":[{"href":"https:\/\/www.regionalis.shop\/ricardart\/wp-json\/wp\/v2\/types\/product"}],"wp:featuredmedia":[{"embeddable":true,"href":"https:\/\/www.regionalis.shop\/ricardart\/wp-json\/wp\/v2\/media\/2701"}],"wp:attachment":[{"href":"https:\/\/www.regionalis.shop\/ricardart\/wp-json\/wp\/v2\/media?parent=2700"}],"wp:term":[{"taxonomy":"product_brand","embeddable":true,"href":"https:\/\/www.regionalis.shop\/ricardart\/wp-json\/wp\/v2\/product_brand?post=2700"},{"taxonomy":"product_cat","embeddable":true,"href":"https:\/\/www.regionalis.shop\/ricardart\/wp-json\/wp\/v2\/product_cat?post=2700"},{"taxonomy":"product_tag","embeddable":true,"href":"https:\/\/www.regionalis.shop\/ricardart\/wp-json\/wp\/v2\/product_tag?post=2700"}],"curies":[{"name":"wp","href":"https:\/\/api.w.org\/{rel}","templated":true}]}}