{"id":2710,"date":"2025-04-18T02:59:02","date_gmt":"2025-04-18T00:59:02","guid":{"rendered":"https:\/\/www.regionalis.shop\/ricardart\/product\/aventutin-moosachat-wegbegleiter-zuversicht-lebensfreude\/"},"modified":"2025-04-18T02:59:02","modified_gmt":"2025-04-18T00:59:02","slug":"aventutin-moosachat-wegbegleiter-zuversicht-lebensfreude","status":"publish","type":"product","link":"https:\/\/www.regionalis.shop\/ricardart\/shop\/aventutin-moosachat-wegbegleiter-zuversicht-lebensfreude\/","title":{"rendered":"Aventutin\/Moosachat WEGBEGLEITER *Zuversicht &#038; Lebensfreude*"},"content":{"rendered":"<p>Aventurin: Optimismus, Selbstbestimmung, Lebensfreude, innere Ruhe<br \/>\nMoosachat: Zuversicht, Inspiration, Wandel, Naturverbundenheit<br \/>\nEin wohlwollender Begleiter, der dir treu zur Seite steht \u2661<br \/>\nMit Karabinerverschluss &#038; 5cm Gliederkettchen aus 925 Sterlingsilber, sowie nat\u00fcrlichem Aventurin &#038; Moosachat mit 6mm Durchmesser (Herzchakra zugeordnet),  4mm H\u00e4matitperlen &#038; Perlen aus tibet. Silber.<\/p>\n<p>\u300bDu bekommst deinen Schatz h\u00fcbsch verpackt in einer handbedruckten Box aus recyceltem Altpapier, mit beigelegtem Steckbrief auf dem du die wichtigsten Infos zu deinem neuen Begleiter nachlesen kannst <\/p>\n<p>AVENTURIN (Herzchakra\/ An\u00e3hata)<br \/>\nOptimismus ~ Selbstbestimmung ~ Lebensfreude ~ innere Ruhe<br \/>\nWie der Amethyst ist auch der Aventurin ein wunderbarer Helfer beim Ein-&#038;, Durchschlafen. Er soll dir die facettenreiche Sch\u00f6nheit des Lebens immer wieder vor Augen f\u00fchren und dir so zu mehr Lebensfreude &#038; Zufriedenheit verhelfen \u2661 Gr\u00fcn beruhigt au\u00dferdem auch unsere Nerven<\/p>\n<p>Moosachat\u00a0(Herzchakra\/ An\u00e3hata)<br \/>\nZuversicht- Wandel &#8211; Naturverbundenheit &#8211; Inspiration\u00a0<br \/>\nDer Moosachat ist ein wunderbarer Unterst\u00fctzer um Altes loszulassen, denn er unterst\u00fctzt uns dabei, geistige Ketten zu sprengen &#038; Anhaftungen zu l\u00f6sen.<br \/>\n\u00a0schenkt Inspiration und Zuversich<\/p>\n","protected":false},"excerpt":{"rendered":"<p>Aventurin: Optimismus, Selbstbestimmung, Lebensfreude, innere Ruhe Moosachat: Zuversicht, Inspiration, Wandel, Naturverbundenheit Ein wohlwollender Begleiter, der dir treu zur Seite steht \u2661 Mit Karabinerverschluss &#038; 5cm Gliederkettchen aus 925 Sterlingsilber, sowie nat\u00fcrlichem Aventurin &#038; Moosachat mit 6mm Durchmesser (Herzchakra zugeordnet), 4mm H\u00e4matitperlen &#038; Perlen aus tibet. Silber. \u300bDu bekommst deinen Schatz h\u00fcbsch verpackt in einer handbedruckten &hellip; <a href=\"https:\/\/www.regionalis.shop\/ricardart\/shop\/aventutin-moosachat-wegbegleiter-zuversicht-lebensfreude\/\">Continued<\/a><\/p>\n","protected":false},"featured_media":2711,"template":"","meta":{"_acf_changed":false},"product_brand":[],"product_cat":[110,70],"product_tag":[],"class_list":{"0":"post-2710","1":"product","2":"type-product","3":"status-publish","4":"has-post-thumbnail","6":"product_cat-armbaender","7":"product_cat-schmuck","9":"first","10":"instock","11":"purchasable","12":"product-type-simple"},"acf":[],"_links":{"self":[{"href":"https:\/\/www.regionalis.shop\/ricardart\/wp-json\/wp\/v2\/product\/2710","targetHints":{"allow":["GET"]}}],"collection":[{"href":"https:\/\/www.regionalis.shop\/ricardart\/wp-json\/wp\/v2\/product"}],"about":[{"href":"https:\/\/www.regionalis.shop\/ricardart\/wp-json\/wp\/v2\/types\/product"}],"wp:featuredmedia":[{"embeddable":true,"href":"https:\/\/www.regionalis.shop\/ricardart\/wp-json\/wp\/v2\/media\/2711"}],"wp:attachment":[{"href":"https:\/\/www.regionalis.shop\/ricardart\/wp-json\/wp\/v2\/media?parent=2710"}],"wp:term":[{"taxonomy":"product_brand","embeddable":true,"href":"https:\/\/www.regionalis.shop\/ricardart\/wp-json\/wp\/v2\/product_brand?post=2710"},{"taxonomy":"product_cat","embeddable":true,"href":"https:\/\/www.regionalis.shop\/ricardart\/wp-json\/wp\/v2\/product_cat?post=2710"},{"taxonomy":"product_tag","embeddable":true,"href":"https:\/\/www.regionalis.shop\/ricardart\/wp-json\/wp\/v2\/product_tag?post=2710"}],"curies":[{"name":"wp","href":"https:\/\/api.w.org\/{rel}","templated":true}]}}