{"id":2715,"date":"2025-04-18T02:57:17","date_gmt":"2025-04-18T00:57:17","guid":{"rendered":"https:\/\/www.regionalis.shop\/ricardart\/product\/amazonit-wegbegleiter-ruhe-gelassenheit-925sterlingsilber\/"},"modified":"2025-04-18T02:57:17","modified_gmt":"2025-04-18T00:57:17","slug":"amazonit-wegbegleiter-ruhe-gelassenheit-925sterlingsilber","status":"publish","type":"product","link":"https:\/\/www.regionalis.shop\/ricardart\/shop\/amazonit-wegbegleiter-ruhe-gelassenheit-925sterlingsilber\/","title":{"rendered":"AMAZONIT WEGBEGLEITER *Ruhe &#038; Gelassenheit* 925Sterlingsilber"},"content":{"rendered":"<p>Kraftvolles Armband mit AMAZONIT- dem &#8222;Anti-Stress-Stein&#8220; der Heilsteinewelt &#8211; ein unterst\u00fctzender &#038; treuer Begleiter, insbesondere in sehr fordernden &#038; stressigen Phasen.<br \/>\n&#8211; mit Karabinerverschluss aus 925 Sterlingsilber inkl. 5cm Verl\u00e4ngerungskettchen<br \/>\n&#8211; 6mm Amazonitperlen<br \/>\n&#8211; Zwischenperlen aus H\u00e4matit, Messing &#038; Silber<br \/>\nDu bekommst dein Armband liebevoll verpackt, in einer handbedruckten Box aus recyceltem Altpapier, mit beigelegtem Steckbrief, auf dem du die wichtigsten Infos zu deinem neuen Begleiter nachlesen kannst<\/p>\n<p>AMAZONIT (Halschakra\/Vi\u015buddha): Gelassenheit ~ Innere Balance &#038; Ruhe ~ Frieden<br \/>\nDER ANTI-STRESS-STEIN oder auch &#8218;\u00c4rger dich nicht Stein&#8216; unter meinen Sch\u00e4tzen \u2661\u00a0<br \/>\nBei Wut, \u00c4rger &#038; Frust unterst\u00fctzt er dich dabei deinen Weg in die Gelassenheit zur\u00fcckzufinden \u2661\u00a0<\/p>\n","protected":false},"excerpt":{"rendered":"<p>Kraftvolles Armband mit AMAZONIT- dem &#8222;Anti-Stress-Stein&#8220; der Heilsteinewelt &#8211; ein unterst\u00fctzender &#038; treuer Begleiter, insbesondere in sehr fordernden &#038; stressigen Phasen. &#8211; mit Karabinerverschluss aus 925 Sterlingsilber inkl. 5cm Verl\u00e4ngerungskettchen &#8211; 6mm Amazonitperlen &#8211; Zwischenperlen aus H\u00e4matit, Messing &#038; Silber Du bekommst dein Armband liebevoll verpackt, in einer handbedruckten Box aus recyceltem Altpapier, mit beigelegtem &hellip; <a href=\"https:\/\/www.regionalis.shop\/ricardart\/shop\/amazonit-wegbegleiter-ruhe-gelassenheit-925sterlingsilber\/\">Continued<\/a><\/p>\n","protected":false},"featured_media":2716,"template":"","meta":{"_acf_changed":false},"product_brand":[],"product_cat":[110,70],"product_tag":[],"class_list":{"0":"post-2715","1":"product","2":"type-product","3":"status-publish","4":"has-post-thumbnail","6":"product_cat-armbaender","7":"product_cat-schmuck","9":"first","10":"instock","11":"purchasable","12":"product-type-simple"},"acf":[],"_links":{"self":[{"href":"https:\/\/www.regionalis.shop\/ricardart\/wp-json\/wp\/v2\/product\/2715","targetHints":{"allow":["GET"]}}],"collection":[{"href":"https:\/\/www.regionalis.shop\/ricardart\/wp-json\/wp\/v2\/product"}],"about":[{"href":"https:\/\/www.regionalis.shop\/ricardart\/wp-json\/wp\/v2\/types\/product"}],"wp:featuredmedia":[{"embeddable":true,"href":"https:\/\/www.regionalis.shop\/ricardart\/wp-json\/wp\/v2\/media\/2716"}],"wp:attachment":[{"href":"https:\/\/www.regionalis.shop\/ricardart\/wp-json\/wp\/v2\/media?parent=2715"}],"wp:term":[{"taxonomy":"product_brand","embeddable":true,"href":"https:\/\/www.regionalis.shop\/ricardart\/wp-json\/wp\/v2\/product_brand?post=2715"},{"taxonomy":"product_cat","embeddable":true,"href":"https:\/\/www.regionalis.shop\/ricardart\/wp-json\/wp\/v2\/product_cat?post=2715"},{"taxonomy":"product_tag","embeddable":true,"href":"https:\/\/www.regionalis.shop\/ricardart\/wp-json\/wp\/v2\/product_tag?post=2715"}],"curies":[{"name":"wp","href":"https:\/\/api.w.org\/{rel}","templated":true}]}}