{"id":2719,"date":"2025-04-18T02:55:04","date_gmt":"2025-04-18T00:55:04","guid":{"rendered":"https:\/\/www.regionalis.shop\/ricardart\/product\/karneol-talisman-halskette\/"},"modified":"2025-04-18T02:55:04","modified_gmt":"2025-04-18T00:55:04","slug":"karneol-talisman-halskette","status":"publish","type":"product","link":"https:\/\/www.regionalis.shop\/ricardart\/shop\/karneol-talisman-halskette\/","title":{"rendered":"KARNEOL &#8218;Talisman&#8216; Halskette"},"content":{"rendered":"<p>Halskette aus gewachstem, sehr strapazierf\u00e4higem Makrameegarn (wasserabweisend &#038; langlebig) mit l\u00e4ngenverstellbarem Schiebeverschluss zum individuellen anpassen \u2661 <\/p>\n<p>\u300bKARNEOL\u00a0(Sakralchakra\/Sv\u00e3dhisth\u00e3na)<br \/>\nLebensfreude\u00a0 &#8211; Vitalit\u00e4t &#8211; Energie &#8211; Standfestigkeit\u00a0<br \/>\nDer Karneol mit seinen warmen sonnengelb-orange-T\u00f6nen geh\u00f6rt definitiv zu den &#8218;Energiebringern&#8216;. Vitalit\u00e4t,\u00a0 Lebenskraft &#038; Lebensfreude sind seine St\u00e4rken. M\u00f6chtest du dir selbst etwas Gutes tun, so ist der Karneol die richtige\u00a0 Wahl um positive Energien ins Leben zu rufen \u2661\u300a<\/p>\n<p>\u300bDu bekommst deinen Wegbegleiter liebevoll verpackt im Naturleinenbeutel, mit einen Steckbrief beigelegt, auf dem du die wichtigsten Infos zu Deinem Begleiter nachlesen kannst \u300a<\/p>\n","protected":false},"excerpt":{"rendered":"<p>Halskette aus gewachstem, sehr strapazierf\u00e4higem Makrameegarn (wasserabweisend &#038; langlebig) mit l\u00e4ngenverstellbarem Schiebeverschluss zum individuellen anpassen \u2661 \u300bKARNEOL\u00a0(Sakralchakra\/Sv\u00e3dhisth\u00e3na) Lebensfreude\u00a0 &#8211; Vitalit\u00e4t &#8211; Energie &#8211; Standfestigkeit\u00a0 Der Karneol mit seinen warmen sonnengelb-orange-T\u00f6nen geh\u00f6rt definitiv zu den &#8218;Energiebringern&#8216;. Vitalit\u00e4t,\u00a0 Lebenskraft &#038; Lebensfreude sind seine St\u00e4rken. M\u00f6chtest du dir selbst etwas Gutes tun, so ist der Karneol die richtige\u00a0 &hellip; <a href=\"https:\/\/www.regionalis.shop\/ricardart\/shop\/karneol-talisman-halskette\/\">Continued<\/a><\/p>\n","protected":false},"featured_media":2720,"template":"","meta":{"_acf_changed":false},"product_brand":[],"product_cat":[141,70],"product_tag":[],"class_list":{"0":"post-2719","1":"product","2":"type-product","3":"status-publish","4":"has-post-thumbnail","6":"product_cat-halsketten","7":"product_cat-schmuck","9":"first","10":"instock","11":"purchasable","12":"product-type-simple"},"acf":[],"_links":{"self":[{"href":"https:\/\/www.regionalis.shop\/ricardart\/wp-json\/wp\/v2\/product\/2719","targetHints":{"allow":["GET"]}}],"collection":[{"href":"https:\/\/www.regionalis.shop\/ricardart\/wp-json\/wp\/v2\/product"}],"about":[{"href":"https:\/\/www.regionalis.shop\/ricardart\/wp-json\/wp\/v2\/types\/product"}],"wp:featuredmedia":[{"embeddable":true,"href":"https:\/\/www.regionalis.shop\/ricardart\/wp-json\/wp\/v2\/media\/2720"}],"wp:attachment":[{"href":"https:\/\/www.regionalis.shop\/ricardart\/wp-json\/wp\/v2\/media?parent=2719"}],"wp:term":[{"taxonomy":"product_brand","embeddable":true,"href":"https:\/\/www.regionalis.shop\/ricardart\/wp-json\/wp\/v2\/product_brand?post=2719"},{"taxonomy":"product_cat","embeddable":true,"href":"https:\/\/www.regionalis.shop\/ricardart\/wp-json\/wp\/v2\/product_cat?post=2719"},{"taxonomy":"product_tag","embeddable":true,"href":"https:\/\/www.regionalis.shop\/ricardart\/wp-json\/wp\/v2\/product_tag?post=2719"}],"curies":[{"name":"wp","href":"https:\/\/api.w.org\/{rel}","templated":true}]}}