{"id":2725,"date":"2025-04-18T02:54:08","date_gmt":"2025-04-18T00:54:08","guid":{"rendered":"https:\/\/www.regionalis.shop\/ricardart\/product\/armband-berg-verliebt-petrol-silber-gold\/"},"modified":"2025-04-18T02:54:08","modified_gmt":"2025-04-18T00:54:08","slug":"armband-berg-verliebt-petrol-silber-gold","status":"publish","type":"product","link":"https:\/\/www.regionalis.shop\/ricardart\/shop\/armband-berg-verliebt-petrol-silber-gold\/","title":{"rendered":"Armband &#8218;Berg-verliebt&#8216; petrol (silber\/gold)"},"content":{"rendered":"<p>Die Armb\u00e4nder sind hergestellt aus strapazierf\u00e4higem Makrameegarn (wasserresistent) mit Verbindungsst\u00fcck aus Messing (14mm Durchmesser)<br \/>\nSie lassen sich durch ihren l\u00e4ngenverstellbaren Schiebeverschluss individuell an jedes Handgelenk anpassen.<br \/>\nPerfekt f\u00fcr alle Bergverliebte &#038;  Mountain-Junkies \u2661<\/p>\n","protected":false},"excerpt":{"rendered":"<p>Die Armb\u00e4nder sind hergestellt aus strapazierf\u00e4higem Makrameegarn (wasserresistent) mit Verbindungsst\u00fcck aus Messing (14mm Durchmesser) Sie lassen sich durch ihren l\u00e4ngenverstellbaren Schiebeverschluss individuell an jedes Handgelenk anpassen. Perfekt f\u00fcr alle Bergverliebte &#038; Mountain-Junkies \u2661<\/p>\n","protected":false},"featured_media":2726,"template":"","meta":{"_acf_changed":false},"product_brand":[],"product_cat":[110,70],"product_tag":[],"class_list":{"0":"post-2725","1":"product","2":"type-product","3":"status-publish","4":"has-post-thumbnail","6":"product_cat-armbaender","7":"product_cat-schmuck","9":"first","10":"instock","11":"purchasable","12":"product-type-simple"},"acf":[],"_links":{"self":[{"href":"https:\/\/www.regionalis.shop\/ricardart\/wp-json\/wp\/v2\/product\/2725","targetHints":{"allow":["GET"]}}],"collection":[{"href":"https:\/\/www.regionalis.shop\/ricardart\/wp-json\/wp\/v2\/product"}],"about":[{"href":"https:\/\/www.regionalis.shop\/ricardart\/wp-json\/wp\/v2\/types\/product"}],"wp:featuredmedia":[{"embeddable":true,"href":"https:\/\/www.regionalis.shop\/ricardart\/wp-json\/wp\/v2\/media\/2726"}],"wp:attachment":[{"href":"https:\/\/www.regionalis.shop\/ricardart\/wp-json\/wp\/v2\/media?parent=2725"}],"wp:term":[{"taxonomy":"product_brand","embeddable":true,"href":"https:\/\/www.regionalis.shop\/ricardart\/wp-json\/wp\/v2\/product_brand?post=2725"},{"taxonomy":"product_cat","embeddable":true,"href":"https:\/\/www.regionalis.shop\/ricardart\/wp-json\/wp\/v2\/product_cat?post=2725"},{"taxonomy":"product_tag","embeddable":true,"href":"https:\/\/www.regionalis.shop\/ricardart\/wp-json\/wp\/v2\/product_tag?post=2725"}],"curies":[{"name":"wp","href":"https:\/\/api.w.org\/{rel}","templated":true}]}}