{"id":2734,"date":"2025-04-18T02:54:08","date_gmt":"2025-04-18T00:54:08","guid":{"rendered":"https:\/\/www.regionalis.shop\/ricardart\/product\/amazonit-tuerkis-armband-18k-vergoldet\/"},"modified":"2025-04-18T02:54:08","modified_gmt":"2025-04-18T00:54:08","slug":"amazonit-tuerkis-armband-18k-vergoldet","status":"publish","type":"product","link":"https:\/\/www.regionalis.shop\/ricardart\/shop\/amazonit-tuerkis-armband-18k-vergoldet\/","title":{"rendered":"Amazonit-T\u00fcrkis Armband *18k vergoldet"},"content":{"rendered":"<p>T\u00fcrkis &#038; Amazonit ergeben zusammen einen wunderbaren &#8222;Krisenhelfer&#8220; der dir, besonders in sehr fordernden Zeiten, ein treuer &#038; unterst\u00fctzender Begleiter sein soll \u2661<br \/>\nHandgefertigt aus gewachstem Makrameegarn (wasserfest) mit nat\u00fcrlichen Amazonit &#038; T\u00fcrkisperlen (~6mm), 18k vergoldeten Kupferperlen &#038; l\u00e4ngenverstellbarem Schiebeknoten zum individuellen anpassen<\/p>\n<p>AMAZONIT \u00a0(Halschakra\/Vi\u015buddha)<br \/>\nGelassenheit ~ innere Ruhe &#038; Balance ~ Frieden<br \/>\nDer ANTI-STRESS-STEIN oder auch &#8218;\u00c4rger dich nicht Stein&#8216; genannt. Im hektischen Berufsalltag der ideale Begleiter &#038; Ruhepol. Auch bei Wut, \u00c4rger &#038; Frust unterst\u00fctzt er dich dabei deinen Weg in die Gelassenheit zur\u00fcckzufinden -> mit K\u00f6rperkontakt tragen!<br \/>\n\u00a0Sternzeichen: Skorpion<\/p>\n<p>T\u00dcRKIS (Halschakra\/ Vi\u015buddha): Kreativit\u00e4t ~ Lebensfreude ~ Lebenskraft ~ Selbstbewusstsein ~ Kommunikation ~<br \/>\nEin Wunderkind bei depressiven Phasen \u2661<\/p>\n<p>Du bekommst dein Armband liebevoll verpackt, mit pers\u00f6nlichem Steckbrief beigelegt auf dem du die wichtigsten Infos zu deinem neuen Begleiter nachlesen kannst<\/p>\n","protected":false},"excerpt":{"rendered":"<p>T\u00fcrkis &#038; Amazonit ergeben zusammen einen wunderbaren &#8222;Krisenhelfer&#8220; der dir, besonders in sehr fordernden Zeiten, ein treuer &#038; unterst\u00fctzender Begleiter sein soll \u2661 Handgefertigt aus gewachstem Makrameegarn (wasserfest) mit nat\u00fcrlichen Amazonit &#038; T\u00fcrkisperlen (~6mm), 18k vergoldeten Kupferperlen &#038; l\u00e4ngenverstellbarem Schiebeknoten zum individuellen anpassen AMAZONIT \u00a0(Halschakra\/Vi\u015buddha) Gelassenheit ~ innere Ruhe &#038; Balance ~ Frieden Der ANTI-STRESS-STEIN &hellip; <a href=\"https:\/\/www.regionalis.shop\/ricardart\/shop\/amazonit-tuerkis-armband-18k-vergoldet\/\">Continued<\/a><\/p>\n","protected":false},"featured_media":2735,"template":"","meta":{"_acf_changed":false},"product_brand":[],"product_cat":[110,70],"product_tag":[],"class_list":{"0":"post-2734","1":"product","2":"type-product","3":"status-publish","4":"has-post-thumbnail","6":"product_cat-armbaender","7":"product_cat-schmuck","9":"first","10":"instock","11":"purchasable","12":"product-type-simple"},"acf":[],"_links":{"self":[{"href":"https:\/\/www.regionalis.shop\/ricardart\/wp-json\/wp\/v2\/product\/2734","targetHints":{"allow":["GET"]}}],"collection":[{"href":"https:\/\/www.regionalis.shop\/ricardart\/wp-json\/wp\/v2\/product"}],"about":[{"href":"https:\/\/www.regionalis.shop\/ricardart\/wp-json\/wp\/v2\/types\/product"}],"wp:featuredmedia":[{"embeddable":true,"href":"https:\/\/www.regionalis.shop\/ricardart\/wp-json\/wp\/v2\/media\/2735"}],"wp:attachment":[{"href":"https:\/\/www.regionalis.shop\/ricardart\/wp-json\/wp\/v2\/media?parent=2734"}],"wp:term":[{"taxonomy":"product_brand","embeddable":true,"href":"https:\/\/www.regionalis.shop\/ricardart\/wp-json\/wp\/v2\/product_brand?post=2734"},{"taxonomy":"product_cat","embeddable":true,"href":"https:\/\/www.regionalis.shop\/ricardart\/wp-json\/wp\/v2\/product_cat?post=2734"},{"taxonomy":"product_tag","embeddable":true,"href":"https:\/\/www.regionalis.shop\/ricardart\/wp-json\/wp\/v2\/product_tag?post=2734"}],"curies":[{"name":"wp","href":"https:\/\/api.w.org\/{rel}","templated":true}]}}