{"id":2743,"date":"2025-04-18T02:53:05","date_gmt":"2025-04-18T00:53:05","guid":{"rendered":"https:\/\/www.regionalis.shop\/ricardart\/product\/chakra-sonnenfaenger-lotus-circle\/"},"modified":"2025-04-18T02:53:05","modified_gmt":"2025-04-18T00:53:05","slug":"chakra-sonnenfaenger-lotus-circle","status":"publish","type":"product","link":"https:\/\/www.regionalis.shop\/ricardart\/shop\/chakra-sonnenfaenger-lotus-circle\/","title":{"rendered":"Chakra Sonnenf\u00e4nger *LOTUS CIRCLE*"},"content":{"rendered":"<p>Hol dir Licht &#038; Energie ins Haus!!!<br \/>\nDer &#8218;Crystal Circle&#8216; mit einem Durchmesser von 15cm, liebt es besonders vor Fenstern zu h\u00e4ngen. Laut Fengh Shui soll so verhindert werden, dass positive Energie zu schnell wieder aus den Fenstern str\u00f6mt.<br \/>\nAu\u00dferdem reflektiert &#038; spaltet der Prismakristall das Sonnenlicht und sorgt so f\u00fcr ein angenehmes &#038; harmonisches Wohn-&#038; Wohlgef\u00fchl &#8211; f\u00e4llt n\u00e4mlich Licht auf den Kristall, so zeigt sich das wunderbare Farbenspektrum des Regenbogens, daher auch Regenbogenkristall genannt<br \/>\nDie Lotusbl\u00fcte aus Holz symbolisiert Weiblichkeit, Sch\u00f6nheit, Fruchtbarkeit, Weisheit &#038; Reinheit<\/p>\n","protected":false},"excerpt":{"rendered":"<p>Hol dir Licht &#038; Energie ins Haus!!! Der &#8218;Crystal Circle&#8216; mit einem Durchmesser von 15cm, liebt es besonders vor Fenstern zu h\u00e4ngen. Laut Fengh Shui soll so verhindert werden, dass positive Energie zu schnell wieder aus den Fenstern str\u00f6mt. Au\u00dferdem reflektiert &#038; spaltet der Prismakristall das Sonnenlicht und sorgt so f\u00fcr ein angenehmes &#038; harmonisches &hellip; <a href=\"https:\/\/www.regionalis.shop\/ricardart\/shop\/chakra-sonnenfaenger-lotus-circle\/\">Continued<\/a><\/p>\n","protected":false},"featured_media":2744,"template":"","meta":{"_acf_changed":false},"product_brand":[],"product_cat":[174,103],"product_tag":[],"class_list":{"0":"post-2743","1":"product","2":"type-product","3":"status-publish","4":"has-post-thumbnail","6":"product_cat-wohndekoration","7":"product_cat-wohnen-deko","9":"first","10":"instock","11":"purchasable","12":"product-type-simple"},"acf":[],"_links":{"self":[{"href":"https:\/\/www.regionalis.shop\/ricardart\/wp-json\/wp\/v2\/product\/2743","targetHints":{"allow":["GET"]}}],"collection":[{"href":"https:\/\/www.regionalis.shop\/ricardart\/wp-json\/wp\/v2\/product"}],"about":[{"href":"https:\/\/www.regionalis.shop\/ricardart\/wp-json\/wp\/v2\/types\/product"}],"wp:featuredmedia":[{"embeddable":true,"href":"https:\/\/www.regionalis.shop\/ricardart\/wp-json\/wp\/v2\/media\/2744"}],"wp:attachment":[{"href":"https:\/\/www.regionalis.shop\/ricardart\/wp-json\/wp\/v2\/media?parent=2743"}],"wp:term":[{"taxonomy":"product_brand","embeddable":true,"href":"https:\/\/www.regionalis.shop\/ricardart\/wp-json\/wp\/v2\/product_brand?post=2743"},{"taxonomy":"product_cat","embeddable":true,"href":"https:\/\/www.regionalis.shop\/ricardart\/wp-json\/wp\/v2\/product_cat?post=2743"},{"taxonomy":"product_tag","embeddable":true,"href":"https:\/\/www.regionalis.shop\/ricardart\/wp-json\/wp\/v2\/product_tag?post=2743"}],"curies":[{"name":"wp","href":"https:\/\/api.w.org\/{rel}","templated":true}]}}