{"id":2752,"date":"2025-04-18T02:50:47","date_gmt":"2025-04-18T00:50:47","guid":{"rendered":"https:\/\/www.regionalis.shop\/ricardart\/product\/rosenquarz-mondstein-ohrringe-pusteblume-rose\/"},"modified":"2025-04-18T02:50:47","modified_gmt":"2025-04-18T00:50:47","slug":"rosenquarz-mondstein-ohrringe-pusteblume-rose","status":"publish","type":"product","link":"https:\/\/www.regionalis.shop\/ricardart\/shop\/rosenquarz-mondstein-ohrringe-pusteblume-rose\/","title":{"rendered":"Rosenquarz &#8211; Mondstein Ohrringe &#8218;Pusteblume ros\u00e9&#8216;"},"content":{"rendered":"<p>Hochwertige Ohrringe mit ros\u00e9vergoldeten Edelstahlohrhaken &#038; ros\u00e9vergoldeten Pusteblumen-Pendants (2cm)<br \/>\nGesamtl\u00e4nge: ~6cm<\/p>\n<p>ROSENQUARZ (Herzchakra): Liebe &#8211; Beziehung  &#8211; Vertrauen- Harmonie<br \/>\nEr soll dabei unterst\u00fctzen unser Herz zu \u00f6ffnen um mit anderen Menschen und mit sich selbst besser in Beziehung treten zu k\u00f6nnen<br \/>\nMONDSTEIN (Sakralchakra): Intuition- Weiblichkeit- Sch\u00f6pferkraft<\/p>\n","protected":false},"excerpt":{"rendered":"<p>Hochwertige Ohrringe mit ros\u00e9vergoldeten Edelstahlohrhaken &#038; ros\u00e9vergoldeten Pusteblumen-Pendants (2cm) Gesamtl\u00e4nge: ~6cm ROSENQUARZ (Herzchakra): Liebe &#8211; Beziehung &#8211; Vertrauen- Harmonie Er soll dabei unterst\u00fctzen unser Herz zu \u00f6ffnen um mit anderen Menschen und mit sich selbst besser in Beziehung treten zu k\u00f6nnen MONDSTEIN (Sakralchakra): Intuition- Weiblichkeit- Sch\u00f6pferkraft<\/p>\n","protected":false},"featured_media":2753,"template":"","meta":{"_acf_changed":false},"product_brand":[],"product_cat":[163,70],"product_tag":[],"class_list":{"0":"post-2752","1":"product","2":"type-product","3":"status-publish","4":"has-post-thumbnail","6":"product_cat-ohrringe","7":"product_cat-schmuck","9":"first","10":"instock","11":"purchasable","12":"product-type-simple"},"acf":[],"_links":{"self":[{"href":"https:\/\/www.regionalis.shop\/ricardart\/wp-json\/wp\/v2\/product\/2752","targetHints":{"allow":["GET"]}}],"collection":[{"href":"https:\/\/www.regionalis.shop\/ricardart\/wp-json\/wp\/v2\/product"}],"about":[{"href":"https:\/\/www.regionalis.shop\/ricardart\/wp-json\/wp\/v2\/types\/product"}],"wp:featuredmedia":[{"embeddable":true,"href":"https:\/\/www.regionalis.shop\/ricardart\/wp-json\/wp\/v2\/media\/2753"}],"wp:attachment":[{"href":"https:\/\/www.regionalis.shop\/ricardart\/wp-json\/wp\/v2\/media?parent=2752"}],"wp:term":[{"taxonomy":"product_brand","embeddable":true,"href":"https:\/\/www.regionalis.shop\/ricardart\/wp-json\/wp\/v2\/product_brand?post=2752"},{"taxonomy":"product_cat","embeddable":true,"href":"https:\/\/www.regionalis.shop\/ricardart\/wp-json\/wp\/v2\/product_cat?post=2752"},{"taxonomy":"product_tag","embeddable":true,"href":"https:\/\/www.regionalis.shop\/ricardart\/wp-json\/wp\/v2\/product_tag?post=2752"}],"curies":[{"name":"wp","href":"https:\/\/api.w.org\/{rel}","templated":true}]}}