{"id":2757,"date":"2025-04-18T02:50:47","date_gmt":"2025-04-18T00:50:47","guid":{"rendered":"https:\/\/www.regionalis.shop\/ricardart\/product\/armband-squares-edelstahl\/"},"modified":"2025-04-18T02:50:47","modified_gmt":"2025-04-18T00:50:47","slug":"armband-squares-edelstahl","status":"publish","type":"product","link":"https:\/\/www.regionalis.shop\/ricardart\/shop\/armband-squares-edelstahl\/","title":{"rendered":"Armband &#8218;Squares&#8216; (Edelstahl)"},"content":{"rendered":"<p>Armband aus hochwertigem Edelstahl (nickelfrei) &#038; gewachstem Makrameegarn (strapazierf\u00e4hig &#038; wasserfest)<br \/>\nDas Armband l\u00e4sst sich durch den l\u00e4ngenverstellbaren Schiebeknoten perfekt an jedes Handgelenk anpassen.<br \/>\nDezent &#038; kaum sp\u00fcrbar &#8211; auch f\u00fcr dauerhaftes Tragen geeignet.<\/p>\n","protected":false},"excerpt":{"rendered":"<p>Armband aus hochwertigem Edelstahl (nickelfrei) &#038; gewachstem Makrameegarn (strapazierf\u00e4hig &#038; wasserfest) Das Armband l\u00e4sst sich durch den l\u00e4ngenverstellbaren Schiebeknoten perfekt an jedes Handgelenk anpassen. Dezent &#038; kaum sp\u00fcrbar &#8211; auch f\u00fcr dauerhaftes Tragen geeignet.<\/p>\n","protected":false},"featured_media":2758,"template":"","meta":{"_acf_changed":false},"product_brand":[],"product_cat":[110,70],"product_tag":[],"class_list":{"0":"post-2757","1":"product","2":"type-product","3":"status-publish","4":"has-post-thumbnail","6":"product_cat-armbaender","7":"product_cat-schmuck","9":"first","10":"instock","11":"purchasable","12":"product-type-simple"},"acf":[],"_links":{"self":[{"href":"https:\/\/www.regionalis.shop\/ricardart\/wp-json\/wp\/v2\/product\/2757","targetHints":{"allow":["GET"]}}],"collection":[{"href":"https:\/\/www.regionalis.shop\/ricardart\/wp-json\/wp\/v2\/product"}],"about":[{"href":"https:\/\/www.regionalis.shop\/ricardart\/wp-json\/wp\/v2\/types\/product"}],"wp:featuredmedia":[{"embeddable":true,"href":"https:\/\/www.regionalis.shop\/ricardart\/wp-json\/wp\/v2\/media\/2758"}],"wp:attachment":[{"href":"https:\/\/www.regionalis.shop\/ricardart\/wp-json\/wp\/v2\/media?parent=2757"}],"wp:term":[{"taxonomy":"product_brand","embeddable":true,"href":"https:\/\/www.regionalis.shop\/ricardart\/wp-json\/wp\/v2\/product_brand?post=2757"},{"taxonomy":"product_cat","embeddable":true,"href":"https:\/\/www.regionalis.shop\/ricardart\/wp-json\/wp\/v2\/product_cat?post=2757"},{"taxonomy":"product_tag","embeddable":true,"href":"https:\/\/www.regionalis.shop\/ricardart\/wp-json\/wp\/v2\/product_tag?post=2757"}],"curies":[{"name":"wp","href":"https:\/\/api.w.org\/{rel}","templated":true}]}}