{"id":2766,"date":"2025-04-18T02:48:27","date_gmt":"2025-04-18T00:48:27","guid":{"rendered":"https:\/\/www.regionalis.shop\/ricardart\/product\/aroma-geschenkbox-aromaliebe\/"},"modified":"2025-04-18T02:48:27","modified_gmt":"2025-04-18T00:48:27","slug":"aroma-geschenkbox-aromaliebe","status":"publish","type":"product","link":"https:\/\/www.regionalis.shop\/ricardart\/shop\/aroma-geschenkbox-aromaliebe\/","title":{"rendered":"Aroma Geschenkbox *Aromaliebe"},"content":{"rendered":"<p>GESCHENKESET bestehend aus:<br \/>\n&#8211; 30ml Aromaspray &#8218;Lavendel&#8216; (wahlweise Ylang-Ylang oder Sandelholz)<br \/>\n&#8211; Schl\u00fcsselanh\u00e4nger aus 100%iger Baumwolle (~ 12cm lang) in vielen verschiedenen Farben<\/p>\n<p>Ein perfektes Geschenk &#8211; ob f\u00fcr dich, oder eine\/n deiner Lieben<\/p>\n","protected":false},"excerpt":{"rendered":"<p>GESCHENKESET bestehend aus: &#8211; 30ml Aromaspray &#8218;Lavendel&#8216; (wahlweise Ylang-Ylang oder Sandelholz) &#8211; Schl\u00fcsselanh\u00e4nger aus 100%iger Baumwolle (~ 12cm lang) in vielen verschiedenen Farben Ein perfektes Geschenk &#8211; ob f\u00fcr dich, oder eine\/n deiner Lieben<\/p>\n","protected":false},"featured_media":2767,"template":"","meta":{"_acf_changed":false},"product_brand":[],"product_cat":[162,83],"product_tag":[],"class_list":{"0":"post-2766","1":"product","2":"type-product","3":"status-publish","4":"has-post-thumbnail","6":"product_cat-null","7":"product_cat-sonstiges","9":"first","10":"instock","11":"purchasable","12":"product-type-simple"},"acf":[],"_links":{"self":[{"href":"https:\/\/www.regionalis.shop\/ricardart\/wp-json\/wp\/v2\/product\/2766","targetHints":{"allow":["GET"]}}],"collection":[{"href":"https:\/\/www.regionalis.shop\/ricardart\/wp-json\/wp\/v2\/product"}],"about":[{"href":"https:\/\/www.regionalis.shop\/ricardart\/wp-json\/wp\/v2\/types\/product"}],"wp:featuredmedia":[{"embeddable":true,"href":"https:\/\/www.regionalis.shop\/ricardart\/wp-json\/wp\/v2\/media\/2767"}],"wp:attachment":[{"href":"https:\/\/www.regionalis.shop\/ricardart\/wp-json\/wp\/v2\/media?parent=2766"}],"wp:term":[{"taxonomy":"product_brand","embeddable":true,"href":"https:\/\/www.regionalis.shop\/ricardart\/wp-json\/wp\/v2\/product_brand?post=2766"},{"taxonomy":"product_cat","embeddable":true,"href":"https:\/\/www.regionalis.shop\/ricardart\/wp-json\/wp\/v2\/product_cat?post=2766"},{"taxonomy":"product_tag","embeddable":true,"href":"https:\/\/www.regionalis.shop\/ricardart\/wp-json\/wp\/v2\/product_tag?post=2766"}],"curies":[{"name":"wp","href":"https:\/\/api.w.org\/{rel}","templated":true}]}}