{"id":2775,"date":"2025-04-18T02:44:56","date_gmt":"2025-04-18T00:44:56","guid":{"rendered":"https:\/\/www.regionalis.shop\/ricardart\/product\/chakraarmband-lebenssaat-bronze\/"},"modified":"2025-04-18T02:44:56","modified_gmt":"2025-04-18T00:44:56","slug":"chakraarmband-lebenssaat-bronze","status":"publish","type":"product","link":"https:\/\/www.regionalis.shop\/ricardart\/shop\/chakraarmband-lebenssaat-bronze\/","title":{"rendered":"ChakraArmband &#8218;Lebenssaat bronze&#8216;"},"content":{"rendered":"<p>Handgefertigtes Armband mit 7 Edelsteinperlen zur Harmonisierung unserer 7 Hauptchakren. Durch den l\u00e4ngenverstellbaren Schiebeknoten l\u00e4sst es ich perfekt an jedes Handgelenk anpassen \ud83d\ude42 Das verwendete Makrameegarn ist gewachst, sehr widerstandsf\u00e4hig und darf gerne auch nass werden.<br \/>\nEin wunderbarer Wegblegleiter f\u00fcr jeden Tag,<br \/>\nob f\u00fcr dich oder eine\/n deiner Lieben \u2661<\/p>\n","protected":false},"excerpt":{"rendered":"<p>Handgefertigtes Armband mit 7 Edelsteinperlen zur Harmonisierung unserer 7 Hauptchakren. Durch den l\u00e4ngenverstellbaren Schiebeknoten l\u00e4sst es ich perfekt an jedes Handgelenk anpassen \ud83d\ude42 Das verwendete Makrameegarn ist gewachst, sehr widerstandsf\u00e4hig und darf gerne auch nass werden. Ein wunderbarer Wegblegleiter f\u00fcr jeden Tag, ob f\u00fcr dich oder eine\/n deiner Lieben \u2661<\/p>\n","protected":false},"featured_media":2776,"template":"","meta":{"_acf_changed":false},"product_brand":[],"product_cat":[110,70],"product_tag":[],"class_list":{"0":"post-2775","1":"product","2":"type-product","3":"status-publish","4":"has-post-thumbnail","6":"product_cat-armbaender","7":"product_cat-schmuck","9":"first","10":"instock","11":"purchasable","12":"product-type-simple"},"acf":[],"_links":{"self":[{"href":"https:\/\/www.regionalis.shop\/ricardart\/wp-json\/wp\/v2\/product\/2775","targetHints":{"allow":["GET"]}}],"collection":[{"href":"https:\/\/www.regionalis.shop\/ricardart\/wp-json\/wp\/v2\/product"}],"about":[{"href":"https:\/\/www.regionalis.shop\/ricardart\/wp-json\/wp\/v2\/types\/product"}],"wp:featuredmedia":[{"embeddable":true,"href":"https:\/\/www.regionalis.shop\/ricardart\/wp-json\/wp\/v2\/media\/2776"}],"wp:attachment":[{"href":"https:\/\/www.regionalis.shop\/ricardart\/wp-json\/wp\/v2\/media?parent=2775"}],"wp:term":[{"taxonomy":"product_brand","embeddable":true,"href":"https:\/\/www.regionalis.shop\/ricardart\/wp-json\/wp\/v2\/product_brand?post=2775"},{"taxonomy":"product_cat","embeddable":true,"href":"https:\/\/www.regionalis.shop\/ricardart\/wp-json\/wp\/v2\/product_cat?post=2775"},{"taxonomy":"product_tag","embeddable":true,"href":"https:\/\/www.regionalis.shop\/ricardart\/wp-json\/wp\/v2\/product_tag?post=2775"}],"curies":[{"name":"wp","href":"https:\/\/api.w.org\/{rel}","templated":true}]}}