{"id":2784,"date":"2025-04-18T02:44:56","date_gmt":"2025-04-18T00:44:56","guid":{"rendered":"https:\/\/www.regionalis.shop\/ricardart\/product\/amethyst-chakraarmband-sahasrara-18k-vergoldet\/"},"modified":"2025-04-18T02:44:56","modified_gmt":"2025-04-18T00:44:56","slug":"amethyst-chakraarmband-sahasrara-18k-vergoldet","status":"publish","type":"product","link":"https:\/\/www.regionalis.shop\/ricardart\/shop\/amethyst-chakraarmband-sahasrara-18k-vergoldet\/","title":{"rendered":"Amethyst Chakraarmband *SAHASRARA 18k vergoldet"},"content":{"rendered":"<p>Zartes Amethystarmband mit 18k vergoldeten Messingperlen. Von Hand gefertigt aus strapazierf\u00e4higem Makrameegarn (wasserabweisend), mit l\u00e4ngenverstellbarem Schiebeverschluss zum individuellen anpassen<br \/>\n*Du bekommst dein Armband h\u00fcbsch verpackt im Naturleinenbeutel, mit pers\u00f6nlichem Steckbrief beigelegt, auf dem du die wichtigsten Infos zu deinem neuen Begleiter nachlesen kannst<br \/>\n*AMETHYST \u00a0(Kronenchakra\/Sahasr\u00e2ra)<br \/>\nKonzentration ~ Klarheit ~ Wahrnehmung\u00a0 ~ Ruhe<br \/>\nDer Amethyst, mit seiner wundersch\u00f6nen &#038; unverkennbar violetten Farbe ist ein wunderbarer &#8222;Lern-Stein&#8220; &#038; ideal zum Einschlafen<br \/>\nAnwendungsgebiete: bei Kopfschmerzen, Schlafproblemen oder Konzentrationsschwierigkeiten. Zur Unterst\u00fctzung in Lern-&#038; Pr\u00fcfungssituationen<br \/>\nSternzeichen: Fische<br \/>\nEin kraftvoller Wegbegleiter, ob f\u00fcr dich oder eine\/n deiner Lieben \u2661<br \/>\n*Du bekommst dein Armband liebevoll im Naturleinenbeutel verpackt, mit pers\u00f6nlichem Steckbrief beigelegt, auf dem du die wichtigsten Infos zu deinem neuen Begleiter nachlesen kannst<\/p>\n","protected":false},"excerpt":{"rendered":"<p>Zartes Amethystarmband mit 18k vergoldeten Messingperlen. Von Hand gefertigt aus strapazierf\u00e4higem Makrameegarn (wasserabweisend), mit l\u00e4ngenverstellbarem Schiebeverschluss zum individuellen anpassen *Du bekommst dein Armband h\u00fcbsch verpackt im Naturleinenbeutel, mit pers\u00f6nlichem Steckbrief beigelegt, auf dem du die wichtigsten Infos zu deinem neuen Begleiter nachlesen kannst *AMETHYST \u00a0(Kronenchakra\/Sahasr\u00e2ra) Konzentration ~ Klarheit ~ Wahrnehmung\u00a0 ~ Ruhe Der Amethyst, mit &hellip; <a href=\"https:\/\/www.regionalis.shop\/ricardart\/shop\/amethyst-chakraarmband-sahasrara-18k-vergoldet\/\">Continued<\/a><\/p>\n","protected":false},"featured_media":2785,"template":"","meta":{"_acf_changed":false},"product_brand":[],"product_cat":[110,70],"product_tag":[],"class_list":{"0":"post-2784","1":"product","2":"type-product","3":"status-publish","4":"has-post-thumbnail","6":"product_cat-armbaender","7":"product_cat-schmuck","9":"first","10":"instock","11":"purchasable","12":"product-type-simple"},"acf":[],"_links":{"self":[{"href":"https:\/\/www.regionalis.shop\/ricardart\/wp-json\/wp\/v2\/product\/2784","targetHints":{"allow":["GET"]}}],"collection":[{"href":"https:\/\/www.regionalis.shop\/ricardart\/wp-json\/wp\/v2\/product"}],"about":[{"href":"https:\/\/www.regionalis.shop\/ricardart\/wp-json\/wp\/v2\/types\/product"}],"wp:featuredmedia":[{"embeddable":true,"href":"https:\/\/www.regionalis.shop\/ricardart\/wp-json\/wp\/v2\/media\/2785"}],"wp:attachment":[{"href":"https:\/\/www.regionalis.shop\/ricardart\/wp-json\/wp\/v2\/media?parent=2784"}],"wp:term":[{"taxonomy":"product_brand","embeddable":true,"href":"https:\/\/www.regionalis.shop\/ricardart\/wp-json\/wp\/v2\/product_brand?post=2784"},{"taxonomy":"product_cat","embeddable":true,"href":"https:\/\/www.regionalis.shop\/ricardart\/wp-json\/wp\/v2\/product_cat?post=2784"},{"taxonomy":"product_tag","embeddable":true,"href":"https:\/\/www.regionalis.shop\/ricardart\/wp-json\/wp\/v2\/product_tag?post=2784"}],"curies":[{"name":"wp","href":"https:\/\/api.w.org\/{rel}","templated":true}]}}