{"id":2789,"date":"2025-04-18T02:44:56","date_gmt":"2025-04-18T00:44:56","guid":{"rendered":"https:\/\/www.regionalis.shop\/ricardart\/product\/lapislazuli-chakraarmband-ajna\/"},"modified":"2025-04-18T02:44:56","modified_gmt":"2025-04-18T00:44:56","slug":"lapislazuli-chakraarmband-ajna","status":"publish","type":"product","link":"https:\/\/www.regionalis.shop\/ricardart\/shop\/lapislazuli-chakraarmband-ajna\/","title":{"rendered":"Lapislazuli Chakraarmband &#8218;Aj\u00f1a&#8216;"},"content":{"rendered":"<p>Kraftvolles Heilsteinarmband mit nat\u00fcrlichem Lapislazuli \u2661<br \/>\nDer Lapislazuli wird unserem Stirnchakra zugeordnet, wo er seine beste Wirkung erzielt. Er steht f\u00fcr Freundschaft, Aufrichtigkeit &#038; Wahrheit.<\/p>\n<p>Das Armband l\u00e4sst sich durch den l\u00e4ngenverstellbaren Schiebeknoten sehr gut anpassen. Aus gewachstem Makrameegarn (strapazierf\u00e4hig &#038; wasserresistent)<br \/>\n~ Ein kraftvoller Wegbegleiter, ob f\u00fcr dich oder eine\/n deiner Lieben \u2661 <\/p>\n<p>\u300bDu bekommst dein Armband liebevoll im Naturleinenbeutel verpackt, mit beigelegten Steckbrief aufdem du die wichtigsten Infos zu deinem neuen Begleiter nachlesen kannst \u300a<\/p>\n","protected":false},"excerpt":{"rendered":"<p>Kraftvolles Heilsteinarmband mit nat\u00fcrlichem Lapislazuli \u2661 Der Lapislazuli wird unserem Stirnchakra zugeordnet, wo er seine beste Wirkung erzielt. Er steht f\u00fcr Freundschaft, Aufrichtigkeit &#038; Wahrheit. Das Armband l\u00e4sst sich durch den l\u00e4ngenverstellbaren Schiebeknoten sehr gut anpassen. Aus gewachstem Makrameegarn (strapazierf\u00e4hig &#038; wasserresistent) ~ Ein kraftvoller Wegbegleiter, ob f\u00fcr dich oder eine\/n deiner Lieben \u2661 \u300bDu &hellip; <a href=\"https:\/\/www.regionalis.shop\/ricardart\/shop\/lapislazuli-chakraarmband-ajna\/\">Continued<\/a><\/p>\n","protected":false},"featured_media":2790,"template":"","meta":{"_acf_changed":false},"product_brand":[],"product_cat":[110,70],"product_tag":[],"class_list":{"0":"post-2789","1":"product","2":"type-product","3":"status-publish","4":"has-post-thumbnail","6":"product_cat-armbaender","7":"product_cat-schmuck","9":"first","10":"instock","11":"purchasable","12":"product-type-simple"},"acf":[],"_links":{"self":[{"href":"https:\/\/www.regionalis.shop\/ricardart\/wp-json\/wp\/v2\/product\/2789","targetHints":{"allow":["GET"]}}],"collection":[{"href":"https:\/\/www.regionalis.shop\/ricardart\/wp-json\/wp\/v2\/product"}],"about":[{"href":"https:\/\/www.regionalis.shop\/ricardart\/wp-json\/wp\/v2\/types\/product"}],"wp:featuredmedia":[{"embeddable":true,"href":"https:\/\/www.regionalis.shop\/ricardart\/wp-json\/wp\/v2\/media\/2790"}],"wp:attachment":[{"href":"https:\/\/www.regionalis.shop\/ricardart\/wp-json\/wp\/v2\/media?parent=2789"}],"wp:term":[{"taxonomy":"product_brand","embeddable":true,"href":"https:\/\/www.regionalis.shop\/ricardart\/wp-json\/wp\/v2\/product_brand?post=2789"},{"taxonomy":"product_cat","embeddable":true,"href":"https:\/\/www.regionalis.shop\/ricardart\/wp-json\/wp\/v2\/product_cat?post=2789"},{"taxonomy":"product_tag","embeddable":true,"href":"https:\/\/www.regionalis.shop\/ricardart\/wp-json\/wp\/v2\/product_tag?post=2789"}],"curies":[{"name":"wp","href":"https:\/\/api.w.org\/{rel}","templated":true}]}}