{"id":2794,"date":"2025-04-18T02:44:56","date_gmt":"2025-04-18T00:44:56","guid":{"rendered":"https:\/\/www.regionalis.shop\/ricardart\/product\/rosenquarz-armband-fuer-dich-18k-vergoldet\/"},"modified":"2025-04-18T02:44:56","modified_gmt":"2025-04-18T00:44:56","slug":"rosenquarz-armband-fuer-dich-18k-vergoldet","status":"publish","type":"product","link":"https:\/\/www.regionalis.shop\/ricardart\/shop\/rosenquarz-armband-fuer-dich-18k-vergoldet\/","title":{"rendered":"Rosenquarz Armband *F\u00dcR DICH 18k vergoldet"},"content":{"rendered":"<p>Zartes Rosenquarzarmband auf Schmuck\u00e4rtchen aus recyceltem Altpapier.<br \/>\nDas Armband aus strapazierf\u00e4higem Makrameegarn ist wasserfest &#038; mit l\u00e4ngenverstellbarem Schiebeverschluss zum individuellen anpassen von Hand gefertigt. Mit 18k vergoldeten Messingperlen Rosenquarz ins unregelm\u00e4\u00dfiger Splitterform<br \/>\n*Du bekommst dein Schmuckst\u00fcck in einem handbedruckten Naturleinenbeutel verpackt &#038; mit pers\u00f6nlichem Steckbrief beigelegt auf dem du die wichtigsten Infos zu deinem neuen Begleiter nachlesen kannst<\/p>\n<p>ROSENQUARZ \u00a0(Herzchakra\/An\u00e3hata)<br \/>\nSinnlichkeit ~ Liebe ~ Empathie ~ Beziehung ~ Vertrauen<br \/>\nDer Rosenquarz ist ein wunderbarer &#038; f\u00fcr mich sehr wertvoller Begleiter, der mir schon durch so manche Herzenskrise geholfen hat. Ein idealer Meditationsstein (mit Hautkontakt in Herzn\u00e4he w\u00e4re perfekt) um das Herz ganz bewusst zu \u00f6ffnen &#8211; sowohl f\u00fcr dich,\u00a0 als auch f\u00fcr deine Mitmenschen &#8211; mit verschlossenem \u2661 verschlie\u00dfen sich auch die wunderbarsten Dinge des Lebens Anwendungsgebiete: positiv f\u00fcr unser Herz &#038; unseren Kreislauf, Absorption von Strahlung (am Besten nahe des Fernsehers\/Computers aufstellen)<br \/>\nSternzeichen: Stier<\/p>\n","protected":false},"excerpt":{"rendered":"<p>Zartes Rosenquarzarmband auf Schmuck\u00e4rtchen aus recyceltem Altpapier. Das Armband aus strapazierf\u00e4higem Makrameegarn ist wasserfest &#038; mit l\u00e4ngenverstellbarem Schiebeverschluss zum individuellen anpassen von Hand gefertigt. Mit 18k vergoldeten Messingperlen Rosenquarz ins unregelm\u00e4\u00dfiger Splitterform *Du bekommst dein Schmuckst\u00fcck in einem handbedruckten Naturleinenbeutel verpackt &#038; mit pers\u00f6nlichem Steckbrief beigelegt auf dem du die wichtigsten Infos zu deinem neuen &hellip; <a href=\"https:\/\/www.regionalis.shop\/ricardart\/shop\/rosenquarz-armband-fuer-dich-18k-vergoldet\/\">Continued<\/a><\/p>\n","protected":false},"featured_media":2795,"template":"","meta":{"_acf_changed":false},"product_brand":[],"product_cat":[110,70],"product_tag":[],"class_list":{"0":"post-2794","1":"product","2":"type-product","3":"status-publish","4":"has-post-thumbnail","6":"product_cat-armbaender","7":"product_cat-schmuck","9":"first","10":"instock","11":"purchasable","12":"product-type-simple"},"acf":[],"_links":{"self":[{"href":"https:\/\/www.regionalis.shop\/ricardart\/wp-json\/wp\/v2\/product\/2794","targetHints":{"allow":["GET"]}}],"collection":[{"href":"https:\/\/www.regionalis.shop\/ricardart\/wp-json\/wp\/v2\/product"}],"about":[{"href":"https:\/\/www.regionalis.shop\/ricardart\/wp-json\/wp\/v2\/types\/product"}],"wp:featuredmedia":[{"embeddable":true,"href":"https:\/\/www.regionalis.shop\/ricardart\/wp-json\/wp\/v2\/media\/2795"}],"wp:attachment":[{"href":"https:\/\/www.regionalis.shop\/ricardart\/wp-json\/wp\/v2\/media?parent=2794"}],"wp:term":[{"taxonomy":"product_brand","embeddable":true,"href":"https:\/\/www.regionalis.shop\/ricardart\/wp-json\/wp\/v2\/product_brand?post=2794"},{"taxonomy":"product_cat","embeddable":true,"href":"https:\/\/www.regionalis.shop\/ricardart\/wp-json\/wp\/v2\/product_cat?post=2794"},{"taxonomy":"product_tag","embeddable":true,"href":"https:\/\/www.regionalis.shop\/ricardart\/wp-json\/wp\/v2\/product_tag?post=2794"}],"curies":[{"name":"wp","href":"https:\/\/api.w.org\/{rel}","templated":true}]}}