{"id":2799,"date":"2025-04-18T02:43:47","date_gmt":"2025-04-18T00:43:47","guid":{"rendered":"https:\/\/www.regionalis.shop\/ricardart\/product\/bergkristall-chakraarmband-sahasrara\/"},"modified":"2025-04-18T02:43:47","modified_gmt":"2025-04-18T00:43:47","slug":"bergkristall-chakraarmband-sahasrara","status":"publish","type":"product","link":"https:\/\/www.regionalis.shop\/ricardart\/shop\/bergkristall-chakraarmband-sahasrara\/","title":{"rendered":"Bergkristall Chakraarmband &#8218;Sahasrara&#8216;"},"content":{"rendered":"<p>Zartes Armband aus wasserfestem Makrameegarn, mit nat\u00fcrlichem Bergkristall, 18k vergoldeten Kupferperlen &#038; l\u00e4ngenverstellbarem Schiebeverschluss zum individuellen anpassen <\/p>\n<p>BERGKRISTALL \u00a0(Kronenchakra\/Sahasr\u00e3ra)<br \/>\nKlarheit ~ Intuition ~ Geisteskraft ~ Erkenntnis\u00a0 ~ Konzentration<br \/>\nDer Bergkristall geh\u00f6rt zu den Quarzen &#038; ist einer der wichtigsten &#038; st\u00e4rksten Heilsteine \u00fcberhaupt. Er verhilft uns zu innerer Klarheit &#038; geistiger Reife und ist uns ein wertvoller Begleiter am Weg zu sich Selbst. Er wird au\u00dferdem zur Aufladung anderer Edelsteine verwendet &#038; sollte auch selbst regelm\u00e4\u00dfig gereinigt\/ ge-\/entladen werden.<br \/>\n(Sternzeichen: Steinbock)<\/p>\n<p>Du bekommst dein Armband in einem h\u00fcbschen Naturleinenbeutel verpackt, mit pers\u00f6nlichem Steckbrief beigelegt, auf dem du die wichtigsten Infos zu Deinem neuen Begleiter nachlesen kannst <<<\n<\/p>\n","protected":false},"excerpt":{"rendered":"<p>Zartes Armband aus wasserfestem Makrameegarn, mit nat\u00fcrlichem Bergkristall, 18k vergoldeten Kupferperlen &#038; l\u00e4ngenverstellbarem Schiebeverschluss zum individuellen anpassen BERGKRISTALL \u00a0(Kronenchakra\/Sahasr\u00e3ra) Klarheit ~ Intuition ~ Geisteskraft ~ Erkenntnis\u00a0 ~ Konzentration Der Bergkristall geh\u00f6rt zu den Quarzen &#038; ist einer der wichtigsten &#038; st\u00e4rksten Heilsteine \u00fcberhaupt. Er verhilft uns zu innerer Klarheit &#038; geistiger Reife und ist uns &hellip; <a href=\"https:\/\/www.regionalis.shop\/ricardart\/shop\/bergkristall-chakraarmband-sahasrara\/\">Continued<\/a><\/p>\n","protected":false},"featured_media":2800,"template":"","meta":{"_acf_changed":false},"product_brand":[],"product_cat":[110,70],"product_tag":[],"class_list":{"0":"post-2799","1":"product","2":"type-product","3":"status-publish","4":"has-post-thumbnail","6":"product_cat-armbaender","7":"product_cat-schmuck","9":"first","10":"instock","11":"purchasable","12":"product-type-simple"},"acf":[],"_links":{"self":[{"href":"https:\/\/www.regionalis.shop\/ricardart\/wp-json\/wp\/v2\/product\/2799","targetHints":{"allow":["GET"]}}],"collection":[{"href":"https:\/\/www.regionalis.shop\/ricardart\/wp-json\/wp\/v2\/product"}],"about":[{"href":"https:\/\/www.regionalis.shop\/ricardart\/wp-json\/wp\/v2\/types\/product"}],"wp:featuredmedia":[{"embeddable":true,"href":"https:\/\/www.regionalis.shop\/ricardart\/wp-json\/wp\/v2\/media\/2800"}],"wp:attachment":[{"href":"https:\/\/www.regionalis.shop\/ricardart\/wp-json\/wp\/v2\/media?parent=2799"}],"wp:term":[{"taxonomy":"product_brand","embeddable":true,"href":"https:\/\/www.regionalis.shop\/ricardart\/wp-json\/wp\/v2\/product_brand?post=2799"},{"taxonomy":"product_cat","embeddable":true,"href":"https:\/\/www.regionalis.shop\/ricardart\/wp-json\/wp\/v2\/product_cat?post=2799"},{"taxonomy":"product_tag","embeddable":true,"href":"https:\/\/www.regionalis.shop\/ricardart\/wp-json\/wp\/v2\/product_tag?post=2799"}],"curies":[{"name":"wp","href":"https:\/\/api.w.org\/{rel}","templated":true}]}}