{"id":2803,"date":"2025-04-18T02:43:47","date_gmt":"2025-04-18T00:43:47","guid":{"rendered":"https:\/\/www.regionalis.shop\/ricardart\/product\/wunschkristall-armband\/"},"modified":"2025-04-18T02:43:47","modified_gmt":"2025-04-18T00:43:47","slug":"wunschkristall-armband","status":"publish","type":"product","link":"https:\/\/www.regionalis.shop\/ricardart\/shop\/wunschkristall-armband\/","title":{"rendered":"Wunschkristall-Armband"},"content":{"rendered":"<p>Das Wunschkristallarmband soll dich darin st\u00e4rken, deinen Tr\u00e4umen und Zielen n\u00e4her zu kommen &#038; sie mit Hilfe des Armbands zu manifestieren &#038; zu visualisieren<br \/>\nDenke daf\u00fcr beim Anlegen des Armbands ganz fest an deinen Wunsch\/ dein Ziel , wenn es von alleine abf\u00e4llt, so sagt man, solltest du deinem Ziel schon etwas n\u00e4her sein\/es erreicht haben<br \/>\n&#8222;Put the bracelet arround your wrist, close your eyes and make a wish&#8220;<br \/>\nEine nette M\u00f6glichkeit seine Ziele &#038; Tr\u00e4ume zu visualisieren und sich darin zu best\u00e4rken<br \/>\nMaterial: gewachstes Makrameegarn (strapazierf\u00e4hig &#038; wasserabweisend), nat\u00fcrliche Edelsteinkristalle in ihrer individuellen &#038; wundersch\u00f6nen Form (Bergkristall\/Amethyst\/Rosenquarz\/Karneol\/Citrin\/Amazonit\/Fluorit\/Granat\/ Erdbeerquarz\/Mondstein\/Labradorit)<br \/>\nDu bekommst dein Armband liebevoll &#038; umweltfreundlich verpackt, mit beigelegtem Steckbrief, auf dem du die wichtigsten Infos zu deinem neuen Begleiter nachlesen kannst.<\/p>\n","protected":false},"excerpt":{"rendered":"<p>Das Wunschkristallarmband soll dich darin st\u00e4rken, deinen Tr\u00e4umen und Zielen n\u00e4her zu kommen &#038; sie mit Hilfe des Armbands zu manifestieren &#038; zu visualisieren Denke daf\u00fcr beim Anlegen des Armbands ganz fest an deinen Wunsch\/ dein Ziel , wenn es von alleine abf\u00e4llt, so sagt man, solltest du deinem Ziel schon etwas n\u00e4her sein\/es erreicht &hellip; <a href=\"https:\/\/www.regionalis.shop\/ricardart\/shop\/wunschkristall-armband\/\">Continued<\/a><\/p>\n","protected":false},"featured_media":2804,"template":"","meta":{"_acf_changed":false},"product_brand":[],"product_cat":[110,70],"product_tag":[],"class_list":{"0":"post-2803","1":"product","2":"type-product","3":"status-publish","4":"has-post-thumbnail","6":"product_cat-armbaender","7":"product_cat-schmuck","9":"first","10":"instock","11":"purchasable","12":"product-type-simple"},"acf":[],"_links":{"self":[{"href":"https:\/\/www.regionalis.shop\/ricardart\/wp-json\/wp\/v2\/product\/2803","targetHints":{"allow":["GET"]}}],"collection":[{"href":"https:\/\/www.regionalis.shop\/ricardart\/wp-json\/wp\/v2\/product"}],"about":[{"href":"https:\/\/www.regionalis.shop\/ricardart\/wp-json\/wp\/v2\/types\/product"}],"wp:featuredmedia":[{"embeddable":true,"href":"https:\/\/www.regionalis.shop\/ricardart\/wp-json\/wp\/v2\/media\/2804"}],"wp:attachment":[{"href":"https:\/\/www.regionalis.shop\/ricardart\/wp-json\/wp\/v2\/media?parent=2803"}],"wp:term":[{"taxonomy":"product_brand","embeddable":true,"href":"https:\/\/www.regionalis.shop\/ricardart\/wp-json\/wp\/v2\/product_brand?post=2803"},{"taxonomy":"product_cat","embeddable":true,"href":"https:\/\/www.regionalis.shop\/ricardart\/wp-json\/wp\/v2\/product_cat?post=2803"},{"taxonomy":"product_tag","embeddable":true,"href":"https:\/\/www.regionalis.shop\/ricardart\/wp-json\/wp\/v2\/product_tag?post=2803"}],"curies":[{"name":"wp","href":"https:\/\/api.w.org\/{rel}","templated":true}]}}