{"id":2808,"date":"2025-04-18T02:43:21","date_gmt":"2025-04-18T00:43:21","guid":{"rendered":"https:\/\/www.regionalis.shop\/ricardart\/product\/karneol-armband-svadhisthana\/"},"modified":"2025-04-18T02:43:21","modified_gmt":"2025-04-18T00:43:21","slug":"karneol-armband-svadhisthana","status":"publish","type":"product","link":"https:\/\/www.regionalis.shop\/ricardart\/shop\/karneol-armband-svadhisthana\/","title":{"rendered":"Karneol Armband &#8218;Sv\u00e3dhisth\u00e3na&#8216;"},"content":{"rendered":"<p>KARNEOL\u00a0(Sakralchakra\/Sv\u00e3dhisth\u00e3na)<br \/>\nLebensfreude\u00a0 &#8211; Vitalit\u00e4t &#8211; Energie &#8211; Standfestigkeit: Der Karneol mit seinen warmen sonnengelb-orange-T\u00f6nen geh\u00f6rt definitiv zu den &#8218;Energiebringern&#8216;. Vitalit\u00e4t,\u00a0 Lebenskraft &#038; Lebensfreude sind seine St\u00e4rken. M\u00f6chtest du dir selbst etwas Gutes tun, so ist der Karneol die richtige\u00a0 Wahl um positive Energien ins Leben zu rufen \u2661<br \/>\nArmband:<br \/>\nAus gewachstem Makrameegarn (strapazierf\u00e4hig &#038; wasserresistent) mit l\u00e4ngenverstellbarem Schiebeknoten &#8211;  l\u00e4sst sich perfekt an jedes Handgelenk anpassen<br \/>\nEin wunderbarer Wegblegleiter f\u00fcr jeden Tag\u2661<\/p>\n","protected":false},"excerpt":{"rendered":"<p>KARNEOL\u00a0(Sakralchakra\/Sv\u00e3dhisth\u00e3na) Lebensfreude\u00a0 &#8211; Vitalit\u00e4t &#8211; Energie &#8211; Standfestigkeit: Der Karneol mit seinen warmen sonnengelb-orange-T\u00f6nen geh\u00f6rt definitiv zu den &#8218;Energiebringern&#8216;. Vitalit\u00e4t,\u00a0 Lebenskraft &#038; Lebensfreude sind seine St\u00e4rken. M\u00f6chtest du dir selbst etwas Gutes tun, so ist der Karneol die richtige\u00a0 Wahl um positive Energien ins Leben zu rufen \u2661 Armband: Aus gewachstem Makrameegarn (strapazierf\u00e4hig &#038; wasserresistent) &hellip; <a href=\"https:\/\/www.regionalis.shop\/ricardart\/shop\/karneol-armband-svadhisthana\/\">Continued<\/a><\/p>\n","protected":false},"featured_media":2809,"template":"","meta":{"_acf_changed":false},"product_brand":[],"product_cat":[110,70],"product_tag":[],"class_list":{"0":"post-2808","1":"product","2":"type-product","3":"status-publish","4":"has-post-thumbnail","6":"product_cat-armbaender","7":"product_cat-schmuck","9":"first","10":"instock","11":"purchasable","12":"product-type-simple"},"acf":[],"_links":{"self":[{"href":"https:\/\/www.regionalis.shop\/ricardart\/wp-json\/wp\/v2\/product\/2808","targetHints":{"allow":["GET"]}}],"collection":[{"href":"https:\/\/www.regionalis.shop\/ricardart\/wp-json\/wp\/v2\/product"}],"about":[{"href":"https:\/\/www.regionalis.shop\/ricardart\/wp-json\/wp\/v2\/types\/product"}],"wp:featuredmedia":[{"embeddable":true,"href":"https:\/\/www.regionalis.shop\/ricardart\/wp-json\/wp\/v2\/media\/2809"}],"wp:attachment":[{"href":"https:\/\/www.regionalis.shop\/ricardart\/wp-json\/wp\/v2\/media?parent=2808"}],"wp:term":[{"taxonomy":"product_brand","embeddable":true,"href":"https:\/\/www.regionalis.shop\/ricardart\/wp-json\/wp\/v2\/product_brand?post=2808"},{"taxonomy":"product_cat","embeddable":true,"href":"https:\/\/www.regionalis.shop\/ricardart\/wp-json\/wp\/v2\/product_cat?post=2808"},{"taxonomy":"product_tag","embeddable":true,"href":"https:\/\/www.regionalis.shop\/ricardart\/wp-json\/wp\/v2\/product_tag?post=2808"}],"curies":[{"name":"wp","href":"https:\/\/api.w.org\/{rel}","templated":true}]}}