{"id":2813,"date":"2025-04-18T02:43:21","date_gmt":"2025-04-18T00:43:21","guid":{"rendered":"https:\/\/www.regionalis.shop\/ricardart\/product\/makrameebaeumchen-tricolor\/"},"modified":"2025-04-18T02:43:21","modified_gmt":"2025-04-18T00:43:21","slug":"makrameebaeumchen-tricolor","status":"publish","type":"product","link":"https:\/\/www.regionalis.shop\/ricardart\/shop\/makrameebaeumchen-tricolor\/","title":{"rendered":"MAKRAMEEB\u00c4UMCHEN *tricolor*"},"content":{"rendered":"<p>Ein h\u00fcbsches Wohnaccessoire f\u00fcr jeden Ort deiner Wahl  ob vorm Fenster oder an der Wand,  am Autospiegel oder \u00fcberm Kinderbett&#8230;das B\u00e4umchen findet seinen perfekten Platz  Im Winter ideal als Weihnachtsdeko &#038; Christbaumschmuck<br \/>\nLebensbaum aus Holz (5cm) mit Holzperlen best\u00fcckt und mit Makrameegarn aus 100%iger Baumwolle umkn\u00fcpft<br \/>\nGesamtl\u00e4nge (ohne Schlaufe ab der 1.Perle) ~12cm<\/p>\n","protected":false},"excerpt":{"rendered":"<p>Ein h\u00fcbsches Wohnaccessoire f\u00fcr jeden Ort deiner Wahl ob vorm Fenster oder an der Wand, am Autospiegel oder \u00fcberm Kinderbett&#8230;das B\u00e4umchen findet seinen perfekten Platz Im Winter ideal als Weihnachtsdeko &#038; Christbaumschmuck Lebensbaum aus Holz (5cm) mit Holzperlen best\u00fcckt und mit Makrameegarn aus 100%iger Baumwolle umkn\u00fcpft Gesamtl\u00e4nge (ohne Schlaufe ab der 1.Perle) ~12cm<\/p>\n","protected":false},"featured_media":2814,"template":"","meta":{"_acf_changed":false},"product_brand":[],"product_cat":[173,103],"product_tag":[],"class_list":{"0":"post-2813","1":"product","2":"type-product","3":"status-publish","4":"has-post-thumbnail","6":"product_cat-weihnachten","7":"product_cat-wohnen-deko","9":"first","10":"instock","11":"purchasable","12":"product-type-simple"},"acf":[],"_links":{"self":[{"href":"https:\/\/www.regionalis.shop\/ricardart\/wp-json\/wp\/v2\/product\/2813","targetHints":{"allow":["GET"]}}],"collection":[{"href":"https:\/\/www.regionalis.shop\/ricardart\/wp-json\/wp\/v2\/product"}],"about":[{"href":"https:\/\/www.regionalis.shop\/ricardart\/wp-json\/wp\/v2\/types\/product"}],"wp:featuredmedia":[{"embeddable":true,"href":"https:\/\/www.regionalis.shop\/ricardart\/wp-json\/wp\/v2\/media\/2814"}],"wp:attachment":[{"href":"https:\/\/www.regionalis.shop\/ricardart\/wp-json\/wp\/v2\/media?parent=2813"}],"wp:term":[{"taxonomy":"product_brand","embeddable":true,"href":"https:\/\/www.regionalis.shop\/ricardart\/wp-json\/wp\/v2\/product_brand?post=2813"},{"taxonomy":"product_cat","embeddable":true,"href":"https:\/\/www.regionalis.shop\/ricardart\/wp-json\/wp\/v2\/product_cat?post=2813"},{"taxonomy":"product_tag","embeddable":true,"href":"https:\/\/www.regionalis.shop\/ricardart\/wp-json\/wp\/v2\/product_tag?post=2813"}],"curies":[{"name":"wp","href":"https:\/\/api.w.org\/{rel}","templated":true}]}}