{"id":2818,"date":"2025-04-18T02:42:49","date_gmt":"2025-04-18T00:42:49","guid":{"rendered":"https:\/\/www.regionalis.shop\/ricardart\/product\/lotus-sonnenfaenger-mit-chakrasteinen-regenbogenkristall\/"},"modified":"2025-04-18T02:42:49","modified_gmt":"2025-04-18T00:42:49","slug":"lotus-sonnenfaenger-mit-chakrasteinen-regenbogenkristall","status":"publish","type":"product","link":"https:\/\/www.regionalis.shop\/ricardart\/shop\/lotus-sonnenfaenger-mit-chakrasteinen-regenbogenkristall\/","title":{"rendered":"Lotus &#8211; Sonnenf\u00e4nger mit Chakrasteinen &#038; Regenbogenkristall"},"content":{"rendered":"<p>Hol dir Licht &#038; Harmonie ins Haus!!!<br \/>\nDer Sonnenf\u00e4nger liebt es besonders vor Fenstern zu h\u00e4ngen. Laut Fengh Shui soll so verhindert werden, dass positive Energien zu schnell aus den Fenstern str\u00f6men. Die Lotusbl\u00fcte ( Symbol f\u00fcr Weiblichkeit, Weisheit &#038; Reinheit)  ist aus Holz und mit einer Lebensblume eingraviert. Der Suncatcher beinhaltet 7 nat\u00fcrliche Edelsteinperlen (f\u00fcr unsere 7 Hauptchakren) und einen facettierten Glaskristall, zur Aufspaltung &#038; Reflexion der Sonnenstrahlen  F\u00e4llt Licht auf den Kristall, so zeigt sich das wunderbare Farbenspektrum des Regenbogens<br \/>\nEine Bereicherung f\u00fcr jeden Raum<br \/>\nGesamtl\u00e4nge ca. 17cm<\/p>\n","protected":false},"excerpt":{"rendered":"<p>Hol dir Licht &#038; Harmonie ins Haus!!! Der Sonnenf\u00e4nger liebt es besonders vor Fenstern zu h\u00e4ngen. Laut Fengh Shui soll so verhindert werden, dass positive Energien zu schnell aus den Fenstern str\u00f6men. Die Lotusbl\u00fcte ( Symbol f\u00fcr Weiblichkeit, Weisheit &#038; Reinheit) ist aus Holz und mit einer Lebensblume eingraviert. Der Suncatcher beinhaltet 7 nat\u00fcrliche Edelsteinperlen &hellip; <a href=\"https:\/\/www.regionalis.shop\/ricardart\/shop\/lotus-sonnenfaenger-mit-chakrasteinen-regenbogenkristall\/\">Continued<\/a><\/p>\n","protected":false},"featured_media":2819,"template":"","meta":{"_acf_changed":false},"product_brand":[],"product_cat":[174,103],"product_tag":[],"class_list":{"0":"post-2818","1":"product","2":"type-product","3":"status-publish","4":"has-post-thumbnail","6":"product_cat-wohndekoration","7":"product_cat-wohnen-deko","9":"first","10":"instock","11":"purchasable","12":"product-type-simple"},"acf":[],"_links":{"self":[{"href":"https:\/\/www.regionalis.shop\/ricardart\/wp-json\/wp\/v2\/product\/2818","targetHints":{"allow":["GET"]}}],"collection":[{"href":"https:\/\/www.regionalis.shop\/ricardart\/wp-json\/wp\/v2\/product"}],"about":[{"href":"https:\/\/www.regionalis.shop\/ricardart\/wp-json\/wp\/v2\/types\/product"}],"wp:featuredmedia":[{"embeddable":true,"href":"https:\/\/www.regionalis.shop\/ricardart\/wp-json\/wp\/v2\/media\/2819"}],"wp:attachment":[{"href":"https:\/\/www.regionalis.shop\/ricardart\/wp-json\/wp\/v2\/media?parent=2818"}],"wp:term":[{"taxonomy":"product_brand","embeddable":true,"href":"https:\/\/www.regionalis.shop\/ricardart\/wp-json\/wp\/v2\/product_brand?post=2818"},{"taxonomy":"product_cat","embeddable":true,"href":"https:\/\/www.regionalis.shop\/ricardart\/wp-json\/wp\/v2\/product_cat?post=2818"},{"taxonomy":"product_tag","embeddable":true,"href":"https:\/\/www.regionalis.shop\/ricardart\/wp-json\/wp\/v2\/product_tag?post=2818"}],"curies":[{"name":"wp","href":"https:\/\/api.w.org\/{rel}","templated":true}]}}