{"id":2822,"date":"2025-04-18T02:42:49","date_gmt":"2025-04-18T00:42:49","guid":{"rendered":"https:\/\/www.regionalis.shop\/ricardart\/product\/citrin-chakraarmband-manipura\/"},"modified":"2025-04-18T02:42:49","modified_gmt":"2025-04-18T00:42:49","slug":"citrin-chakraarmband-manipura","status":"publish","type":"product","link":"https:\/\/www.regionalis.shop\/ricardart\/shop\/citrin-chakraarmband-manipura\/","title":{"rendered":"Citrin Chakraarmband *MANIP\u016aRA"},"content":{"rendered":"<p>CITRIN: unserem Solarplexuschakra zugeordnet. Steht f\u00fcr Lebensenergie &#038; Lebensfreude und wird bei Depressionen, Kummer &#038; Stress angewendet.<\/p>\n<p>Armband:<br \/>\nAus gewachstem, wasserfestem Makrameegarn, mit 18k vergoldeten Kupferperlen, nat\u00fcrlichem Citrin &#038; l\u00e4ngenverstellbarem Schiebeverschluss zum individuellen anpassen.<br \/>\n* Du bekommst dein Armband in einem h\u00fcbschen Naturleinenbeutel verpackt mit pers\u00f6nlichem Steckbrief beigelegt, auf dem du die wichtigsten Infos zu deinem neuen Begleiter nachlesen kannst <\/p>\n<p>CITRIN (Solarplexuschakra\/ Manip\u016bra)<br \/>\nLebensfreude ~ Energie ~ Lebensmut ~<br \/>\nEin Powerstein &#038; Energiespender \u2661\u00a0<br \/>\nDer Citrin bringt deine inneres Licht zum Strahlen \u2661 Er schenkt dir Lebensfreude und ist ein wahrer Sonnenspender<\/p>\n","protected":false},"excerpt":{"rendered":"<p>CITRIN: unserem Solarplexuschakra zugeordnet. Steht f\u00fcr Lebensenergie &#038; Lebensfreude und wird bei Depressionen, Kummer &#038; Stress angewendet. Armband: Aus gewachstem, wasserfestem Makrameegarn, mit 18k vergoldeten Kupferperlen, nat\u00fcrlichem Citrin &#038; l\u00e4ngenverstellbarem Schiebeverschluss zum individuellen anpassen. * Du bekommst dein Armband in einem h\u00fcbschen Naturleinenbeutel verpackt mit pers\u00f6nlichem Steckbrief beigelegt, auf dem du die wichtigsten Infos zu &hellip; <a href=\"https:\/\/www.regionalis.shop\/ricardart\/shop\/citrin-chakraarmband-manipura\/\">Continued<\/a><\/p>\n","protected":false},"featured_media":2823,"template":"","meta":{"_acf_changed":false},"product_brand":[],"product_cat":[110,70],"product_tag":[],"class_list":{"0":"post-2822","1":"product","2":"type-product","3":"status-publish","4":"has-post-thumbnail","6":"product_cat-armbaender","7":"product_cat-schmuck","9":"first","10":"instock","11":"purchasable","12":"product-type-simple"},"acf":[],"_links":{"self":[{"href":"https:\/\/www.regionalis.shop\/ricardart\/wp-json\/wp\/v2\/product\/2822","targetHints":{"allow":["GET"]}}],"collection":[{"href":"https:\/\/www.regionalis.shop\/ricardart\/wp-json\/wp\/v2\/product"}],"about":[{"href":"https:\/\/www.regionalis.shop\/ricardart\/wp-json\/wp\/v2\/types\/product"}],"wp:featuredmedia":[{"embeddable":true,"href":"https:\/\/www.regionalis.shop\/ricardart\/wp-json\/wp\/v2\/media\/2823"}],"wp:attachment":[{"href":"https:\/\/www.regionalis.shop\/ricardart\/wp-json\/wp\/v2\/media?parent=2822"}],"wp:term":[{"taxonomy":"product_brand","embeddable":true,"href":"https:\/\/www.regionalis.shop\/ricardart\/wp-json\/wp\/v2\/product_brand?post=2822"},{"taxonomy":"product_cat","embeddable":true,"href":"https:\/\/www.regionalis.shop\/ricardart\/wp-json\/wp\/v2\/product_cat?post=2822"},{"taxonomy":"product_tag","embeddable":true,"href":"https:\/\/www.regionalis.shop\/ricardart\/wp-json\/wp\/v2\/product_tag?post=2822"}],"curies":[{"name":"wp","href":"https:\/\/api.w.org\/{rel}","templated":true}]}}