{"id":2830,"date":"2025-04-18T02:34:14","date_gmt":"2025-04-18T00:34:14","guid":{"rendered":"https:\/\/www.regionalis.shop\/ricardart\/product\/ohrringe-ethno-color-karneolkoralle\/"},"modified":"2025-04-18T02:34:14","modified_gmt":"2025-04-18T00:34:14","slug":"ohrringe-ethno-color-karneolkoralle","status":"publish","type":"product","link":"https:\/\/www.regionalis.shop\/ricardart\/shop\/ohrringe-ethno-color-karneolkoralle\/","title":{"rendered":"Ohrringe *ETHNO COLOR* Karneol&#038;Koralle"},"content":{"rendered":"<p>Einzigartiger Ohrschmuck im bunten Azteken- Design. Die<br \/>\nOhrhaken aus vergoldetem Edelstahl sind nickelfrei &#038; auch f\u00fcr sensible Ohren geeignet.  Hopps aus vergoldetem Messing (40mm Durchmesser) mit roter Koralle in unregelm\u00e4\u00dfiger Splitterform &#038; orangen Karneolperlen mit ca. 4mm Durchmesser<br \/>\n*du bekommst deine Ohrringe h\u00fcbsch verpackt in einer handbedruckten Schmuckbox aus recyceltem Altpapier<\/p>\n","protected":false},"excerpt":{"rendered":"<p>Einzigartiger Ohrschmuck im bunten Azteken- Design. Die Ohrhaken aus vergoldetem Edelstahl sind nickelfrei &#038; auch f\u00fcr sensible Ohren geeignet. Hopps aus vergoldetem Messing (40mm Durchmesser) mit roter Koralle in unregelm\u00e4\u00dfiger Splitterform &#038; orangen Karneolperlen mit ca. 4mm Durchmesser *du bekommst deine Ohrringe h\u00fcbsch verpackt in einer handbedruckten Schmuckbox aus recyceltem Altpapier<\/p>\n","protected":false},"featured_media":2831,"template":"","meta":{"_acf_changed":false},"product_brand":[],"product_cat":[163,70],"product_tag":[],"class_list":{"0":"post-2830","1":"product","2":"type-product","3":"status-publish","4":"has-post-thumbnail","6":"product_cat-ohrringe","7":"product_cat-schmuck","9":"first","10":"instock","11":"purchasable","12":"product-type-simple"},"acf":[],"_links":{"self":[{"href":"https:\/\/www.regionalis.shop\/ricardart\/wp-json\/wp\/v2\/product\/2830","targetHints":{"allow":["GET"]}}],"collection":[{"href":"https:\/\/www.regionalis.shop\/ricardart\/wp-json\/wp\/v2\/product"}],"about":[{"href":"https:\/\/www.regionalis.shop\/ricardart\/wp-json\/wp\/v2\/types\/product"}],"wp:featuredmedia":[{"embeddable":true,"href":"https:\/\/www.regionalis.shop\/ricardart\/wp-json\/wp\/v2\/media\/2831"}],"wp:attachment":[{"href":"https:\/\/www.regionalis.shop\/ricardart\/wp-json\/wp\/v2\/media?parent=2830"}],"wp:term":[{"taxonomy":"product_brand","embeddable":true,"href":"https:\/\/www.regionalis.shop\/ricardart\/wp-json\/wp\/v2\/product_brand?post=2830"},{"taxonomy":"product_cat","embeddable":true,"href":"https:\/\/www.regionalis.shop\/ricardart\/wp-json\/wp\/v2\/product_cat?post=2830"},{"taxonomy":"product_tag","embeddable":true,"href":"https:\/\/www.regionalis.shop\/ricardart\/wp-json\/wp\/v2\/product_tag?post=2830"}],"curies":[{"name":"wp","href":"https:\/\/api.w.org\/{rel}","templated":true}]}}