{"id":2838,"date":"2025-04-18T02:29:04","date_gmt":"2025-04-18T00:29:04","guid":{"rendered":"https:\/\/www.regionalis.shop\/ricardart\/product\/kauri-wickelarmband-schwarz-rot\/"},"modified":"2025-04-18T02:29:04","modified_gmt":"2025-04-18T00:29:04","slug":"kauri-wickelarmband-schwarz-rot","status":"publish","type":"product","link":"https:\/\/www.regionalis.shop\/ricardart\/shop\/kauri-wickelarmband-schwarz-rot\/","title":{"rendered":"KAURI Wickelarmband  *schwarz\/rot"},"content":{"rendered":"<p>Extralange Makrameeb\u00e4nder (mind.60cm) f\u00fcr Hand &#038; Fu\u00df aus widerstandsf\u00e4higem, gewachstem Makrameegarn (wahlweise mit l\u00e4ngenverstellbarem Schiebeknoten) mit Holz-&#038; Messingperlen best\u00fcckt<\/p>\n","protected":false},"excerpt":{"rendered":"<p>Extralange Makrameeb\u00e4nder (mind.60cm) f\u00fcr Hand &#038; Fu\u00df aus widerstandsf\u00e4higem, gewachstem Makrameegarn (wahlweise mit l\u00e4ngenverstellbarem Schiebeknoten) mit Holz-&#038; Messingperlen best\u00fcckt<\/p>\n","protected":false},"featured_media":2839,"template":"","meta":{"_acf_changed":false},"product_brand":[],"product_cat":[110,70],"product_tag":[],"class_list":{"0":"post-2838","1":"product","2":"type-product","3":"status-publish","4":"has-post-thumbnail","6":"product_cat-armbaender","7":"product_cat-schmuck","9":"first","10":"instock","11":"purchasable","12":"product-type-simple"},"acf":[],"_links":{"self":[{"href":"https:\/\/www.regionalis.shop\/ricardart\/wp-json\/wp\/v2\/product\/2838","targetHints":{"allow":["GET"]}}],"collection":[{"href":"https:\/\/www.regionalis.shop\/ricardart\/wp-json\/wp\/v2\/product"}],"about":[{"href":"https:\/\/www.regionalis.shop\/ricardart\/wp-json\/wp\/v2\/types\/product"}],"wp:featuredmedia":[{"embeddable":true,"href":"https:\/\/www.regionalis.shop\/ricardart\/wp-json\/wp\/v2\/media\/2839"}],"wp:attachment":[{"href":"https:\/\/www.regionalis.shop\/ricardart\/wp-json\/wp\/v2\/media?parent=2838"}],"wp:term":[{"taxonomy":"product_brand","embeddable":true,"href":"https:\/\/www.regionalis.shop\/ricardart\/wp-json\/wp\/v2\/product_brand?post=2838"},{"taxonomy":"product_cat","embeddable":true,"href":"https:\/\/www.regionalis.shop\/ricardart\/wp-json\/wp\/v2\/product_cat?post=2838"},{"taxonomy":"product_tag","embeddable":true,"href":"https:\/\/www.regionalis.shop\/ricardart\/wp-json\/wp\/v2\/product_tag?post=2838"}],"curies":[{"name":"wp","href":"https:\/\/api.w.org\/{rel}","templated":true}]}}