{"id":2842,"date":"2025-04-18T02:22:54","date_gmt":"2025-04-18T00:22:54","guid":{"rendered":"https:\/\/www.regionalis.shop\/ricardart\/product\/dream-well-bio-kissenspray\/"},"modified":"2025-04-18T02:22:54","modified_gmt":"2025-04-18T00:22:54","slug":"dream-well-bio-kissenspray","status":"publish","type":"product","link":"https:\/\/www.regionalis.shop\/ricardart\/shop\/dream-well-bio-kissenspray\/","title":{"rendered":"*DREAM WELL* Bio-Kissenspray"},"content":{"rendered":"<p>30ml Aromaspray f\u00fcr besseres Einschlafen, mehr Entspannung &#038; innere Ruhe<br \/>\nIdeal f\u00fcr Schlafr\u00e4ume, Orte der Entspannung oder als Kissenspray.<br \/>\nInhaltsstoffe: destillierted Wasser, Ethanol (Alkohol), naturreine \u00e4therische BIO-\u00d6le (Lavendel, Orange)<br \/>\nVOR GEBRAUCH GUT SCH\u00dcTTELN!!!<\/p>\n","protected":false},"excerpt":{"rendered":"<p>30ml Aromaspray f\u00fcr besseres Einschlafen, mehr Entspannung &#038; innere Ruhe Ideal f\u00fcr Schlafr\u00e4ume, Orte der Entspannung oder als Kissenspray. Inhaltsstoffe: destillierted Wasser, Ethanol (Alkohol), naturreine \u00e4therische BIO-\u00d6le (Lavendel, Orange) VOR GEBRAUCH GUT SCH\u00dcTTELN!!!<\/p>\n","protected":false},"featured_media":2843,"template":"","meta":{"_acf_changed":false},"product_brand":[],"product_cat":[162,83],"product_tag":[],"class_list":{"0":"post-2842","1":"product","2":"type-product","3":"status-publish","4":"has-post-thumbnail","6":"product_cat-null","7":"product_cat-sonstiges","9":"first","10":"instock","11":"purchasable","12":"product-type-simple"},"acf":[],"_links":{"self":[{"href":"https:\/\/www.regionalis.shop\/ricardart\/wp-json\/wp\/v2\/product\/2842","targetHints":{"allow":["GET"]}}],"collection":[{"href":"https:\/\/www.regionalis.shop\/ricardart\/wp-json\/wp\/v2\/product"}],"about":[{"href":"https:\/\/www.regionalis.shop\/ricardart\/wp-json\/wp\/v2\/types\/product"}],"wp:featuredmedia":[{"embeddable":true,"href":"https:\/\/www.regionalis.shop\/ricardart\/wp-json\/wp\/v2\/media\/2843"}],"wp:attachment":[{"href":"https:\/\/www.regionalis.shop\/ricardart\/wp-json\/wp\/v2\/media?parent=2842"}],"wp:term":[{"taxonomy":"product_brand","embeddable":true,"href":"https:\/\/www.regionalis.shop\/ricardart\/wp-json\/wp\/v2\/product_brand?post=2842"},{"taxonomy":"product_cat","embeddable":true,"href":"https:\/\/www.regionalis.shop\/ricardart\/wp-json\/wp\/v2\/product_cat?post=2842"},{"taxonomy":"product_tag","embeddable":true,"href":"https:\/\/www.regionalis.shop\/ricardart\/wp-json\/wp\/v2\/product_tag?post=2842"}],"curies":[{"name":"wp","href":"https:\/\/api.w.org\/{rel}","templated":true}]}}