{"id":2845,"date":"2025-04-18T02:22:54","date_gmt":"2025-04-18T00:22:54","guid":{"rendered":"https:\/\/www.regionalis.shop\/ricardart\/product\/wohlfuehl-aromaspray-be-happy\/"},"modified":"2025-04-18T02:22:54","modified_gmt":"2025-04-18T00:22:54","slug":"wohlfuehl-aromaspray-be-happy","status":"publish","type":"product","link":"https:\/\/www.regionalis.shop\/ricardart\/shop\/wohlfuehl-aromaspray-be-happy\/","title":{"rendered":"Wohlf\u00fchl Aromaspray &#8218;be happy&#8216;"},"content":{"rendered":"<p>Wohltuende &#038; stimulierende D\u00fcfte zur positiven Beeinflussung deines Wohlbefindens, deiner Lebensfreude &#038; Vitalit\u00e4t \u2661 30ml<br \/>\nDie Essenz verschiedener Zitrusfr\u00fcchte in Kombination mit Lemongras, Vanille &#038; Nelken ergeben einen wunderbar vitalisierenden Duft, der deine Energiereserven wecken &#038; deinen Geist beleben soll \u2661<br \/>\nInhaltsstoffe: destilliertes Wasser, BIOEthanol (Alkohol), naturreine \u00e4therische BIO-\u00d6le<br \/>\nVOR GEBRAUCH GUT SCH\u00dcTTELN!!!<\/p>\n","protected":false},"excerpt":{"rendered":"<p>Wohltuende &#038; stimulierende D\u00fcfte zur positiven Beeinflussung deines Wohlbefindens, deiner Lebensfreude &#038; Vitalit\u00e4t \u2661 30ml Die Essenz verschiedener Zitrusfr\u00fcchte in Kombination mit Lemongras, Vanille &#038; Nelken ergeben einen wunderbar vitalisierenden Duft, der deine Energiereserven wecken &#038; deinen Geist beleben soll \u2661 Inhaltsstoffe: destilliertes Wasser, BIOEthanol (Alkohol), naturreine \u00e4therische BIO-\u00d6le VOR GEBRAUCH GUT SCH\u00dcTTELN!!!<\/p>\n","protected":false},"featured_media":2846,"template":"","meta":{"_acf_changed":false},"product_brand":[],"product_cat":[111,41],"product_tag":[],"class_list":{"0":"post-2845","1":"product","2":"type-product","3":"status-publish","4":"has-post-thumbnail","6":"product_cat-aromasprays-duftoele","7":"product_cat-freizeit-lifestyle","9":"first","10":"instock","11":"purchasable","12":"product-type-simple"},"acf":[],"_links":{"self":[{"href":"https:\/\/www.regionalis.shop\/ricardart\/wp-json\/wp\/v2\/product\/2845","targetHints":{"allow":["GET"]}}],"collection":[{"href":"https:\/\/www.regionalis.shop\/ricardart\/wp-json\/wp\/v2\/product"}],"about":[{"href":"https:\/\/www.regionalis.shop\/ricardart\/wp-json\/wp\/v2\/types\/product"}],"wp:featuredmedia":[{"embeddable":true,"href":"https:\/\/www.regionalis.shop\/ricardart\/wp-json\/wp\/v2\/media\/2846"}],"wp:attachment":[{"href":"https:\/\/www.regionalis.shop\/ricardart\/wp-json\/wp\/v2\/media?parent=2845"}],"wp:term":[{"taxonomy":"product_brand","embeddable":true,"href":"https:\/\/www.regionalis.shop\/ricardart\/wp-json\/wp\/v2\/product_brand?post=2845"},{"taxonomy":"product_cat","embeddable":true,"href":"https:\/\/www.regionalis.shop\/ricardart\/wp-json\/wp\/v2\/product_cat?post=2845"},{"taxonomy":"product_tag","embeddable":true,"href":"https:\/\/www.regionalis.shop\/ricardart\/wp-json\/wp\/v2\/product_tag?post=2845"}],"curies":[{"name":"wp","href":"https:\/\/api.w.org\/{rel}","templated":true}]}}